{"id":10813,"date":"2025-05-19T10:45:55","date_gmt":"2025-05-19T08:45:55","guid":{"rendered":"https:\/\/olloatlantico.com\/?page_id=10813"},"modified":"2025-05-19T10:45:55","modified_gmt":"2025-05-19T08:45:55","slug":"antonio-ojeda","status":"publish","type":"page","link":"https:\/\/www.olloatlantico.es\/index.php\/antonio-ojeda\/","title":{"rendered":"Antonio E. Ojeda"},"content":{"rendered":"\n<figure class=\"wp-block-image size-large\"><img decoding=\"async\" src=\"https:\/\/olloatlantico.wordpress.com\/wp-content\/uploads\/2025\/05\/antonioeojeda-callegrafias01.jpg?w=1024\" alt=\"\" class=\"wp-image-10815\" \/><\/figure>\n\n\n\n<p>En el a\u00f1o 2017 me fu\u00ed a Sevilla, a unas jornadas de foto de calle. All\u00ed iba a conocer a varios fotografos y entre ellos estaba Antonio Ojeda que nos dar\u00eda una conferencia. Bien, yo ya conoc\u00eda las fotografias de Antonio, pero no a su autor. Sus fotos eran impactantes, ten\u00eda un estilo muy personal, jugaba con las geometr\u00edas y las sombras de una manera asombrosa y me atra\u00edan mucho, pero eso no fu\u00e9 lo que m\u00e1s me cautiv\u00f3 de Antonio, sino \u00e9l mismo.<\/p>\n\n\n\n<p> La persona que hac\u00eda esas fotos, era un hombre discreto, sencillo, tranquilo y muy modesto, que simplemente hac\u00eda fotos y tenia paciencia y esperaba que la composici\u00f3n fuera la que \u00e9l buscaba aunque tuviera que estar all\u00ed 3 horas o volver al d\u00eda siguiente&#8230;o tres d\u00edas m\u00e1s. Creo que fu\u00e9 lo que m\u00e1s me sorprendi\u00f3: en los tiempos que corren, donde la palabra (por no decir verborrea) y el \u00abconcepto\u00bb parecen definir la calidad de un fotografo, alli estaba \u00e9l, que no presum\u00eda de nada, tenia poco que decir, pero mucho que ense\u00f1ar. <\/p>\n\n\n\n<p>En estos a\u00f1os, ha depurado su estilo todav\u00eda m\u00e1s, ha metido otras variables, como el color y nos ha demostrado que fiel a su estilo, a su fotograf\u00eda espont\u00e1nea, sin ninguna intervenci\u00f3n por su parte, consigue incre\u00edbles composiciones, instantes que \u00e9l ha convertido en \u00fanicos y sorprendentes. A pesar de ello, para m\u00ed. la palabra que le define es: honestidad.<\/p>\n\n\n\n<div style=\"height:52px\" aria-hidden=\"true\" class=\"wp-block-spacer\"><\/div>\n\n\n\n<figure class=\"wp-block-image alignright size-large is-resized\"><img decoding=\"async\" src=\"https:\/\/olloatlantico.wordpress.com\/wp-content\/uploads\/2025\/05\/antonioeojeda-callegrafias02.jpg?w=1024\" alt=\"\" class=\"wp-image-10818\" style=\"aspect-ratio:1.5014984159602707;width:447px;height:auto\" \/><\/figure>\n\n\n\n<p style=\"font-size:clamp(16.834px, 1.052rem + ((1vw - 3.2px) * 0.716), 26px);\"><strong>El origen<\/strong><\/p>\n\n\n\n<p>Con 12 o 13 a\u00f1os, recortaba de los peri\u00f3dicos todas aquellas fotograf\u00edas que me llamaban la atenci\u00f3n, fuesen de lo que fuesen y sin mirar quien era el autor, y las pegaba en unos cuadernos de hojas blancas. Creo que ese es el origen de mi inter\u00e9s por la fotograf\u00eda.<\/p>\n\n\n\n<div style=\"height:48px\" aria-hidden=\"true\" class=\"wp-block-spacer\"><\/div>\n\n\n\n<figure class=\"wp-block-image alignleft size-large is-resized\"><img decoding=\"async\" src=\"https:\/\/olloatlantico.wordpress.com\/wp-content\/uploads\/2025\/05\/antonioeojeda-callegrafias06.jpg?w=1024\" alt=\"\" class=\"wp-image-10830\" style=\"aspect-ratio:1.501508211373031;width:431px;height:auto\" \/><\/figure>\n\n\n\n<p style=\"font-size:clamp(16.293px, 1.018rem + ((1vw - 3.2px) * 0.68), 25px);\">                                                          <strong>\u00bfQu\u00e9 significa para t\u00ed la fotograf\u00eda?<\/strong><\/p>\n\n\n\n<p><br><\/p>\n\n\n\n<p>Con el tiempo se ha convertido en una forma de ser y de estar, en una parte indisociable de mi, a trav\u00e9s de ella observo, comunico, expreso, siento&#8230; &nbsp;<\/p>\n\n\n\n<p><br><br><\/p>\n\n\n\n<figure class=\"wp-block-image alignleft size-large is-resized\"><img decoding=\"async\" src=\"https:\/\/olloatlantico.wordpress.com\/wp-content\/uploads\/2025\/05\/antonioeojeda-callegrafias03.jpg?w=1024\" alt=\"\" class=\"wp-image-10822\" style=\"aspect-ratio:1.501508211373031;width:430px;height:auto\" \/><\/figure>\n\n\n\n<p style=\"font-size:clamp(16.834px, 1.052rem + ((1vw - 3.2px) * 0.716), 26px);\"><strong>\u00bfQu\u00e9 tipo de fotos haces?<\/strong><\/p>\n\n\n\n<p>Cuando comenc\u00e9 hac\u00eda fotos de naturaleza, de paisajes, de viajes&#8230; pero desde que descubr\u00ed hace unos 12 a\u00f1os la foto de calle (streetphotography), sent\u00ed como un flechazo y es lo que hago o interpreto (respetando siempre sus normas).<\/p>\n\n\n\n<div style=\"height:100px\" aria-hidden=\"true\" class=\"wp-block-spacer\"><\/div>\n\n\n\n<figure class=\"wp-block-image alignright size-large is-resized\"><img decoding=\"async\" src=\"https:\/\/olloatlantico.wordpress.com\/wp-content\/uploads\/2025\/05\/antonioeojeda-callegrafias04.jpg?w=1024\" alt=\"\" class=\"wp-image-10825\" style=\"aspect-ratio:1.501508211373031;width:464px;height:auto\" \/><\/figure>\n\n\n\n<p style=\"font-size:clamp(16.834px, 1.052rem + ((1vw - 3.2px) * 0.716), 26px);\"><strong>\u00bfY cuales son tus referentes?<\/strong><\/p>\n\n\n\n<p class=\"has-text-align-left\">Mis influencias est\u00e1n en el cine y en la literatura. Comenc\u00e9 a ver cine muy joven, casi de ni\u00f1o, en un primer momento cine norteamericano y europeo. Directores como Truffaut, Fellini, Bergman, Dreyer, Kubrick&#8230; pero fu\u00e9 el descubrimiento de la est\u00e9tica, el ritmo, las historias, la forma de narrar del cine oriental, lo que supuso un antes y un despu\u00e9s y lo que creo que ha condicionado mi forma de mirar.<br><br><\/p>\n\n\n\n<div style=\"height:56px\" aria-hidden=\"true\" class=\"wp-block-spacer\"><\/div>\n\n\n\n<figure class=\"wp-block-image alignleft size-large is-resized\"><img decoding=\"async\" src=\"https:\/\/olloatlantico.wordpress.com\/wp-content\/uploads\/2025\/05\/antonioeojeda-callegrafias05.jpg?w=1024\" alt=\"\" class=\"wp-image-10828\" style=\"aspect-ratio:1.501508211373031;width:429px;height:auto\" \/><\/figure>\n\n\n\n<p style=\"font-size:clamp(16.834px, 1.052rem + ((1vw - 3.2px) * 0.716), 26px);\">                                                      <strong>\u00bfQu\u00e9 buscas en la fotograf\u00eda?<\/strong><\/p>\n\n\n\n<p class=\"has-text-align-left\" style=\"font-size:clamp(14px, 0.875rem + ((1vw - 3.2px) * 0.313), 18px);\">Aparte de lo que a nivel personal me pueda aportar, reinvindico la fotograf\u00eda por la fotograf\u00eda. El simple acto de fotografiar (ese momento m\u00e1gico que sientes que todo concide y obtienes la foto) sin m\u00e1s discursos, adornos ni pretenciones.<\/p>\n\n\n\n<div style=\"height:100px\" aria-hidden=\"true\" class=\"wp-block-spacer\"><\/div>\n\n\n\n<p style=\"font-size:clamp(16.834px, 1.052rem + ((1vw - 3.2px) * 0.716), 26px);\"><strong>Enferi\u00e1s<\/strong><\/p>\n\n\n\n<p style=\"font-size:clamp(14px, 0.875rem + ((1vw - 3.2px) * 0.313), 18px);\">Son fotos realizadas en las ultimos a\u00f1os en la portada de la feria de sevilla, que es como un ba\u00fal fotogr\u00e1fico sin fondo y donde la protagonista es la mujer vestida con el traje de flamenca o gitana.<\/p>\n\n\n\n<figure class=\"wp-block-gallery has-nested-images columns-default is-cropped wp-block-gallery-1 is-layout-flex wp-block-gallery-is-layout-flex\">\n<figure class=\"wp-block-image size-large\"><img decoding=\"async\" data-id=\"10833\" src=\"https:\/\/olloatlantico.wordpress.com\/wp-content\/uploads\/2025\/05\/antonioeojeda-enferias01.jpg?w=1024\" alt=\"\" class=\"wp-image-10833\" \/><\/figure>\n\n\n\n<figure class=\"wp-block-image size-large\"><img decoding=\"async\" data-id=\"10836\" src=\"https:\/\/olloatlantico.wordpress.com\/wp-content\/uploads\/2025\/05\/antonioeojeda-enferias02.jpg?w=1024\" alt=\"\" class=\"wp-image-10836\" \/><\/figure>\n\n\n\n<figure class=\"wp-block-image size-large\"><img decoding=\"async\" data-id=\"10840\" src=\"https:\/\/olloatlantico.wordpress.com\/wp-content\/uploads\/2025\/05\/antonioeojeda-enferias03.jpg?w=1024\" alt=\"\" class=\"wp-image-10840\" \/><\/figure>\n\n\n\n<figure class=\"wp-block-image size-large\"><img decoding=\"async\" data-id=\"10845\" src=\"https:\/\/olloatlantico.wordpress.com\/wp-content\/uploads\/2025\/05\/antonioeojeda-enferias04.jpg?w=1024\" alt=\"\" class=\"wp-image-10845\" \/><\/figure>\n\n\n\n<figure class=\"wp-block-image size-large\"><img decoding=\"async\" data-id=\"10839\" src=\"https:\/\/olloatlantico.wordpress.com\/wp-content\/uploads\/2025\/05\/antonioeojeda-enferias05.jpg?w=1024\" alt=\"\" class=\"wp-image-10839\" \/><\/figure>\n\n\n\n<figure class=\"wp-block-image size-large\"><img decoding=\"async\" data-id=\"10844\" src=\"https:\/\/olloatlantico.wordpress.com\/wp-content\/uploads\/2025\/05\/antonioeojeda-enferias06.jpg?w=1024\" alt=\"\" class=\"wp-image-10844\" \/><\/figure>\n\n\n\n<figure class=\"wp-block-image size-large\"><img decoding=\"async\" data-id=\"10846\" src=\"https:\/\/olloatlantico.wordpress.com\/wp-content\/uploads\/2025\/05\/antonioeojeda-enferias07.jpg?w=1024\" alt=\"\" class=\"wp-image-10846\" \/><\/figure>\n\n\n\n<figure class=\"wp-block-image size-large\"><img decoding=\"async\" data-id=\"10842\" src=\"https:\/\/olloatlantico.wordpress.com\/wp-content\/uploads\/2025\/05\/antonioeojeda-enferias08.jpg?w=1024\" alt=\"\" class=\"wp-image-10842\" \/><\/figure>\n\n\n\n<figure class=\"wp-block-image size-large\"><img decoding=\"async\" data-id=\"10843\" src=\"https:\/\/olloatlantico.wordpress.com\/wp-content\/uploads\/2025\/05\/antonioeojeda-enferias09.jpg?w=1024\" alt=\"\" class=\"wp-image-10843\" \/><\/figure>\n\n\n\n<figure class=\"wp-block-image size-large\"><img decoding=\"async\" data-id=\"10837\" src=\"https:\/\/olloatlantico.wordpress.com\/wp-content\/uploads\/2025\/05\/antonioeojeda-enferias10.jpg?w=1024\" alt=\"\" class=\"wp-image-10837\" \/><\/figure>\n\n\n\n<figure class=\"wp-block-image size-large\"><img decoding=\"async\" data-id=\"10841\" src=\"https:\/\/olloatlantico.wordpress.com\/wp-content\/uploads\/2025\/05\/antonioeojeda-enferias11.jpg?w=1024\" alt=\"\" class=\"wp-image-10841\" \/><\/figure>\n\n\n\n<figure class=\"wp-block-image size-large\"><img decoding=\"async\" data-id=\"10832\" src=\"https:\/\/olloatlantico.wordpress.com\/wp-content\/uploads\/2025\/05\/antonioeojeda-enferias12.jpg?w=1024\" alt=\"\" class=\"wp-image-10832\" \/><\/figure>\n\n\n\n<figure class=\"wp-block-image size-large\"><img decoding=\"async\" data-id=\"10834\" src=\"https:\/\/olloatlantico.wordpress.com\/wp-content\/uploads\/2025\/05\/antonioeojeda-enferias13.jpg?w=1024\" alt=\"\" class=\"wp-image-10834\" \/><\/figure>\n\n\n\n<figure class=\"wp-block-image size-large\"><img decoding=\"async\" data-id=\"10835\" src=\"https:\/\/olloatlantico.wordpress.com\/wp-content\/uploads\/2025\/05\/antonioeojeda-enferias14.jpg?w=683\" alt=\"\" class=\"wp-image-10835\" \/><\/figure>\n\n\n\n<figure class=\"wp-block-image size-large\"><img decoding=\"async\" data-id=\"10838\" src=\"https:\/\/olloatlantico.wordpress.com\/wp-content\/uploads\/2025\/05\/antonioeojeda-enferias15.jpg?w=683\" alt=\"\" class=\"wp-image-10838\" \/><\/figure>\n<\/figure>\n\n\n\n<div style=\"height:70px\" aria-hidden=\"true\" class=\"wp-block-spacer\"><\/div>\n\n\n\n<p style=\"font-size:clamp(18.434px, 1.152rem + ((1vw - 3.2px) * 0.825), 29px);\"><strong>B\u00edo<\/strong><\/p>\n\n\n\n<p>El Viso del Alcor, Sevilla, 1970<\/p>\n\n\n\n<p>Un d\u00eda comenc\u00e9 a hacer fotos y ya no he sabido ni querido parar.<\/p>\n\n\n\n<p>Algunas de esas fotos est\u00e1n recogidas en mi primer fotolibro \u00abCallegraf\u00edas\u00bb ( Editorial Samarcanda, Sevilla, noviembre 2023)<\/p>\n","protected":false},"excerpt":{"rendered":"<p>En el a\u00f1o 2017 me fu\u00ed a Sevilla, a unas jornadas de foto de calle. All\u00ed iba a conocer a varios fotografos y entre ellos estaba Antonio Ojeda que nos dar\u00eda una conferencia. Bien, yo ya conoc\u00eda las fotografias de Antonio, pero no a su autor. Sus fotos eran impactantes, ten\u00eda un estilo muy personal, [&hellip;]<\/p>\n","protected":false},"author":16,"featured_media":0,"parent":0,"menu_order":0,"comment_status":"closed","ping_status":"closed","template":"","meta":{"jetpack_post_was_ever_published":false,"footnotes":""},"class_list":["post-10813","page","type-page","status-publish","hentry"],"jetpack_sharing_enabled":true,"_links":{"self":[{"href":"https:\/\/www.olloatlantico.es\/index.php\/wp-json\/wp\/v2\/pages\/10813","targetHints":{"allow":["GET"]}}],"collection":[{"href":"https:\/\/www.olloatlantico.es\/index.php\/wp-json\/wp\/v2\/pages"}],"about":[{"href":"https:\/\/www.olloatlantico.es\/index.php\/wp-json\/wp\/v2\/types\/page"}],"author":[{"embeddable":true,"href":"https:\/\/www.olloatlantico.es\/index.php\/wp-json\/wp\/v2\/users\/16"}],"replies":[{"embeddable":true,"href":"https:\/\/www.olloatlantico.es\/index.php\/wp-json\/wp\/v2\/comments?post=10813"}],"version-history":[{"count":0,"href":"https:\/\/www.olloatlantico.es\/index.php\/wp-json\/wp\/v2\/pages\/10813\/revisions"}],"wp:attachment":[{"href":"https:\/\/www.olloatlantico.es\/index.php\/wp-json\/wp\/v2\/media?parent=10813"}],"curies":[{"name":"wp","href":"https:\/\/api.w.org\/{rel}","templated":true}]}}