{"id":11315,"date":"2025-10-05T13:12:13","date_gmt":"2025-10-05T11:12:13","guid":{"rendered":"https:\/\/olloatlantico.com\/?page_id=11315"},"modified":"2025-10-05T13:12:13","modified_gmt":"2025-10-05T11:12:13","slug":"alex-ferro","status":"publish","type":"page","link":"https:\/\/www.olloatlantico.es\/index.php\/alex-ferro\/","title":{"rendered":"Alex Ferro"},"content":{"rendered":"\n<div style=\"height:42px\" aria-hidden=\"true\" class=\"wp-block-spacer\"><\/div>\n\n\n\n<figure class=\"wp-block-image size-large\"><img decoding=\"async\" src=\"https:\/\/olloatlantico.wordpress.com\/wp-content\/uploads\/2025\/10\/mg_4918.jpg?w=800\" alt=\"\" class=\"wp-image-11343\" \/><figcaption class=\"wp-element-caption\">Vulp\u00e9culas<\/figcaption><\/figure>\n\n\n\n<p><\/p>\n\n\n\n<figure class=\"wp-block-image alignright size-large is-resized\"><img decoding=\"async\" src=\"https:\/\/olloatlantico.wordpress.com\/wp-content\/uploads\/2025\/10\/img_8918-1.jpg?w=800\" alt=\"\" class=\"wp-image-11361\" style=\"width:402px;height:auto\" \/><figcaption class=\"wp-element-caption\">Vulp\u00e9culas<\/figcaption><\/figure>\n\n\n\n<p class=\"has-text-align-left\">Hace a\u00f1os, estando yo en unas jornadas de fotograf\u00eda en la Isla San Simon, se inauguraba una exposici\u00f3n. Cuando vi las fotos, no puedo negar que me impresionaron, eran \u00abmuy ca\u00f1eras\u00bb, transgresoras&#8230;!una pasada\u00a1. Eran de un tal Alex no s\u00e9 que m\u00e1s&#8230; estaba yo deseando conocer al autor de semejante provocaci\u00f3n. Entonces entra una chica rubita, joven, muy mona, que contra todo pron\u00f3stico, result\u00f3 ser la autora. Tard\u00e9 un rato en reaccionar, por m\u00e1s que la miraba, no me lo cre\u00eda. Pero hab\u00eda conseguido lo que buscaba, provocar una reacci\u00f3n en el espectador, desafiando normas est\u00e9ticas y sociales. Desde ese d\u00eda he seguido todo su trabajo, y a d\u00eda de hoy a\u00fan no me ha defraudado. <\/p>\n\n\n\n<p class=\"has-text-align-left\">Pero juzgarlo vosotros mismos.<\/p>\n\n\n\n<div style=\"height:61px\" aria-hidden=\"true\" class=\"wp-block-spacer\"><\/div>\n\n\n\n<figure class=\"wp-block-image alignright size-large is-resized\"><img decoding=\"async\" src=\"https:\/\/olloatlantico.wordpress.com\/wp-content\/uploads\/2025\/10\/img_0543-2.jpg?w=800\" alt=\"\" class=\"wp-image-11360\" style=\"width:533px;height:auto\" \/><figcaption class=\"wp-element-caption\">Alegor\u00eda pand\u00e9mica<\/figcaption><\/figure>\n\n\n\n<p style=\"font-size:clamp(17.371px, 1.086rem + ((1vw - 3.2px) * 0.752), 27px);\"><strong>\u00bfDesde cuando te interesa la fotograf\u00eda?<\/strong><\/p>\n\n\n\n<p class=\"has-text-align-left\">Me reconozco como una persona pizpireta que funciona por impulsos desde los 8 a\u00f1os, cuando en mi primera comuni\u00f3n me regalaron una Polaroid instant\u00e1nea.<\/p>\n\n\n\n<p>A partir de ah\u00ed, mi mirada fotogr\u00e1fica me acompa\u00f1a all\u00e1 donde voy, aunque no lleve c\u00e1mara, pues creo firmemente que la Fotograf\u00eda no es un acto mec\u00e1nico, sino emocional.<\/p>\n\n\n\n<div style=\"height:78px\" aria-hidden=\"true\" class=\"wp-block-spacer\"><\/div>\n\n\n\n<p style=\"font-size:clamp(16.834px, 1.052rem + ((1vw - 3.2px) * 0.716), 26px);\"><strong>\u00bfQu\u00e9 significa para t\u00ed la fotograf\u00eda?<\/strong><\/p>\n\n\n\n<figure class=\"wp-block-image alignleft size-large is-resized\"><img decoding=\"async\" src=\"https:\/\/olloatlantico.wordpress.com\/wp-content\/uploads\/2025\/10\/mg_4743.jpg?w=800\" alt=\"\" class=\"wp-image-11346\" style=\"width:441px;height:auto\" \/><figcaption class=\"wp-element-caption\">Mama M\u00eda. Otras miradas al cancer de mama.<\/figcaption><\/figure>\n\n\n\n<p>La fotograf\u00eda es el soporte donde expreso mis emociones y mi discurso, y lo hago honestamente desde la motivaci\u00f3n, la curiosidad y la autocr\u00edtica.<\/p>\n\n\n\n<p>Un instrumento al servicio del alma, que a veces se configura como un grito, otras veces como un manifiesto y otras, como una provocaci\u00f3n.<\/p>\n\n\n\n<p>La fotograf\u00eda es una actitud ante lo que observas. Las im\u00e1genes van m\u00e1s all\u00e1 del proceso, de la c\u00e1mara, del objetivo, del software que utilices; de hecho, controlar todo eso, no facilita la comprensi\u00f3n de las im\u00e1genes. Las conclusiones corresponden siempre al espectador, porque creo que la fotograf\u00eda pertenece a quien la mira, y esa subjetividad impuesta me fascina, seduce e invita a conocer nuevas resignificaciones de mi trabajo.<\/p>\n\n\n\n<p>Esa retroalimentaci\u00f3n y exposici\u00f3n ante miradas que no es la m\u00eda propia, me resulta conmovedor y fascinante. Me hace sentir viva.<\/p>\n\n\n\n<div style=\"height:86px\" aria-hidden=\"true\" class=\"wp-block-spacer\"><\/div>\n\n\n\n<figure class=\"wp-block-image alignright size-large is-resized\"><img decoding=\"async\" src=\"https:\/\/olloatlantico.wordpress.com\/wp-content\/uploads\/2025\/10\/mg_7314.jpg?w=703\" alt=\"\" class=\"wp-image-11347\" style=\"width:357px;height:auto\" \/><figcaption class=\"wp-element-caption\">Vulp\u00e9culas<\/figcaption><\/figure>\n\n\n\n<p style=\"font-size:clamp(16.834px, 1.052rem + ((1vw - 3.2px) * 0.716), 26px);\"><strong>\u00bfQu\u00e9 fotos haces t\u00fa?<\/strong><\/p>\n\n\n\n<p class=\"has-text-align-left\">Echando la vista atr\u00e1s observo que, a\u00fan sin haberlo querido, mis im\u00e1genes tienen un hilo conductor com\u00fan: exorcizar mis demonios. &nbsp;Siempre he cre\u00eddo que la determinaci\u00f3n y el miedo no son compatibles. O te quedas quieta o te decides, a\u00fan sabiendo que no siempre hay red que pueda ampararte\u2026&nbsp; Esa es mi fotograf\u00eda.<\/p>\n\n\n\n<p class=\"has-text-align-left\">Me gusta pensar que mi trabajo es una bofetada de realidad. Que busca la complicidad frente a historias que no siempre son visibles, o s\u00ed lo son pero pasan de soslayo al no querer enfrentarnos a ellas. Me gustan las historias que me dejan sin palabras, y esas, generalmente, est\u00e1n ligadas a la superaci\u00f3n de conflictos. Im\u00e1genes que sepan captar muy bien el silencio o la intimidad.<\/p>\n\n\n\n<div style=\"height:77px\" aria-hidden=\"true\" class=\"wp-block-spacer\"><\/div>\n\n\n\n<p style=\"font-size:clamp(16.834px, 1.052rem + ((1vw - 3.2px) * 0.716), 26px);\"><strong>\u00bfY cu\u00e1les son tus referentes?<\/strong><\/p>\n\n\n\n<p class=\"has-text-align-left\">Creo firmemente en la frase \u201ctodo es interesante, desde tu propia habitaci\u00f3n\u201d, como dec\u00eda Cartier Bresson. Las historias est\u00e1n ah\u00ed, dispuestas a ser encontradas, solamente basta con tener los ojos bien abiertos; vivir con curiosidad.<\/p>\n\n\n\n<figure class=\"wp-block-image alignright size-large is-resized\"><img decoding=\"async\" src=\"https:\/\/olloatlantico.wordpress.com\/wp-content\/uploads\/2025\/10\/mamamia5.jpg?w=600\" alt=\"\" class=\"wp-image-11348\" style=\"width:313px;height:auto\" \/><figcaption class=\"wp-element-caption\">Mama M\u00eda, otras miradas al c\u00e1ncer de mama.<\/figcaption><\/figure>\n\n\n\n<p class=\"has-text-align-left\">Estamos rodeados de posos culturales: la arquitectura de nuestras calles, los conciertos de m\u00fasica a los que asistimos, la pintura renacentista que hemos conocido a trav\u00e9s de los libros escolares\u2026 Todo ello, la vida misma, me inspira, y a veces tengo la suerte de encontrar en ella historias que consigo plasmar en im\u00e1genes.<\/p>\n\n\n\n<p class=\"has-text-align-left\">En cuanto a autores, me gusta nutrirme de diferentes escuelas y estilos, aunque, sin duda, mi fot\u00f3grafo de cabecera es Helmut Newton, experto en mostrarnos una sensualidad exquisita y abrumadora.<\/p>\n\n\n\n<p class=\"has-text-align-left\">Tambi\u00e9n Joel Peter Witkin, avezado en mostrarnos universos macabros y excelsos, o Diane Arbus, quiz\u00e1 la primera mujer \u201ccronista de los freaks\u201d, que cambi\u00f3 la definici\u00f3n de la fotograf\u00eda, desafiando por completo los conceptos de belleza\u2026<\/p>\n\n\n\n<p class=\"has-text-align-left\">Actualmente, que me estoy atreviendo con el color, mi fot\u00f3grafo redescubierto es Eugenio Recuenco, el fot\u00f3grafo pictorialista por excelencia, que me impacta y maravilla en cada imagen.<\/p>\n\n\n\n<p class=\"has-text-align-left\">Pero la lista es larga\u2026 Hay muchos fot\u00f3grafos de diferentes \u00e9pocas que se han dedicado a modalidades fotogr\u00e1ficas muy variadas y cuya pasi\u00f3n, huella y estilo me interesan profundamente.<\/p>\n\n\n\n<div style=\"height:45px\" aria-hidden=\"true\" class=\"wp-block-spacer\"><\/div>\n\n\n\n<p style=\"font-size:clamp(16.834px, 1.052rem + ((1vw - 3.2px) * 0.716), 26px);\"><strong>Por \u00faltimo, \u00bfQu\u00e9 buscas en la fotograf\u00eda?<\/strong><\/p>\n\n\n\n<p>Seguir manteniendo una mezcla de paciencia, curiosidad y valent\u00eda.<\/p>\n\n\n\n<p style=\"font-size:clamp(14px, 0.875rem + ((1vw - 3.2px) * 0.313), 18px);\">Buscar nuevas direcciones, arriesgarme a romper las reglas y no tener miedo a la decepci\u00f3n.<\/p>\n\n\n\n<figure class=\"wp-block-image size-large is-resized\"><img decoding=\"async\" src=\"https:\/\/olloatlantico.wordpress.com\/wp-content\/uploads\/2025\/10\/mg_7203.jpg?w=800\" alt=\"\" class=\"wp-image-11350\" style=\"width:729px;height:auto\" \/><figcaption class=\"wp-element-caption\">Vulp\u00e9culas<\/figcaption><\/figure>\n\n\n\n<div style=\"height:70px\" aria-hidden=\"true\" class=\"wp-block-spacer\"><\/div>\n\n\n\n<p style=\"font-size:clamp(16.834px, 1.052rem + ((1vw - 3.2px) * 0.716), 26px);\"><strong>Malandanza<\/strong><\/p>\n\n\n\n<p>Malandanza es una denuncia al estado actual del arte en Espa\u00f1a, en el que han querido intervenir artistas de diferentes \u00e1mbitos (pintores, escultores, bailarines, deportistas, m\u00fasicos, etc), caracterizados bajo esa atm\u00f3sfera decadente del circo de los a\u00f1os 20, con una <strong>finalidad concreta<\/strong>: hacer alusi\u00f3n al desabrigo que sufre el arte, en todas sus disciplinas.<\/p>\n\n\n\n<figure class=\"wp-block-image size-large is-resized\"><img decoding=\"async\" src=\"https:\/\/olloatlantico.wordpress.com\/wp-content\/uploads\/2025\/10\/image.png?w=683\" alt=\"\" class=\"wp-image-11325\" style=\"width:679px;height:auto\" \/><\/figure>\n\n\n\n<figure class=\"wp-block-gallery has-nested-images columns-default is-cropped wp-block-gallery-1 is-layout-flex wp-block-gallery-is-layout-flex\">\n<figure class=\"wp-block-image size-large\"><img decoding=\"async\" data-id=\"11340\" src=\"https:\/\/olloatlantico.wordpress.com\/wp-content\/uploads\/2025\/10\/33x48.jpg?w=550\" alt=\"\" class=\"wp-image-11340\" \/><\/figure>\n\n\n\n<figure class=\"wp-block-image size-large\"><img decoding=\"async\" data-id=\"11330\" src=\"https:\/\/olloatlantico.wordpress.com\/wp-content\/uploads\/2025\/10\/235x175.jpg?w=800\" alt=\"\" class=\"wp-image-11330\" \/><\/figure>\n\n\n\n<figure class=\"wp-block-image size-large\"><img decoding=\"async\" data-id=\"11338\" src=\"https:\/\/olloatlantico.wordpress.com\/wp-content\/uploads\/2025\/10\/19x24.jpg?w=633\" alt=\"\" class=\"wp-image-11338\" \/><\/figure>\n\n\n\n<figure class=\"wp-block-image size-large\"><img decoding=\"async\" data-id=\"11331\" src=\"https:\/\/olloatlantico.wordpress.com\/wp-content\/uploads\/2025\/10\/30x42.jpg?w=571\" alt=\"\" class=\"wp-image-11331\" \/><\/figure>\n\n\n\n<figure class=\"wp-block-image size-large\"><img decoding=\"async\" data-id=\"11332\" src=\"https:\/\/olloatlantico.wordpress.com\/wp-content\/uploads\/2025\/10\/29x21.jpg?w=800\" alt=\"\" class=\"wp-image-11332\" \/><\/figure>\n\n\n\n<figure class=\"wp-block-image size-large\"><img decoding=\"async\" data-id=\"11339\" src=\"https:\/\/olloatlantico.wordpress.com\/wp-content\/uploads\/2025\/10\/34x46.jpg?w=587\" alt=\"\" class=\"wp-image-11339\" \/><\/figure>\n\n\n\n<figure class=\"wp-block-image size-large\"><img decoding=\"async\" data-id=\"11337\" src=\"https:\/\/olloatlantico.wordpress.com\/wp-content\/uploads\/2025\/10\/44x34.jpg?w=800\" alt=\"\" class=\"wp-image-11337\" \/><\/figure>\n\n\n\n<figure class=\"wp-block-image size-large\"><img decoding=\"async\" data-id=\"11342\" src=\"https:\/\/olloatlantico.wordpress.com\/wp-content\/uploads\/2025\/10\/35x255.jpg?w=800\" alt=\"\" class=\"wp-image-11342\" \/><\/figure>\n\n\n\n<figure class=\"wp-block-image size-large\"><img decoding=\"async\" data-id=\"11336\" src=\"https:\/\/olloatlantico.wordpress.com\/wp-content\/uploads\/2025\/10\/18x24.jpg?w=600\" alt=\"\" class=\"wp-image-11336\" \/><\/figure>\n\n\n\n<figure class=\"wp-block-image size-large\"><img decoding=\"async\" data-id=\"11335\" src=\"https:\/\/olloatlantico.wordpress.com\/wp-content\/uploads\/2025\/10\/51x33.jpg?w=800\" alt=\"\" class=\"wp-image-11335\" \/><\/figure>\n\n\n\n<figure class=\"wp-block-image size-large\"><img decoding=\"async\" data-id=\"11333\" src=\"https:\/\/olloatlantico.wordpress.com\/wp-content\/uploads\/2025\/10\/51x41.jpg?w=800\" alt=\"\" class=\"wp-image-11333\" \/><\/figure>\n\n\n\n<figure class=\"wp-block-image size-large\"><img decoding=\"async\" data-id=\"11341\" src=\"https:\/\/olloatlantico.wordpress.com\/wp-content\/uploads\/2025\/10\/45x67.jpg?w=537\" alt=\"\" class=\"wp-image-11341\" \/><\/figure>\n\n\n\n<figure class=\"wp-block-image size-large\"><img decoding=\"async\" data-id=\"11334\" src=\"https:\/\/olloatlantico.wordpress.com\/wp-content\/uploads\/2025\/10\/5520x8380.jpg?w=527\" alt=\"\" class=\"wp-image-11334\" \/><\/figure>\n<\/figure>\n\n\n\n<div style=\"height:68px\" aria-hidden=\"true\" class=\"wp-block-spacer\"><\/div>\n\n\n\n<p style=\"font-size:clamp(17.371px, 1.086rem + ((1vw - 3.2px) * 0.752), 27px);\"><strong>B\u00edo:<\/strong><\/p>\n\n\n\n<p>Reconocida por el car\u00e1cter transgresor y expl\u00edcito de sus im\u00e1genes, esta fot\u00f3grafa coru\u00f1esa, distinguida como \u201cFot\u00f3grafa Emergente Gallega 2015\u201d, ha dado el salto al panorama art\u00edstico internacional con su proyecto \u201cMama M\u00eda, otras miradas al c\u00e1ncer de mama\u201d, en el que explora el desaf\u00edo, el empoderamiento y la sensualidad a trav\u00e9s de una mirada optimista, y que le ha valido la Medalla de Oro de la Confederaci\u00f3n Espa\u00f1ola de Fotograf\u00eda y la presencia en publicaciones destacadas, como Dodho Magazine. Portraits of the Year 2025.<br>Instituciones prestigiosas como Photoespa\u00f1a, el Hospital Universitario Ram\u00f3n y Cajal, Fundaci\u00f3n Abanca o diferentes Museos avalan la trayectoria de esta artista, cuya obra se centra fundamentalmente en documentar historias con una narrativa visual potente y emocional, donde el cuerpo es utilizado como una herramienta de denuncia, reflexi\u00f3n y hartazgo.<br>Acostumbrada a la censura de las redes sociales por el car\u00e1cter rotundo y expreso de su obra, Alex es capaz de narrar una historia sin escribir una palabra, ofreci\u00e9ndole al espectador la opci\u00f3n de enfrentarse a sus propias cicatrices, miedos o fantas\u00edas; utilizando para ello a modelos a los que gusta de desaf\u00edar, pues piensa que siempre se puede dar m\u00e1s de lo que se ofrece aparentemente.<br>Actualmente se encuentra exhibiendo su \u00faltimo proyecto \u201cMalandanza\u201d, donde otra vez, a trav\u00e9s de una mirada incisiva y sin tapujos, subraya el desabrigo existente en el mundo del arte, bajo una est\u00e9tica circense que busca la provocaci\u00f3n, el cuestionamiento y el examen de la realidad.<br>Viajera impenitente, colabora con instituciones y revistas digitales de viajes, donde a trav\u00e9s de textos e im\u00e1genes, traslada su curiosidad y su pasi\u00f3n por la naturaleza y el descubrimiento continuo.<\/p>\n\n\n\n<figure class=\"wp-block-image size-large\"><img decoding=\"async\" src=\"https:\/\/olloatlantico.wordpress.com\/wp-content\/uploads\/2025\/10\/2-1.jpg?w=800\" alt=\"\" class=\"wp-image-11362\" \/><figcaption class=\"wp-element-caption\">Vulp\u00e9culas<\/figcaption><\/figure>\n\n\n\n<p><\/p>\n","protected":false},"excerpt":{"rendered":"<p>Hace a\u00f1os, estando yo en unas jornadas de fotograf\u00eda en la Isla San Simon, se inauguraba una exposici\u00f3n. Cuando vi las fotos, no puedo negar que me impresionaron, eran \u00abmuy ca\u00f1eras\u00bb, transgresoras&#8230;!una pasada\u00a1. Eran de un tal Alex no s\u00e9 que m\u00e1s&#8230; estaba yo deseando conocer al autor de semejante provocaci\u00f3n. Entonces entra una chica [&hellip;]<\/p>\n","protected":false},"author":16,"featured_media":0,"parent":0,"menu_order":0,"comment_status":"closed","ping_status":"closed","template":"","meta":{"jetpack_post_was_ever_published":false,"footnotes":""},"class_list":["post-11315","page","type-page","status-publish","hentry"],"jetpack_sharing_enabled":true,"_links":{"self":[{"href":"https:\/\/www.olloatlantico.es\/index.php\/wp-json\/wp\/v2\/pages\/11315","targetHints":{"allow":["GET"]}}],"collection":[{"href":"https:\/\/www.olloatlantico.es\/index.php\/wp-json\/wp\/v2\/pages"}],"about":[{"href":"https:\/\/www.olloatlantico.es\/index.php\/wp-json\/wp\/v2\/types\/page"}],"author":[{"embeddable":true,"href":"https:\/\/www.olloatlantico.es\/index.php\/wp-json\/wp\/v2\/users\/16"}],"replies":[{"embeddable":true,"href":"https:\/\/www.olloatlantico.es\/index.php\/wp-json\/wp\/v2\/comments?post=11315"}],"version-history":[{"count":0,"href":"https:\/\/www.olloatlantico.es\/index.php\/wp-json\/wp\/v2\/pages\/11315\/revisions"}],"wp:attachment":[{"href":"https:\/\/www.olloatlantico.es\/index.php\/wp-json\/wp\/v2\/media?parent=11315"}],"curies":[{"name":"wp","href":"https:\/\/api.w.org\/{rel}","templated":true}]}}