{"id":1517,"date":"2020-06-15T21:25:32","date_gmt":"2020-06-15T21:25:32","guid":{"rendered":"http:\/\/olloatlantico.com\/?page_id=1517"},"modified":"2020-06-15T21:25:32","modified_gmt":"2020-06-15T21:25:32","slug":"andrea-ratto","status":"publish","type":"page","link":"https:\/\/www.olloatlantico.es\/index.php\/andrea-ratto\/","title":{"rendered":"Andrea Ratto"},"content":{"rendered":"\n<div class=\"wp-block-group is-layout-flow wp-block-group-is-layout-flow\">\n<div class=\"wp-block-group is-layout-flow wp-block-group-is-layout-flow\">\n<p>Andrea Ratto, G\u00e9nova (Italia) 1976, vive en A Coru\u00f1a (Espa\u00f1a) desde 2005.&nbsp;<\/p>\n\n\n\n<p>Ha empezado a fotografiar cuando era un ni\u00f1o. La c\u00e1mara lo ha acompa\u00f1ado en viajes por todo el mundo y en los \u00faltimos a\u00f1os se ha sentido atra\u00eddo por la fotograf\u00eda callejera y documental.&nbsp;<\/p>\n\n\n\n<p>En 2017, recorri\u00f3 las calles de 26 pa\u00edses europeos con su c\u00e1mara en un viaje totalmente independiente. Su prop\u00f3sito era responder a dos preguntas:&nbsp;<\/p>\n\n\n\n<p>\u00bfExiste la sociedad europea en su conjunto? Y si existe, \u00bfC\u00f3mo funciona?&nbsp;<\/p>\n\n\n\n<p>En abril de 2018, complet\u00f3 un Crowdfunding en la plataforma Kickstarter para recaudar fondos para imprimir el foto-libro de este proyecto llamado \u00abEuropa\u00bb. El libro fue lanzado en septiembre de 2018 y se present\u00f3 en A Coru\u00f1a, G\u00e9nova, Madrid, Barcelona, \u200b\u200bM\u00e1laga, Santiago, Jerez de la Frontera y Palencia (en el Pallantia Photo festival 2019).&nbsp;<\/p>\n\n\n\n<p>En noviembre de 2018, inici\u00f3 un nuevo proyecto sobre gentrificaci\u00f3n en Lavapi\u00e9s (el barrio de Madrid) con la soci\u00f3loga Marta Mor\u00e1n.&nbsp;<\/p>\n\n\n\n<p>En noviembre de 2019, expuso \u00abEuropa\u00bb en Tur\u00edn, Italia (@Spazio B Librer\u00eda Bodoni).&nbsp;<\/p>\n\n\n\n<p>En enero de 2020, public\u00f3 el foto-libro \/ fanzine \u00abLavapi\u00e9s\u00bb y lo present\u00f3 en una exposici\u00f3n en A Coru\u00f1a Espa\u00f1a (@Atelier de fotograf\u00eda).&nbsp;<\/p>\n\n\n\n<p>Ha participado en varias exposiciones colectivas.&nbsp;<\/p>\n\n\n\n<p>Web: www.andrearatto.com<\/p>\n\n\n\n<p>Facebook: https:\/\/www.facebook.com\/AndreaRattoPhotography<\/p>\n\n\n\n<p>Instagram: https:\/\/www.instagram.com\/andreratto\/<\/p>\n\n\n\n<hr class=\"wp-block-separator has-css-opacity\" \/>\n<\/div>\n\n\n\n<div class=\"wp-block-jetpack-tiled-gallery aligncenter is-style-rectangular\"><div class=\"tiled-gallery__gallery\"><div class=\"tiled-gallery__row\"><div class=\"tiled-gallery__col\" style=\"flex-basis:66.16547%;\"><figure class=\"tiled-gallery__item\"><img decoding=\"async\" srcset=\"https:\/\/olloatlantico.com\/wp-content\/uploads\/2020\/06\/andrea_ratto01-3.jpg?strip=info&#038;w=600 600w,https:\/\/olloatlantico.com\/wp-content\/uploads\/2020\/06\/andrea_ratto01-3.jpg?strip=info&#038;w=900 900w,https:\/\/olloatlantico.com\/wp-content\/uploads\/2020\/06\/andrea_ratto01-3.jpg?strip=info&#038;w=1200 1200w,https:\/\/olloatlantico.com\/wp-content\/uploads\/2020\/06\/andrea_ratto01-3.jpg?strip=info&#038;w=1500 1500w\" alt=\"\" data-height=\"1002\" data-id=\"1702\" data-link=\"https:\/\/olloatlantico.com\/andrea_ratto01-3\/\" data-url=\"https:\/\/olloatlantico.com\/wp-content\/uploads\/2020\/06\/andrea_ratto01-3.jpg\" data-width=\"1500\" src=\"https:\/\/olloatlantico.com\/wp-content\/uploads\/2020\/06\/andrea_ratto01-3.jpg\" \/><\/figure><\/div><div class=\"tiled-gallery__col\" style=\"flex-basis:33.83453%;\"><figure class=\"tiled-gallery__item\"><img decoding=\"async\" srcset=\"https:\/\/olloatlantico.com\/wp-content\/uploads\/2020\/06\/andrea_ratto17-2.jpg?strip=info&#038;w=600 600w,https:\/\/olloatlantico.com\/wp-content\/uploads\/2020\/06\/andrea_ratto17-2.jpg?strip=info&#038;w=900 900w,https:\/\/olloatlantico.com\/wp-content\/uploads\/2020\/06\/andrea_ratto17-2.jpg?strip=info&#038;w=1146 1146w\" alt=\"\" data-height=\"1500\" data-id=\"1703\" data-link=\"https:\/\/olloatlantico.com\/andrea_ratto17-2\/\" data-url=\"https:\/\/olloatlantico.com\/wp-content\/uploads\/2020\/06\/andrea_ratto17-2.jpg\" data-width=\"1146\" src=\"https:\/\/olloatlantico.com\/wp-content\/uploads\/2020\/06\/andrea_ratto17-2.jpg\" \/><\/figure><\/div><\/div><div class=\"tiled-gallery__row\"><div class=\"tiled-gallery__col\" style=\"flex-basis:68.44589%;\"><figure class=\"tiled-gallery__item\"><img decoding=\"async\" srcset=\"https:\/\/olloatlantico.com\/wp-content\/uploads\/2020\/06\/andrea_ratto21-2.jpg?strip=info&#038;w=600 600w,https:\/\/olloatlantico.com\/wp-content\/uploads\/2020\/06\/andrea_ratto21-2.jpg?strip=info&#038;w=900 900w,https:\/\/olloatlantico.com\/wp-content\/uploads\/2020\/06\/andrea_ratto21-2.jpg?strip=info&#038;w=1200 1200w,https:\/\/olloatlantico.com\/wp-content\/uploads\/2020\/06\/andrea_ratto21-2.jpg?strip=info&#038;w=1500 1500w\" alt=\"\" data-height=\"1035\" data-id=\"1704\" data-link=\"https:\/\/olloatlantico.com\/andrea_ratto21-2\/\" data-url=\"https:\/\/olloatlantico.com\/wp-content\/uploads\/2020\/06\/andrea_ratto21-2.jpg\" data-width=\"1500\" src=\"https:\/\/olloatlantico.com\/wp-content\/uploads\/2020\/06\/andrea_ratto21-2.jpg\" \/><\/figure><\/div><div class=\"tiled-gallery__col\" style=\"flex-basis:31.55411%;\"><figure class=\"tiled-gallery__item\"><img decoding=\"async\" srcset=\"https:\/\/olloatlantico.com\/wp-content\/uploads\/2020\/06\/andrea_ratto23-2.jpg?strip=info&#038;w=600 600w,https:\/\/olloatlantico.com\/wp-content\/uploads\/2020\/06\/andrea_ratto23-2.jpg?strip=info&#038;w=900 900w,https:\/\/olloatlantico.com\/wp-content\/uploads\/2020\/06\/andrea_ratto23-2.jpg?strip=info&#038;w=1000 1000w\" alt=\"\" data-height=\"1500\" data-id=\"1705\" data-link=\"https:\/\/olloatlantico.com\/andrea_ratto23-2\/\" data-url=\"https:\/\/olloatlantico.com\/wp-content\/uploads\/2020\/06\/andrea_ratto23-2.jpg\" data-width=\"1000\" src=\"https:\/\/olloatlantico.com\/wp-content\/uploads\/2020\/06\/andrea_ratto23-2.jpg\" \/><\/figure><\/div><\/div><div class=\"tiled-gallery__row\"><div class=\"tiled-gallery__col\" style=\"flex-basis:67.5659%;\"><figure class=\"tiled-gallery__item\"><img decoding=\"async\" srcset=\"https:\/\/olloatlantico.com\/wp-content\/uploads\/2020\/06\/andrea_ratto37-2.jpg?strip=info&#038;w=600 600w,https:\/\/olloatlantico.com\/wp-content\/uploads\/2020\/06\/andrea_ratto37-2.jpg?strip=info&#038;w=900 900w,https:\/\/olloatlantico.com\/wp-content\/uploads\/2020\/06\/andrea_ratto37-2.jpg?strip=info&#038;w=1200 1200w,https:\/\/olloatlantico.com\/wp-content\/uploads\/2020\/06\/andrea_ratto37-2.jpg?strip=info&#038;w=1500 1500w\" alt=\"\" data-height=\"994\" data-id=\"1706\" data-link=\"https:\/\/olloatlantico.com\/andrea_ratto37-2\/\" data-url=\"https:\/\/olloatlantico.com\/wp-content\/uploads\/2020\/06\/andrea_ratto37-2.jpg\" data-width=\"1500\" src=\"https:\/\/olloatlantico.com\/wp-content\/uploads\/2020\/06\/andrea_ratto37-2.jpg\" \/><\/figure><\/div><div class=\"tiled-gallery__col\" style=\"flex-basis:32.4341%;\"><figure class=\"tiled-gallery__item\"><img decoding=\"async\" srcset=\"https:\/\/olloatlantico.com\/wp-content\/uploads\/2020\/06\/andrea_ratto42-2.jpg?strip=info&#038;w=600 600w,https:\/\/olloatlantico.com\/wp-content\/uploads\/2020\/06\/andrea_ratto42-2.jpg?strip=info&#038;w=900 900w,https:\/\/olloatlantico.com\/wp-content\/uploads\/2020\/06\/andrea_ratto42-2.jpg?strip=info&#038;w=1200 1200w,https:\/\/olloatlantico.com\/wp-content\/uploads\/2020\/06\/andrea_ratto42-2.jpg?strip=info&#038;w=1500 1500w\" alt=\"\" data-height=\"1060\" data-id=\"1707\" data-link=\"https:\/\/olloatlantico.com\/andrea_ratto42-2\/\" data-url=\"https:\/\/olloatlantico.com\/wp-content\/uploads\/2020\/06\/andrea_ratto42-2.jpg\" data-width=\"1500\" src=\"https:\/\/olloatlantico.com\/wp-content\/uploads\/2020\/06\/andrea_ratto42-2.jpg\" \/><\/figure><figure class=\"tiled-gallery__item\"><img decoding=\"async\" srcset=\"https:\/\/olloatlantico.com\/wp-content\/uploads\/2020\/06\/andrea_ratto44-2.jpg?strip=info&#038;w=600 600w,https:\/\/olloatlantico.com\/wp-content\/uploads\/2020\/06\/andrea_ratto44-2.jpg?strip=info&#038;w=900 900w,https:\/\/olloatlantico.com\/wp-content\/uploads\/2020\/06\/andrea_ratto44-2.jpg?strip=info&#038;w=1200 1200w,https:\/\/olloatlantico.com\/wp-content\/uploads\/2020\/06\/andrea_ratto44-2.jpg?strip=info&#038;w=1500 1500w\" alt=\"\" data-height=\"1000\" data-id=\"1708\" data-link=\"https:\/\/olloatlantico.com\/andrea_ratto44-2\/\" data-url=\"https:\/\/olloatlantico.com\/wp-content\/uploads\/2020\/06\/andrea_ratto44-2.jpg\" data-width=\"1500\" src=\"https:\/\/olloatlantico.com\/wp-content\/uploads\/2020\/06\/andrea_ratto44-2.jpg\" \/><\/figure><\/div><\/div><div class=\"tiled-gallery__row\"><div class=\"tiled-gallery__col\" style=\"flex-basis:100%;\"><figure class=\"tiled-gallery__item\"><img decoding=\"async\" srcset=\"https:\/\/olloatlantico.com\/wp-content\/uploads\/2020\/06\/andrea_ratto50-2.jpg?strip=info&#038;w=600 600w,https:\/\/olloatlantico.com\/wp-content\/uploads\/2020\/06\/andrea_ratto50-2.jpg?strip=info&#038;w=900 900w,https:\/\/olloatlantico.com\/wp-content\/uploads\/2020\/06\/andrea_ratto50-2.jpg?strip=info&#038;w=1200 1200w,https:\/\/olloatlantico.com\/wp-content\/uploads\/2020\/06\/andrea_ratto50-2.jpg?strip=info&#038;w=1500 1500w\" alt=\"\" data-height=\"990\" data-id=\"1709\" data-link=\"https:\/\/olloatlantico.com\/andrea_ratto50-2\/\" data-url=\"https:\/\/olloatlantico.com\/wp-content\/uploads\/2020\/06\/andrea_ratto50-2.jpg\" data-width=\"1500\" src=\"https:\/\/olloatlantico.com\/wp-content\/uploads\/2020\/06\/andrea_ratto50-2.jpg\" \/><\/figure><\/div><\/div><\/div><\/div>\n<\/div>\n\n\n\n<hr class=\"wp-block-coblocks-dynamic-separator is-style-line\" style=\"height:32px;\" \/>\n\n\n\n<p><\/p>\n","protected":false},"excerpt":{"rendered":"<p>Andrea Ratto, G\u00e9nova (Italia) 1976, vive en A Coru\u00f1a (Espa\u00f1a) desde 2005.&nbsp; Ha empezado a fotografiar cuando era un ni\u00f1o. La c\u00e1mara lo ha acompa\u00f1ado en viajes por todo el mundo y en los \u00faltimos a\u00f1os se ha sentido atra\u00eddo por la fotograf\u00eda callejera y documental.&nbsp; En 2017, recorri\u00f3 las calles de 26 pa\u00edses europeos [&hellip;]<\/p>\n","protected":false},"author":4,"featured_media":0,"parent":0,"menu_order":0,"comment_status":"closed","ping_status":"closed","template":"","meta":{"jetpack_post_was_ever_published":false,"footnotes":""},"class_list":["post-1517","page","type-page","status-publish","hentry"],"jetpack_sharing_enabled":true,"_links":{"self":[{"href":"https:\/\/www.olloatlantico.es\/index.php\/wp-json\/wp\/v2\/pages\/1517","targetHints":{"allow":["GET"]}}],"collection":[{"href":"https:\/\/www.olloatlantico.es\/index.php\/wp-json\/wp\/v2\/pages"}],"about":[{"href":"https:\/\/www.olloatlantico.es\/index.php\/wp-json\/wp\/v2\/types\/page"}],"author":[{"embeddable":true,"href":"https:\/\/www.olloatlantico.es\/index.php\/wp-json\/wp\/v2\/users\/4"}],"replies":[{"embeddable":true,"href":"https:\/\/www.olloatlantico.es\/index.php\/wp-json\/wp\/v2\/comments?post=1517"}],"version-history":[{"count":0,"href":"https:\/\/www.olloatlantico.es\/index.php\/wp-json\/wp\/v2\/pages\/1517\/revisions"}],"wp:attachment":[{"href":"https:\/\/www.olloatlantico.es\/index.php\/wp-json\/wp\/v2\/media?parent=1517"}],"curies":[{"name":"wp","href":"https:\/\/api.w.org\/{rel}","templated":true}]}}