{"id":1570,"date":"2020-06-22T09:49:15","date_gmt":"2020-06-22T09:49:15","guid":{"rendered":"http:\/\/olloatlantico.com\/?page_id=1570"},"modified":"2020-06-22T09:49:15","modified_gmt":"2020-06-22T09:49:15","slug":"fran-balseiro","status":"publish","type":"page","link":"https:\/\/www.olloatlantico.es\/index.php\/fran-balseiro\/","title":{"rendered":"Fran Balseiro"},"content":{"rendered":"\n<div style=\"height:64px;\" aria-hidden=\"true\" class=\"wp-block-spacer\"><\/div>\n\n\n\n<p><strong>FRAN BALSEIRO&nbsp;<\/strong><\/p>\n\n\n\n<p>Fran Balseiro, natural de Viveiro (Lugo), Espa\u00f1a.&nbsp;<\/p>\n\n\n\n<p>Mi afici\u00f3n a la fotograf\u00eda la recuerdo desde muy peque\u00f1o, la c\u00e1mara siempre me ha acompa\u00f1ado en todos mis viajes y desde entonces no he parado de fotografiar. Aunque me gusta todo tipo de fotograf\u00eda en general y en especial la de paisaje y naturaleza, en estos \u00faltimos a\u00f1os estoy muy dedicado a la fotograf\u00eda de calle, documental y lugares en el olvido y el abandono. Es un reto para m\u00ed y me encanta.&nbsp;<\/p>\n\n\n\n<p>Me gusta salir a la calle, observar y buscar los mejores momentos, las mejores situaciones y que dentro de la vida cotidiana esas im\u00e1genes se conviertan en algo distinto. Me gusta intentar convertir la fotograf\u00eda de calle en arte.&nbsp;<\/p>\n\n\n\n<p>P\u00e1gina web: Franbalseirofotografia.com&nbsp;<\/p>\n\n\n\n<p>Facebook : www.facebook.com\/franbalseiro.fotografia&nbsp;<\/p>\n\n\n\n<p>Email : franbalseirofotografia@gmail.com\u00a0<\/p>\n\n\n\n<div class=\"wp-block-jetpack-tiled-gallery aligncenter is-style-rectangular\"><div class=\"tiled-gallery__gallery\"><div class=\"tiled-gallery__row\"><div class=\"tiled-gallery__col\"><figure class=\"tiled-gallery__item\"><img decoding=\"async\" srcset=\"https:\/\/olloatlantico.com\/wp-content\/uploads\/2020\/06\/dsf0006.jpg?strip=info&#038;w=600 600w,https:\/\/olloatlantico.com\/wp-content\/uploads\/2020\/06\/dsf0006.jpg?strip=info&#038;w=900 900w,https:\/\/olloatlantico.com\/wp-content\/uploads\/2020\/06\/dsf0006.jpg?strip=info&#038;w=1200 1200w,https:\/\/olloatlantico.com\/wp-content\/uploads\/2020\/06\/dsf0006.jpg?strip=info&#038;w=1500 1500w\" alt=\"\" data-height=\"1000\" data-id=\"1652\" data-link=\"https:\/\/olloatlantico.com\/dsf0006\/\" data-url=\"https:\/\/olloatlantico.com\/wp-content\/uploads\/2020\/06\/dsf0006.jpg\" data-width=\"1500\" src=\"https:\/\/olloatlantico.com\/wp-content\/uploads\/2020\/06\/dsf0006.jpg\" \/><\/figure><\/div><div class=\"tiled-gallery__col\"><figure class=\"tiled-gallery__item\"><img decoding=\"async\" srcset=\"https:\/\/olloatlantico.com\/wp-content\/uploads\/2020\/06\/dsf0014.jpg?strip=info&#038;w=600 600w,https:\/\/olloatlantico.com\/wp-content\/uploads\/2020\/06\/dsf0014.jpg?strip=info&#038;w=900 900w,https:\/\/olloatlantico.com\/wp-content\/uploads\/2020\/06\/dsf0014.jpg?strip=info&#038;w=1200 1200w,https:\/\/olloatlantico.com\/wp-content\/uploads\/2020\/06\/dsf0014.jpg?strip=info&#038;w=1500 1500w\" alt=\"\" data-height=\"1000\" data-id=\"1653\" data-link=\"https:\/\/olloatlantico.com\/dsf0014\/\" data-url=\"https:\/\/olloatlantico.com\/wp-content\/uploads\/2020\/06\/dsf0014.jpg\" data-width=\"1500\" src=\"https:\/\/olloatlantico.com\/wp-content\/uploads\/2020\/06\/dsf0014.jpg\" \/><\/figure><figure class=\"tiled-gallery__item\"><img decoding=\"async\" srcset=\"https:\/\/olloatlantico.com\/wp-content\/uploads\/2020\/06\/dsf0020-editar.jpg?strip=info&#038;w=600 600w,https:\/\/olloatlantico.com\/wp-content\/uploads\/2020\/06\/dsf0020-editar.jpg?strip=info&#038;w=900 900w,https:\/\/olloatlantico.com\/wp-content\/uploads\/2020\/06\/dsf0020-editar.jpg?strip=info&#038;w=1200 1200w,https:\/\/olloatlantico.com\/wp-content\/uploads\/2020\/06\/dsf0020-editar.jpg?strip=info&#038;w=1500 1500w\" alt=\"\" data-height=\"1000\" data-id=\"1654\" data-link=\"https:\/\/olloatlantico.com\/dsf0020-editar\/\" data-url=\"https:\/\/olloatlantico.com\/wp-content\/uploads\/2020\/06\/dsf0020-editar.jpg\" data-width=\"1500\" src=\"https:\/\/olloatlantico.com\/wp-content\/uploads\/2020\/06\/dsf0020-editar.jpg\" \/><\/figure><\/div><\/div><div class=\"tiled-gallery__row\"><div class=\"tiled-gallery__col\"><figure class=\"tiled-gallery__item\"><img decoding=\"async\" srcset=\"https:\/\/olloatlantico.com\/wp-content\/uploads\/2020\/06\/dsf0042-editar.jpg?strip=info&#038;w=600 600w,https:\/\/olloatlantico.com\/wp-content\/uploads\/2020\/06\/dsf0042-editar.jpg?strip=info&#038;w=900 900w,https:\/\/olloatlantico.com\/wp-content\/uploads\/2020\/06\/dsf0042-editar.jpg?strip=info&#038;w=1200 1200w,https:\/\/olloatlantico.com\/wp-content\/uploads\/2020\/06\/dsf0042-editar.jpg?strip=info&#038;w=1500 1500w\" alt=\"\" data-height=\"1000\" data-id=\"1655\" data-link=\"https:\/\/olloatlantico.com\/dsf0042-editar\/\" data-url=\"https:\/\/olloatlantico.com\/wp-content\/uploads\/2020\/06\/dsf0042-editar.jpg\" data-width=\"1500\" src=\"https:\/\/olloatlantico.com\/wp-content\/uploads\/2020\/06\/dsf0042-editar.jpg\" \/><\/figure><\/div><div class=\"tiled-gallery__col\"><figure class=\"tiled-gallery__item\"><img decoding=\"async\" srcset=\"https:\/\/olloatlantico.com\/wp-content\/uploads\/2020\/06\/dsf0063-editar.jpg?strip=info&#038;w=600 600w,https:\/\/olloatlantico.com\/wp-content\/uploads\/2020\/06\/dsf0063-editar.jpg?strip=info&#038;w=900 900w,https:\/\/olloatlantico.com\/wp-content\/uploads\/2020\/06\/dsf0063-editar.jpg?strip=info&#038;w=1200 1200w,https:\/\/olloatlantico.com\/wp-content\/uploads\/2020\/06\/dsf0063-editar.jpg?strip=info&#038;w=1500 1500w\" alt=\"\" data-height=\"1000\" data-id=\"1656\" data-link=\"https:\/\/olloatlantico.com\/dsf0063-editar\/\" data-url=\"https:\/\/olloatlantico.com\/wp-content\/uploads\/2020\/06\/dsf0063-editar.jpg\" data-width=\"1500\" src=\"https:\/\/olloatlantico.com\/wp-content\/uploads\/2020\/06\/dsf0063-editar.jpg\" \/><\/figure><\/div><div class=\"tiled-gallery__col\"><figure class=\"tiled-gallery__item\"><img decoding=\"async\" srcset=\"https:\/\/olloatlantico.com\/wp-content\/uploads\/2020\/06\/dsf0106-editar.jpg?strip=info&#038;w=600 600w,https:\/\/olloatlantico.com\/wp-content\/uploads\/2020\/06\/dsf0106-editar.jpg?strip=info&#038;w=900 900w,https:\/\/olloatlantico.com\/wp-content\/uploads\/2020\/06\/dsf0106-editar.jpg?strip=info&#038;w=1200 1200w,https:\/\/olloatlantico.com\/wp-content\/uploads\/2020\/06\/dsf0106-editar.jpg?strip=info&#038;w=1500 1500w\" alt=\"\" data-height=\"1000\" data-id=\"1657\" data-link=\"https:\/\/olloatlantico.com\/dsf0106-editar\/\" data-url=\"https:\/\/olloatlantico.com\/wp-content\/uploads\/2020\/06\/dsf0106-editar.jpg\" data-width=\"1500\" src=\"https:\/\/olloatlantico.com\/wp-content\/uploads\/2020\/06\/dsf0106-editar.jpg\" \/><\/figure><\/div><\/div><div class=\"tiled-gallery__row\"><div class=\"tiled-gallery__col\"><figure class=\"tiled-gallery__item\"><img decoding=\"async\" srcset=\"https:\/\/olloatlantico.com\/wp-content\/uploads\/2020\/06\/dsf0625.jpg?strip=info&#038;w=600 600w,https:\/\/olloatlantico.com\/wp-content\/uploads\/2020\/06\/dsf0625.jpg?strip=info&#038;w=900 900w,https:\/\/olloatlantico.com\/wp-content\/uploads\/2020\/06\/dsf0625.jpg?strip=info&#038;w=1200 1200w,https:\/\/olloatlantico.com\/wp-content\/uploads\/2020\/06\/dsf0625.jpg?strip=info&#038;w=1500 1500w\" alt=\"\" data-height=\"1000\" data-id=\"1658\" data-link=\"https:\/\/olloatlantico.com\/dsf0625\/\" data-url=\"https:\/\/olloatlantico.com\/wp-content\/uploads\/2020\/06\/dsf0625.jpg\" data-width=\"1500\" src=\"https:\/\/olloatlantico.com\/wp-content\/uploads\/2020\/06\/dsf0625.jpg\" \/><\/figure><figure class=\"tiled-gallery__item\"><img decoding=\"async\" srcset=\"https:\/\/olloatlantico.com\/wp-content\/uploads\/2020\/06\/dsf1009.jpg?strip=info&#038;w=600 600w,https:\/\/olloatlantico.com\/wp-content\/uploads\/2020\/06\/dsf1009.jpg?strip=info&#038;w=900 900w,https:\/\/olloatlantico.com\/wp-content\/uploads\/2020\/06\/dsf1009.jpg?strip=info&#038;w=1200 1200w,https:\/\/olloatlantico.com\/wp-content\/uploads\/2020\/06\/dsf1009.jpg?strip=info&#038;w=1500 1500w\" alt=\"\" data-height=\"1000\" data-id=\"1659\" data-link=\"https:\/\/olloatlantico.com\/dsf1009\/\" data-url=\"https:\/\/olloatlantico.com\/wp-content\/uploads\/2020\/06\/dsf1009.jpg\" data-width=\"1500\" src=\"https:\/\/olloatlantico.com\/wp-content\/uploads\/2020\/06\/dsf1009.jpg\" \/><\/figure><\/div><div class=\"tiled-gallery__col\"><figure class=\"tiled-gallery__item\"><img decoding=\"async\" srcset=\"https:\/\/olloatlantico.com\/wp-content\/uploads\/2020\/06\/dsf1045.jpg?strip=info&#038;w=600 600w,https:\/\/olloatlantico.com\/wp-content\/uploads\/2020\/06\/dsf1045.jpg?strip=info&#038;w=900 900w,https:\/\/olloatlantico.com\/wp-content\/uploads\/2020\/06\/dsf1045.jpg?strip=info&#038;w=1000 1000w\" alt=\"\" data-height=\"1500\" data-id=\"1660\" data-link=\"https:\/\/olloatlantico.com\/dsf1045\/\" data-url=\"https:\/\/olloatlantico.com\/wp-content\/uploads\/2020\/06\/dsf1045.jpg\" data-width=\"1000\" src=\"https:\/\/olloatlantico.com\/wp-content\/uploads\/2020\/06\/dsf1045.jpg\" \/><\/figure><\/div><\/div><div class=\"tiled-gallery__row\"><div class=\"tiled-gallery__col\"><figure class=\"tiled-gallery__item\"><img decoding=\"async\" srcset=\"https:\/\/olloatlantico.com\/wp-content\/uploads\/2020\/06\/dsf1654.jpg?strip=info&#038;w=600 600w,https:\/\/olloatlantico.com\/wp-content\/uploads\/2020\/06\/dsf1654.jpg?strip=info&#038;w=900 900w,https:\/\/olloatlantico.com\/wp-content\/uploads\/2020\/06\/dsf1654.jpg?strip=info&#038;w=1000 1000w\" alt=\"\" data-height=\"1500\" data-id=\"1661\" data-link=\"https:\/\/olloatlantico.com\/dsf1654\/\" data-url=\"https:\/\/olloatlantico.com\/wp-content\/uploads\/2020\/06\/dsf1654.jpg\" data-width=\"1000\" src=\"https:\/\/olloatlantico.com\/wp-content\/uploads\/2020\/06\/dsf1654.jpg\" \/><\/figure><\/div><div class=\"tiled-gallery__col\"><figure class=\"tiled-gallery__item\"><img decoding=\"async\" srcset=\"https:\/\/olloatlantico.com\/wp-content\/uploads\/2020\/06\/dscf0656-editar.jpg?strip=info&#038;w=600 600w,https:\/\/olloatlantico.com\/wp-content\/uploads\/2020\/06\/dscf0656-editar.jpg?strip=info&#038;w=900 900w,https:\/\/olloatlantico.com\/wp-content\/uploads\/2020\/06\/dscf0656-editar.jpg?strip=info&#038;w=1200 1200w,https:\/\/olloatlantico.com\/wp-content\/uploads\/2020\/06\/dscf0656-editar.jpg?strip=info&#038;w=1500 1500w\" alt=\"\" data-height=\"1000\" data-id=\"1663\" data-link=\"https:\/\/olloatlantico.com\/dscf0656-editar\/\" data-url=\"https:\/\/olloatlantico.com\/wp-content\/uploads\/2020\/06\/dscf0656-editar.jpg\" data-width=\"1500\" src=\"https:\/\/olloatlantico.com\/wp-content\/uploads\/2020\/06\/dscf0656-editar.jpg\" \/><\/figure><figure class=\"tiled-gallery__item\"><img decoding=\"async\" srcset=\"https:\/\/olloatlantico.com\/wp-content\/uploads\/2020\/06\/dscf4719-editar.jpg?strip=info&#038;w=600 600w,https:\/\/olloatlantico.com\/wp-content\/uploads\/2020\/06\/dscf4719-editar.jpg?strip=info&#038;w=900 900w,https:\/\/olloatlantico.com\/wp-content\/uploads\/2020\/06\/dscf4719-editar.jpg?strip=info&#038;w=1200 1200w,https:\/\/olloatlantico.com\/wp-content\/uploads\/2020\/06\/dscf4719-editar.jpg?strip=info&#038;w=1500 1500w\" alt=\"\" data-height=\"1000\" data-id=\"1664\" data-link=\"https:\/\/olloatlantico.com\/dscf4719-editar\/\" data-url=\"https:\/\/olloatlantico.com\/wp-content\/uploads\/2020\/06\/dscf4719-editar.jpg\" data-width=\"1500\" src=\"https:\/\/olloatlantico.com\/wp-content\/uploads\/2020\/06\/dscf4719-editar.jpg\" \/><\/figure><figure class=\"tiled-gallery__item\"><img decoding=\"async\" srcset=\"https:\/\/olloatlantico.com\/wp-content\/uploads\/2020\/06\/dscf4723.jpg?strip=info&#038;w=600 600w,https:\/\/olloatlantico.com\/wp-content\/uploads\/2020\/06\/dscf4723.jpg?strip=info&#038;w=900 900w,https:\/\/olloatlantico.com\/wp-content\/uploads\/2020\/06\/dscf4723.jpg?strip=info&#038;w=1200 1200w,https:\/\/olloatlantico.com\/wp-content\/uploads\/2020\/06\/dscf4723.jpg?strip=info&#038;w=1500 1500w\" alt=\"\" data-height=\"1000\" data-id=\"1665\" data-link=\"https:\/\/olloatlantico.com\/dscf4723\/\" data-url=\"https:\/\/olloatlantico.com\/wp-content\/uploads\/2020\/06\/dscf4723.jpg\" data-width=\"1500\" src=\"https:\/\/olloatlantico.com\/wp-content\/uploads\/2020\/06\/dscf4723.jpg\" \/><\/figure><\/div><\/div><div class=\"tiled-gallery__row\"><div class=\"tiled-gallery__col\"><figure class=\"tiled-gallery__item\"><img decoding=\"async\" srcset=\"https:\/\/olloatlantico.com\/wp-content\/uploads\/2020\/06\/dscf5191-editar.jpg?strip=info&#038;w=600 600w,https:\/\/olloatlantico.com\/wp-content\/uploads\/2020\/06\/dscf5191-editar.jpg?strip=info&#038;w=900 900w,https:\/\/olloatlantico.com\/wp-content\/uploads\/2020\/06\/dscf5191-editar.jpg?strip=info&#038;w=1000 1000w\" alt=\"\" data-height=\"1500\" data-id=\"1666\" data-link=\"https:\/\/olloatlantico.com\/dscf5191-editar\/\" data-url=\"https:\/\/olloatlantico.com\/wp-content\/uploads\/2020\/06\/dscf5191-editar.jpg\" data-width=\"1000\" src=\"https:\/\/olloatlantico.com\/wp-content\/uploads\/2020\/06\/dscf5191-editar.jpg\" \/><\/figure><\/div><\/div><\/div><\/div>\n","protected":false},"excerpt":{"rendered":"<p>FRAN BALSEIRO&nbsp; Fran Balseiro, natural de Viveiro (Lugo), Espa\u00f1a.&nbsp; Mi afici\u00f3n a la fotograf\u00eda la recuerdo desde muy peque\u00f1o, la c\u00e1mara siempre me ha acompa\u00f1ado en todos mis viajes y desde entonces no he parado de fotografiar. Aunque me gusta todo tipo de fotograf\u00eda en general y en especial la de paisaje y naturaleza, en [&hellip;]<\/p>\n","protected":false},"author":4,"featured_media":0,"parent":0,"menu_order":0,"comment_status":"closed","ping_status":"closed","template":"","meta":{"jetpack_post_was_ever_published":false,"footnotes":""},"class_list":["post-1570","page","type-page","status-publish","hentry"],"jetpack_sharing_enabled":true,"_links":{"self":[{"href":"https:\/\/www.olloatlantico.es\/index.php\/wp-json\/wp\/v2\/pages\/1570","targetHints":{"allow":["GET"]}}],"collection":[{"href":"https:\/\/www.olloatlantico.es\/index.php\/wp-json\/wp\/v2\/pages"}],"about":[{"href":"https:\/\/www.olloatlantico.es\/index.php\/wp-json\/wp\/v2\/types\/page"}],"author":[{"embeddable":true,"href":"https:\/\/www.olloatlantico.es\/index.php\/wp-json\/wp\/v2\/users\/4"}],"replies":[{"embeddable":true,"href":"https:\/\/www.olloatlantico.es\/index.php\/wp-json\/wp\/v2\/comments?post=1570"}],"version-history":[{"count":0,"href":"https:\/\/www.olloatlantico.es\/index.php\/wp-json\/wp\/v2\/pages\/1570\/revisions"}],"wp:attachment":[{"href":"https:\/\/www.olloatlantico.es\/index.php\/wp-json\/wp\/v2\/media?parent=1570"}],"curies":[{"name":"wp","href":"https:\/\/api.w.org\/{rel}","templated":true}]}}