{"id":3334,"date":"2022-01-25T19:37:56","date_gmt":"2022-01-25T18:37:56","guid":{"rendered":"https:\/\/olloatlantico.wordpress.com\/?page_id=3334"},"modified":"2022-01-25T19:37:56","modified_gmt":"2022-01-25T18:37:56","slug":"lestonnac-ibanez","status":"publish","type":"page","link":"https:\/\/www.olloatlantico.es\/index.php\/lestonnac-ibanez\/","title":{"rendered":"Lestonnac Ib\u00e1\u00f1ez"},"content":{"rendered":"\n<p>\u00a0<\/p>\n\n\n\n<p><a href=\"https:\/\/lasfotosdeles.eu\/\">Lestonnac Ib\u00e1\u00f1ez<\/a> .Coru\u00f1a 1961<\/p>\n\n\n\n<p>Tengo una tara, soy adicta a la fotograf\u00eda. Hace 30 a\u00f1os entr\u00e9 en un cuarto oscuro, con luz roja y se jorob\u00f3, desde entonces no he podido quitarme la adicci\u00f3n.<\/p>\n\n\n\n<p>Han pasado muchas cosas desde entonces, como la entrada del digital, pero nada ha hecho que lo deje, sino todo lo contrario, ya es parte de mi.&nbsp; Empec\u00e9 haciendo \u201cfotos bonitas\u201d, y con el paso de los a\u00f1os he ido haci\u00e9ndolas cada vez menos bonitas, porque de disparar con la cabeza fui bajando y ya lo hago con el est\u00f3mago, Para mi hoy la fotograf\u00eda es una manera de expresarme, y de plasmar lo que siento,&nbsp; de gritar y en definitiva de sentir.<\/p>\n\n\n\n<hr class=\"wp-block-separator has-css-opacity\" \/>\n\n\n\n<div class=\"wp-block-jetpack-tiled-gallery aligncenter is-style-rectangular\"><div class=\"\"><div class=\"tiled-gallery__gallery\"><div class=\"tiled-gallery__row\"><div class=\"tiled-gallery__col\" style=\"flex-basis:66.78744%\"><figure class=\"tiled-gallery__item\"><img decoding=\"async\" srcset=\"https:\/\/olloatlantico.com\/wp-content\/uploads\/2022\/01\/dsf0813.jpg?strip=info&#038;w=600 600w,https:\/\/olloatlantico.com\/wp-content\/uploads\/2022\/01\/dsf0813.jpg?strip=info&#038;w=900 900w,https:\/\/olloatlantico.com\/wp-content\/uploads\/2022\/01\/dsf0813.jpg?strip=info&#038;w=1200 1200w,https:\/\/olloatlantico.com\/wp-content\/uploads\/2022\/01\/dsf0813.jpg?strip=info&#038;w=1224 1224w\" alt=\"\" data-height=\"816\" data-id=\"3339\" data-link=\"https:\/\/olloatlantico.com\/dsf0813\/\" data-url=\"https:\/\/olloatlantico.com\/wp-content\/uploads\/2022\/01\/dsf0813.jpg?w=1024\" data-width=\"1224\" src=\"https:\/\/olloatlantico.com\/wp-content\/uploads\/2022\/01\/dsf0813.jpg\" \/><\/figure><\/div><div class=\"tiled-gallery__col\" style=\"flex-basis:33.21256%\"><figure class=\"tiled-gallery__item\"><img decoding=\"async\" srcset=\"https:\/\/olloatlantico.com\/wp-content\/uploads\/2022\/01\/dsf2444.jpg?strip=info&#038;w=600 600w,https:\/\/olloatlantico.com\/wp-content\/uploads\/2022\/01\/dsf2444.jpg?strip=info&#038;w=900 900w,https:\/\/olloatlantico.com\/wp-content\/uploads\/2022\/01\/dsf2444.jpg?strip=info&#038;w=1200 1200w,https:\/\/olloatlantico.com\/wp-content\/uploads\/2022\/01\/dsf2444.jpg?strip=info&#038;w=1224 1224w\" alt=\"\" data-height=\"816\" data-id=\"3340\" data-link=\"https:\/\/olloatlantico.com\/dsf2444\/\" data-url=\"https:\/\/olloatlantico.com\/wp-content\/uploads\/2022\/01\/dsf2444.jpg?w=1024\" data-width=\"1224\" src=\"https:\/\/olloatlantico.com\/wp-content\/uploads\/2022\/01\/dsf2444.jpg\" \/><\/figure><figure class=\"tiled-gallery__item\"><img decoding=\"async\" srcset=\"https:\/\/olloatlantico.com\/wp-content\/uploads\/2022\/01\/dsf2452.jpg?strip=info&#038;w=600 600w,https:\/\/olloatlantico.com\/wp-content\/uploads\/2022\/01\/dsf2452.jpg?strip=info&#038;w=900 900w,https:\/\/olloatlantico.com\/wp-content\/uploads\/2022\/01\/dsf2452.jpg?strip=info&#038;w=1200 1200w,https:\/\/olloatlantico.com\/wp-content\/uploads\/2022\/01\/dsf2452.jpg?strip=info&#038;w=1500 1500w,https:\/\/olloatlantico.com\/wp-content\/uploads\/2022\/01\/dsf2452.jpg?strip=info&#038;w=1800 1800w,https:\/\/olloatlantico.com\/wp-content\/uploads\/2022\/01\/dsf2452.jpg?strip=info&#038;w=2000 2000w\" alt=\"\" data-height=\"3264\" data-id=\"3341\" data-link=\"https:\/\/olloatlantico.com\/dsf2452\/\" data-url=\"https:\/\/olloatlantico.com\/wp-content\/uploads\/2022\/01\/dsf2452.jpg?w=1024\" data-width=\"4896\" src=\"https:\/\/olloatlantico.com\/wp-content\/uploads\/2022\/01\/dsf2452.jpg\" \/><\/figure><\/div><\/div><div class=\"tiled-gallery__row\"><div class=\"tiled-gallery__col\" style=\"flex-basis:69.18045%\"><figure class=\"tiled-gallery__item\"><img decoding=\"async\" srcset=\"https:\/\/olloatlantico.com\/wp-content\/uploads\/2022\/01\/dsf3247.jpg?strip=info&#038;w=600 600w,https:\/\/olloatlantico.com\/wp-content\/uploads\/2022\/01\/dsf3247.jpg?strip=info&#038;w=900 900w,https:\/\/olloatlantico.com\/wp-content\/uploads\/2022\/01\/dsf3247.jpg?strip=info&#038;w=1200 1200w,https:\/\/olloatlantico.com\/wp-content\/uploads\/2022\/01\/dsf3247.jpg?strip=info&#038;w=1224 1224w\" alt=\"\" data-height=\"816\" data-id=\"3342\" data-link=\"https:\/\/olloatlantico.com\/dsf3247\/\" data-url=\"https:\/\/olloatlantico.com\/wp-content\/uploads\/2022\/01\/dsf3247.jpg?w=1024\" data-width=\"1224\" src=\"https:\/\/olloatlantico.com\/wp-content\/uploads\/2022\/01\/dsf3247.jpg\" \/><\/figure><\/div><div class=\"tiled-gallery__col\" style=\"flex-basis:30.81955%\"><figure class=\"tiled-gallery__item\"><img decoding=\"async\" srcset=\"https:\/\/olloatlantico.com\/wp-content\/uploads\/2022\/01\/dsf5103.jpg?strip=info&#038;w=600 600w,https:\/\/olloatlantico.com\/wp-content\/uploads\/2022\/01\/dsf5103.jpg?strip=info&#038;w=816 816w\" alt=\"\" data-height=\"1224\" data-id=\"3343\" data-link=\"https:\/\/olloatlantico.com\/dsf5103\/\" data-url=\"https:\/\/olloatlantico.com\/wp-content\/uploads\/2022\/01\/dsf5103.jpg?w=683\" data-width=\"816\" src=\"https:\/\/olloatlantico.com\/wp-content\/uploads\/2022\/01\/dsf5103.jpg\" \/><\/figure><\/div><\/div><div class=\"tiled-gallery__row\"><div class=\"tiled-gallery__col\" style=\"flex-basis:57.36800%\"><figure class=\"tiled-gallery__item\"><img decoding=\"async\" srcset=\"https:\/\/olloatlantico.com\/wp-content\/uploads\/2022\/01\/dsf5813.jpg?strip=info&#038;w=600 600w,https:\/\/olloatlantico.com\/wp-content\/uploads\/2022\/01\/dsf5813.jpg?strip=info&#038;w=900 900w,https:\/\/olloatlantico.com\/wp-content\/uploads\/2022\/01\/dsf5813.jpg?strip=info&#038;w=1200 1200w,https:\/\/olloatlantico.com\/wp-content\/uploads\/2022\/01\/dsf5813.jpg?strip=info&#038;w=1500 1500w,https:\/\/olloatlantico.com\/wp-content\/uploads\/2022\/01\/dsf5813.jpg?strip=info&#038;w=1800 1800w,https:\/\/olloatlantico.com\/wp-content\/uploads\/2022\/01\/dsf5813.jpg?strip=info&#038;w=2000 2000w\" alt=\"\" data-height=\"5329\" data-id=\"3344\" data-link=\"https:\/\/olloatlantico.com\/dsf5813\/\" data-url=\"https:\/\/olloatlantico.com\/wp-content\/uploads\/2022\/01\/dsf5813.jpg?w=683\" data-width=\"3553\" src=\"https:\/\/olloatlantico.com\/wp-content\/uploads\/2022\/01\/dsf5813.jpg\" \/><\/figure><\/div><div class=\"tiled-gallery__col\" style=\"flex-basis:42.63200%\"><figure class=\"tiled-gallery__item\"><img decoding=\"async\" srcset=\"https:\/\/olloatlantico.com\/wp-content\/uploads\/2022\/01\/dsf6897.jpg?strip=info&#038;w=600 600w,https:\/\/olloatlantico.com\/wp-content\/uploads\/2022\/01\/dsf6897.jpg?strip=info&#038;w=900 900w,https:\/\/olloatlantico.com\/wp-content\/uploads\/2022\/01\/dsf6897.jpg?strip=info&#038;w=1200 1200w,https:\/\/olloatlantico.com\/wp-content\/uploads\/2022\/01\/dsf6897.jpg?strip=info&#038;w=1500 1500w,https:\/\/olloatlantico.com\/wp-content\/uploads\/2022\/01\/dsf6897.jpg?strip=info&#038;w=1800 1800w,https:\/\/olloatlantico.com\/wp-content\/uploads\/2022\/01\/dsf6897.jpg?strip=info&#038;w=2000 2000w\" alt=\"\" data-height=\"2838\" data-id=\"3345\" data-link=\"https:\/\/olloatlantico.com\/dsf6897\/\" data-url=\"https:\/\/olloatlantico.com\/wp-content\/uploads\/2022\/01\/dsf6897.jpg?w=1024\" data-width=\"4257\" src=\"https:\/\/olloatlantico.com\/wp-content\/uploads\/2022\/01\/dsf6897.jpg\" \/><\/figure><figure class=\"tiled-gallery__item\"><img decoding=\"async\" srcset=\"https:\/\/olloatlantico.com\/wp-content\/uploads\/2022\/01\/dsf7317.jpg?strip=info&#038;w=600 600w,https:\/\/olloatlantico.com\/wp-content\/uploads\/2022\/01\/dsf7317.jpg?strip=info&#038;w=900 900w,https:\/\/olloatlantico.com\/wp-content\/uploads\/2022\/01\/dsf7317.jpg?strip=info&#038;w=1200 1200w,https:\/\/olloatlantico.com\/wp-content\/uploads\/2022\/01\/dsf7317.jpg?strip=info&#038;w=1500 1500w,https:\/\/olloatlantico.com\/wp-content\/uploads\/2022\/01\/dsf7317.jpg?strip=info&#038;w=1800 1800w,https:\/\/olloatlantico.com\/wp-content\/uploads\/2022\/01\/dsf7317.jpg?strip=info&#038;w=2000 2000w\" alt=\"\" data-height=\"3264\" data-id=\"3346\" data-link=\"https:\/\/olloatlantico.com\/dsf7317\/\" data-url=\"https:\/\/olloatlantico.com\/wp-content\/uploads\/2022\/01\/dsf7317.jpg?w=1024\" data-width=\"4896\" src=\"https:\/\/olloatlantico.com\/wp-content\/uploads\/2022\/01\/dsf7317.jpg\" \/><\/figure><figure class=\"tiled-gallery__item\"><img decoding=\"async\" srcset=\"https:\/\/olloatlantico.com\/wp-content\/uploads\/2022\/01\/36502062482_d776cc884b_o.jpg?strip=info&#038;w=600 600w,https:\/\/olloatlantico.com\/wp-content\/uploads\/2022\/01\/36502062482_d776cc884b_o.jpg?strip=info&#038;w=900 900w,https:\/\/olloatlantico.com\/wp-content\/uploads\/2022\/01\/36502062482_d776cc884b_o.jpg?strip=info&#038;w=1200 1200w,https:\/\/olloatlantico.com\/wp-content\/uploads\/2022\/01\/36502062482_d776cc884b_o.jpg?strip=info&#038;w=1224 1224w\" alt=\"\" data-height=\"816\" data-id=\"3347\" data-link=\"https:\/\/olloatlantico.com\/36502062482_d776cc884b_o\/\" data-url=\"https:\/\/olloatlantico.com\/wp-content\/uploads\/2022\/01\/36502062482_d776cc884b_o.jpg?w=1024\" data-width=\"1224\" src=\"https:\/\/olloatlantico.com\/wp-content\/uploads\/2022\/01\/36502062482_d776cc884b_o.jpg\" \/><\/figure><\/div><\/div><div class=\"tiled-gallery__row\"><div class=\"tiled-gallery__col\" style=\"flex-basis:33.21462%\"><figure class=\"tiled-gallery__item\"><img decoding=\"async\" srcset=\"https:\/\/olloatlantico.com\/wp-content\/uploads\/2022\/01\/39055532784_0fe40fdd68_o.jpg?strip=info&#038;w=600 600w,https:\/\/olloatlantico.com\/wp-content\/uploads\/2022\/01\/39055532784_0fe40fdd68_o.jpg?strip=info&#038;w=900 900w,https:\/\/olloatlantico.com\/wp-content\/uploads\/2022\/01\/39055532784_0fe40fdd68_o.jpg?strip=info&#038;w=1200 1200w,https:\/\/olloatlantico.com\/wp-content\/uploads\/2022\/01\/39055532784_0fe40fdd68_o.jpg?strip=info&#038;w=1224 1224w\" alt=\"\" data-height=\"816\" data-id=\"3348\" data-link=\"https:\/\/olloatlantico.com\/39055532784_0fe40fdd68_o\/\" data-url=\"https:\/\/olloatlantico.com\/wp-content\/uploads\/2022\/01\/39055532784_0fe40fdd68_o.jpg?w=1024\" data-width=\"1224\" src=\"https:\/\/olloatlantico.com\/wp-content\/uploads\/2022\/01\/39055532784_0fe40fdd68_o.jpg\" \/><\/figure><figure class=\"tiled-gallery__item\"><img decoding=\"async\" srcset=\"https:\/\/olloatlantico.com\/wp-content\/uploads\/2022\/01\/49405529733_f636426d6d_o.jpg?strip=info&#038;w=600 600w,https:\/\/olloatlantico.com\/wp-content\/uploads\/2022\/01\/49405529733_f636426d6d_o.jpg?strip=info&#038;w=900 900w,https:\/\/olloatlantico.com\/wp-content\/uploads\/2022\/01\/49405529733_f636426d6d_o.jpg?strip=info&#038;w=1200 1200w,https:\/\/olloatlantico.com\/wp-content\/uploads\/2022\/01\/49405529733_f636426d6d_o.jpg?strip=info&#038;w=1224 1224w\" alt=\"\" data-height=\"816\" data-id=\"3349\" data-link=\"https:\/\/olloatlantico.com\/49405529733_f636426d6d_o\/\" data-url=\"https:\/\/olloatlantico.com\/wp-content\/uploads\/2022\/01\/49405529733_f636426d6d_o.jpg?w=1024\" data-width=\"1224\" src=\"https:\/\/olloatlantico.com\/wp-content\/uploads\/2022\/01\/49405529733_f636426d6d_o.jpg\" \/><\/figure><\/div><div class=\"tiled-gallery__col\" style=\"flex-basis:66.78538%\"><figure class=\"tiled-gallery__item\"><img decoding=\"async\" srcset=\"https:\/\/olloatlantico.com\/wp-content\/uploads\/2022\/01\/dscf6883.jpg?strip=info&#038;w=600 600w,https:\/\/olloatlantico.com\/wp-content\/uploads\/2022\/01\/dscf6883.jpg?strip=info&#038;w=900 900w,https:\/\/olloatlantico.com\/wp-content\/uploads\/2022\/01\/dscf6883.jpg?strip=info&#038;w=1200 1200w,https:\/\/olloatlantico.com\/wp-content\/uploads\/2022\/01\/dscf6883.jpg?strip=info&#038;w=1500 1500w,https:\/\/olloatlantico.com\/wp-content\/uploads\/2022\/01\/dscf6883.jpg?strip=info&#038;w=1800 1800w,https:\/\/olloatlantico.com\/wp-content\/uploads\/2022\/01\/dscf6883.jpg?strip=info&#038;w=2000 2000w\" alt=\"\" data-height=\"3585\" data-id=\"3350\" data-link=\"https:\/\/olloatlantico.com\/dscf6883\/\" data-url=\"https:\/\/olloatlantico.com\/wp-content\/uploads\/2022\/01\/dscf6883.jpg?w=1024\" data-width=\"5377\" src=\"https:\/\/olloatlantico.com\/wp-content\/uploads\/2022\/01\/dscf6883.jpg\" \/><\/figure><\/div><\/div><div class=\"tiled-gallery__row\"><div class=\"tiled-gallery__col\" style=\"flex-basis:49.99689%\"><figure class=\"tiled-gallery__item\"><img decoding=\"async\" srcset=\"https:\/\/olloatlantico.com\/wp-content\/uploads\/2022\/01\/dscf8056.jpg?strip=info&#038;w=600 600w,https:\/\/olloatlantico.com\/wp-content\/uploads\/2022\/01\/dscf8056.jpg?strip=info&#038;w=900 900w,https:\/\/olloatlantico.com\/wp-content\/uploads\/2022\/01\/dscf8056.jpg?strip=info&#038;w=1200 1200w,https:\/\/olloatlantico.com\/wp-content\/uploads\/2022\/01\/dscf8056.jpg?strip=info&#038;w=1224 1224w\" alt=\"\" data-height=\"816\" data-id=\"3351\" data-link=\"https:\/\/olloatlantico.com\/dscf8056\/\" data-url=\"https:\/\/olloatlantico.com\/wp-content\/uploads\/2022\/01\/dscf8056.jpg?w=1024\" data-width=\"1224\" src=\"https:\/\/olloatlantico.com\/wp-content\/uploads\/2022\/01\/dscf8056.jpg\" \/><\/figure><\/div><div class=\"tiled-gallery__col\" style=\"flex-basis:50.00311%\"><figure class=\"tiled-gallery__item\"><img decoding=\"async\" srcset=\"https:\/\/olloatlantico.com\/wp-content\/uploads\/2022\/01\/les_niebla-8.jpg?strip=info&#038;w=600 600w,https:\/\/olloatlantico.com\/wp-content\/uploads\/2022\/01\/les_niebla-8.jpg?strip=info&#038;w=900 900w,https:\/\/olloatlantico.com\/wp-content\/uploads\/2022\/01\/les_niebla-8.jpg?strip=info&#038;w=1200 1200w,https:\/\/olloatlantico.com\/wp-content\/uploads\/2022\/01\/les_niebla-8.jpg?strip=info&#038;w=1500 1500w,https:\/\/olloatlantico.com\/wp-content\/uploads\/2022\/01\/les_niebla-8.jpg?strip=info&#038;w=1800 1800w,https:\/\/olloatlantico.com\/wp-content\/uploads\/2022\/01\/les_niebla-8.jpg?strip=info&#038;w=2000 2000w\" alt=\"\" data-height=\"2673\" data-id=\"3352\" data-link=\"https:\/\/olloatlantico.com\/les_niebla-8\/\" data-url=\"https:\/\/olloatlantico.com\/wp-content\/uploads\/2022\/01\/les_niebla-8.jpg?w=1024\" data-width=\"4010\" src=\"https:\/\/olloatlantico.com\/wp-content\/uploads\/2022\/01\/les_niebla-8.jpg\" \/><\/figure><\/div><\/div><\/div><\/div><\/div>\n","protected":false},"excerpt":{"rendered":"<p>\u00a0 Lestonnac Ib\u00e1\u00f1ez .Coru\u00f1a 1961 Tengo una tara, soy adicta a la fotograf\u00eda. Hace 30 a\u00f1os entr\u00e9 en un cuarto oscuro, con luz roja y se jorob\u00f3, desde entonces no he podido quitarme la adicci\u00f3n. Han pasado muchas cosas desde entonces, como la entrada del digital, pero nada ha hecho que lo deje, sino todo [&hellip;]<\/p>\n","protected":false},"author":4,"featured_media":0,"parent":0,"menu_order":0,"comment_status":"closed","ping_status":"closed","template":"","meta":{"jetpack_post_was_ever_published":false,"footnotes":""},"class_list":["post-3334","page","type-page","status-publish","hentry"],"jetpack_sharing_enabled":true,"_links":{"self":[{"href":"https:\/\/www.olloatlantico.es\/index.php\/wp-json\/wp\/v2\/pages\/3334","targetHints":{"allow":["GET"]}}],"collection":[{"href":"https:\/\/www.olloatlantico.es\/index.php\/wp-json\/wp\/v2\/pages"}],"about":[{"href":"https:\/\/www.olloatlantico.es\/index.php\/wp-json\/wp\/v2\/types\/page"}],"author":[{"embeddable":true,"href":"https:\/\/www.olloatlantico.es\/index.php\/wp-json\/wp\/v2\/users\/4"}],"replies":[{"embeddable":true,"href":"https:\/\/www.olloatlantico.es\/index.php\/wp-json\/wp\/v2\/comments?post=3334"}],"version-history":[{"count":0,"href":"https:\/\/www.olloatlantico.es\/index.php\/wp-json\/wp\/v2\/pages\/3334\/revisions"}],"wp:attachment":[{"href":"https:\/\/www.olloatlantico.es\/index.php\/wp-json\/wp\/v2\/media?parent=3334"}],"curies":[{"name":"wp","href":"https:\/\/api.w.org\/{rel}","templated":true}]}}