{"id":3848,"date":"2022-04-17T13:59:13","date_gmt":"2022-04-17T11:59:13","guid":{"rendered":"https:\/\/olloatlantico.com\/?page_id=3848"},"modified":"2022-04-17T13:59:13","modified_gmt":"2022-04-17T11:59:13","slug":"gerardo-mourin","status":"publish","type":"page","link":"https:\/\/www.olloatlantico.es\/index.php\/gerardo-mourin\/","title":{"rendered":"Gerardo G. Mour\u00edn"},"content":{"rendered":"\n<p>Para m\u00ed la fotograf\u00eda es puro entretenimiento y por eso la valoro tanto, le dedico muchas horas y me hace estar pensando en ella la mayor parte del tiempo. Es, adem\u00e1s, un canal para estar en contacto con gente que me aporta conocimiento y amistad. Creo que es una afici\u00f3n perfecta.<\/p>\n\n\n\n<p>Mis primeros contactos con la fotograf\u00eda se remontan a mi juventud, pero en aquella \u00e9poca no pude desarrollarla por diversos motivos. Cuando me cas\u00e9 compr\u00e9 una c\u00e1mara para hacer fotos en los viajes y cuando naci\u00f3 mi hija se convirti\u00f3 en mi modelo preferido. De esa etapa recuerdo con nostalgia las noches en el cuarto oscuro y las pocas horas de sue\u00f1o.&nbsp;<\/p>\n\n\n\n<p>La aparici\u00f3n de las c\u00e1maras digitales y de las redes sociales abri\u00f3 un mundo que me ha llevado hasta hoy.&nbsp;<\/p>\n\n\n\n<p>Me gusta todo tipo de fotograf\u00eda, pero en la actualidad en donde m\u00e1s c\u00f3modo de encuentro es en la calle. La fotograf\u00eda callejera me permite caminar y observar como se mueve el mundo que me rodea. Me encanta plasmarlo en mis fotos.<\/p>\n\n\n\n<p>Me pod\u00e9is seguir en:<\/p>\n\n\n\n<p><a href=\"http:\/\/www.ggmourin.es\">www.ggmourin.es<\/a><\/p>\n\n\n\n<p>https:\/\/www.facebook.com\/ggmourin\/<\/p>\n\n\n\n<p>https:\/\/www.instagram.com\/ggmourin2\/<\/p>\n\n\n\n<div class=\"wp-block-jetpack-tiled-gallery aligncenter is-style-rectangular\"><div class=\"tiled-gallery__gallery\"><div class=\"tiled-gallery__row\"><div class=\"tiled-gallery__col\" style=\"flex-basis:50%;\"><figure class=\"tiled-gallery__item\"><img decoding=\"async\" srcset=\"https:\/\/olloatlantico.com\/wp-content\/uploads\/2022\/04\/1040103.jpg?strip=info&#038;w=600 600w,https:\/\/olloatlantico.com\/wp-content\/uploads\/2022\/04\/1040103.jpg?strip=info&#038;w=900 900w\" alt=\"\" data-height=\"1200\" data-id=\"3850\" data-link=\"https:\/\/olloatlantico.com\/olympus-digital-camera-2\/\" data-url=\"https:\/\/olloatlantico.com\/wp-content\/uploads\/2022\/04\/1040103.jpg?w=768\" data-width=\"900\" src=\"https:\/\/olloatlantico.com\/wp-content\/uploads\/2022\/04\/1040103.jpg\" data-amp-layout=\"responsive\" \/><\/figure><\/div><div class=\"tiled-gallery__col\" style=\"flex-basis:50%;\"><figure class=\"tiled-gallery__item\"><img decoding=\"async\" srcset=\"https:\/\/olloatlantico.com\/wp-content\/uploads\/2022\/04\/1050081.jpg?strip=info&#038;w=600 600w,https:\/\/olloatlantico.com\/wp-content\/uploads\/2022\/04\/1050081.jpg?strip=info&#038;w=900 900w\" alt=\"\" data-height=\"1200\" data-id=\"3851\" data-link=\"https:\/\/olloatlantico.com\/olympus-digital-camera-3\/\" data-url=\"https:\/\/olloatlantico.com\/wp-content\/uploads\/2022\/04\/1050081.jpg?w=768\" data-width=\"900\" src=\"https:\/\/olloatlantico.com\/wp-content\/uploads\/2022\/04\/1050081.jpg\" data-amp-layout=\"responsive\" \/><\/figure><\/div><\/div><div class=\"tiled-gallery__row\"><div class=\"tiled-gallery__col\" style=\"flex-basis:66.77402%;\"><figure class=\"tiled-gallery__item\"><img decoding=\"async\" srcset=\"https:\/\/olloatlantico.com\/wp-content\/uploads\/2022\/04\/1180116.jpg?strip=info&#038;w=600 600w,https:\/\/olloatlantico.com\/wp-content\/uploads\/2022\/04\/1180116.jpg?strip=info&#038;w=900 900w,https:\/\/olloatlantico.com\/wp-content\/uploads\/2022\/04\/1180116.jpg?strip=info&#038;w=1200 1200w\" alt=\"\" data-height=\"900\" data-id=\"3852\" data-link=\"https:\/\/olloatlantico.com\/olympus-digital-camera-4\/\" data-url=\"https:\/\/olloatlantico.com\/wp-content\/uploads\/2022\/04\/1180116.jpg?w=1024\" data-width=\"1200\" src=\"https:\/\/olloatlantico.com\/wp-content\/uploads\/2022\/04\/1180116.jpg\" data-amp-layout=\"responsive\" \/><\/figure><\/div><div class=\"tiled-gallery__col\" style=\"flex-basis:33.22598%;\"><figure class=\"tiled-gallery__item\"><img decoding=\"async\" srcset=\"https:\/\/olloatlantico.com\/wp-content\/uploads\/2022\/04\/1280018.jpg?strip=info&#038;w=600 600w,https:\/\/olloatlantico.com\/wp-content\/uploads\/2022\/04\/1280018.jpg?strip=info&#038;w=900 900w,https:\/\/olloatlantico.com\/wp-content\/uploads\/2022\/04\/1280018.jpg?strip=info&#038;w=1200 1200w\" alt=\"\" data-height=\"900\" data-id=\"3853\" data-link=\"https:\/\/olloatlantico.com\/olympus-digital-camera-5\/\" data-url=\"https:\/\/olloatlantico.com\/wp-content\/uploads\/2022\/04\/1280018.jpg?w=1024\" data-width=\"1200\" src=\"https:\/\/olloatlantico.com\/wp-content\/uploads\/2022\/04\/1280018.jpg\" data-amp-layout=\"responsive\" \/><\/figure><figure class=\"tiled-gallery__item\"><img decoding=\"async\" srcset=\"https:\/\/olloatlantico.com\/wp-content\/uploads\/2022\/04\/2030124.jpg?strip=info&#038;w=600 600w,https:\/\/olloatlantico.com\/wp-content\/uploads\/2022\/04\/2030124.jpg?strip=info&#038;w=900 900w,https:\/\/olloatlantico.com\/wp-content\/uploads\/2022\/04\/2030124.jpg?strip=info&#038;w=1200 1200w\" alt=\"\" data-height=\"900\" data-id=\"3854\" data-link=\"https:\/\/olloatlantico.com\/olympus-digital-camera-6\/\" data-url=\"https:\/\/olloatlantico.com\/wp-content\/uploads\/2022\/04\/2030124.jpg?w=1024\" data-width=\"1200\" src=\"https:\/\/olloatlantico.com\/wp-content\/uploads\/2022\/04\/2030124.jpg\" data-amp-layout=\"responsive\" \/><\/figure><\/div><\/div><div class=\"tiled-gallery__row\"><div class=\"tiled-gallery__col\" style=\"flex-basis:31.89765%;\"><figure class=\"tiled-gallery__item\"><img decoding=\"async\" srcset=\"https:\/\/olloatlantico.com\/wp-content\/uploads\/2022\/04\/2130067.jpg?strip=info&#038;w=600 600w,https:\/\/olloatlantico.com\/wp-content\/uploads\/2022\/04\/2130067.jpg?strip=info&#038;w=900 900w,https:\/\/olloatlantico.com\/wp-content\/uploads\/2022\/04\/2130067.jpg?strip=info&#038;w=1200 1200w\" alt=\"\" data-height=\"900\" data-id=\"3855\" data-link=\"https:\/\/olloatlantico.com\/olympus-digital-camera-7\/\" data-url=\"https:\/\/olloatlantico.com\/wp-content\/uploads\/2022\/04\/2130067.jpg?w=1024\" data-width=\"1200\" src=\"https:\/\/olloatlantico.com\/wp-content\/uploads\/2022\/04\/2130067.jpg\" data-amp-layout=\"responsive\" \/><\/figure><figure class=\"tiled-gallery__item\"><img decoding=\"async\" srcset=\"https:\/\/olloatlantico.com\/wp-content\/uploads\/2022\/04\/3280100__s.jpg?strip=info&#038;w=600 600w,https:\/\/olloatlantico.com\/wp-content\/uploads\/2022\/04\/3280100__s.jpg?strip=info&#038;w=900 900w,https:\/\/olloatlantico.com\/wp-content\/uploads\/2022\/04\/3280100__s.jpg?strip=info&#038;w=1200 1200w\" alt=\"\" data-height=\"900\" data-id=\"3856\" data-link=\"https:\/\/olloatlantico.com\/olympus-digital-camera-8\/\" data-url=\"https:\/\/olloatlantico.com\/wp-content\/uploads\/2022\/04\/3280100__s.jpg?w=1024\" data-width=\"1200\" src=\"https:\/\/olloatlantico.com\/wp-content\/uploads\/2022\/04\/3280100__s.jpg\" data-amp-layout=\"responsive\" \/><\/figure><\/div><div class=\"tiled-gallery__col\" style=\"flex-basis:36.20469%;\"><figure class=\"tiled-gallery__item\"><img decoding=\"async\" srcset=\"https:\/\/olloatlantico.com\/wp-content\/uploads\/2022\/04\/4130023__s.jpg?strip=info&#038;w=600 600w,https:\/\/olloatlantico.com\/wp-content\/uploads\/2022\/04\/4130023__s.jpg?strip=info&#038;w=900 900w\" alt=\"\" data-height=\"1200\" data-id=\"3857\" data-link=\"https:\/\/olloatlantico.com\/olympus-digital-camera-9\/\" data-url=\"https:\/\/olloatlantico.com\/wp-content\/uploads\/2022\/04\/4130023__s.jpg?w=768\" data-width=\"900\" src=\"https:\/\/olloatlantico.com\/wp-content\/uploads\/2022\/04\/4130023__s.jpg\" data-amp-layout=\"responsive\" \/><\/figure><\/div><div class=\"tiled-gallery__col\" style=\"flex-basis:31.89765%;\"><figure class=\"tiled-gallery__item\"><img decoding=\"async\" srcset=\"https:\/\/olloatlantico.com\/wp-content\/uploads\/2022\/04\/4140113__s.jpg?strip=info&#038;w=600 600w,https:\/\/olloatlantico.com\/wp-content\/uploads\/2022\/04\/4140113__s.jpg?strip=info&#038;w=900 900w,https:\/\/olloatlantico.com\/wp-content\/uploads\/2022\/04\/4140113__s.jpg?strip=info&#038;w=1200 1200w\" alt=\"\" data-height=\"900\" data-id=\"3858\" data-link=\"https:\/\/olloatlantico.com\/olympus-digital-camera-10\/\" data-url=\"https:\/\/olloatlantico.com\/wp-content\/uploads\/2022\/04\/4140113__s.jpg?w=1024\" data-width=\"1200\" src=\"https:\/\/olloatlantico.com\/wp-content\/uploads\/2022\/04\/4140113__s.jpg\" data-amp-layout=\"responsive\" \/><\/figure><figure class=\"tiled-gallery__item\"><img decoding=\"async\" srcset=\"https:\/\/olloatlantico.com\/wp-content\/uploads\/2022\/04\/4220049.jpg?strip=info&#038;w=600 600w,https:\/\/olloatlantico.com\/wp-content\/uploads\/2022\/04\/4220049.jpg?strip=info&#038;w=900 900w,https:\/\/olloatlantico.com\/wp-content\/uploads\/2022\/04\/4220049.jpg?strip=info&#038;w=1200 1200w\" alt=\"\" data-height=\"900\" data-id=\"3859\" data-link=\"https:\/\/olloatlantico.com\/olympus-digital-camera-11\/\" data-url=\"https:\/\/olloatlantico.com\/wp-content\/uploads\/2022\/04\/4220049.jpg?w=1024\" data-width=\"1200\" src=\"https:\/\/olloatlantico.com\/wp-content\/uploads\/2022\/04\/4220049.jpg\" data-amp-layout=\"responsive\" \/><\/figure><\/div><\/div><div class=\"tiled-gallery__row\"><div class=\"tiled-gallery__col\" style=\"flex-basis:33.33333%;\"><figure class=\"tiled-gallery__item\"><img decoding=\"async\" srcset=\"https:\/\/olloatlantico.com\/wp-content\/uploads\/2022\/04\/4280250.jpg?strip=info&#038;w=600 600w,https:\/\/olloatlantico.com\/wp-content\/uploads\/2022\/04\/4280250.jpg?strip=info&#038;w=900 900w,https:\/\/olloatlantico.com\/wp-content\/uploads\/2022\/04\/4280250.jpg?strip=info&#038;w=1200 1200w\" alt=\"\" data-height=\"900\" data-id=\"3861\" data-link=\"https:\/\/olloatlantico.com\/olympus-digital-camera-12\/\" data-url=\"https:\/\/olloatlantico.com\/wp-content\/uploads\/2022\/04\/4280250.jpg?w=1024\" data-width=\"1200\" src=\"https:\/\/olloatlantico.com\/wp-content\/uploads\/2022\/04\/4280250.jpg\" data-amp-layout=\"responsive\" \/><\/figure><\/div><div class=\"tiled-gallery__col\" style=\"flex-basis:33.33333%;\"><figure class=\"tiled-gallery__item\"><img decoding=\"async\" srcset=\"https:\/\/olloatlantico.com\/wp-content\/uploads\/2022\/04\/6160003.jpg?strip=info&#038;w=600 600w,https:\/\/olloatlantico.com\/wp-content\/uploads\/2022\/04\/6160003.jpg?strip=info&#038;w=900 900w,https:\/\/olloatlantico.com\/wp-content\/uploads\/2022\/04\/6160003.jpg?strip=info&#038;w=1200 1200w,https:\/\/olloatlantico.com\/wp-content\/uploads\/2022\/04\/6160003.jpg?strip=info&#038;w=1500 1500w,https:\/\/olloatlantico.com\/wp-content\/uploads\/2022\/04\/6160003.jpg?strip=info&#038;w=1800 1800w,https:\/\/olloatlantico.com\/wp-content\/uploads\/2022\/04\/6160003.jpg?strip=info&#038;w=2000 2000w\" alt=\"\" data-height=\"3456\" data-id=\"3862\" data-link=\"https:\/\/olloatlantico.com\/olympus-digital-camera-13\/\" data-url=\"https:\/\/olloatlantico.com\/wp-content\/uploads\/2022\/04\/6160003.jpg?w=1024\" data-width=\"4608\" src=\"https:\/\/olloatlantico.com\/wp-content\/uploads\/2022\/04\/6160003.jpg\" data-amp-layout=\"responsive\" \/><\/figure><\/div><div class=\"tiled-gallery__col\" style=\"flex-basis:33.33333%;\"><figure class=\"tiled-gallery__item\"><img decoding=\"async\" srcset=\"https:\/\/olloatlantico.com\/wp-content\/uploads\/2022\/04\/7080034__s.jpg?strip=info&#038;w=600 600w,https:\/\/olloatlantico.com\/wp-content\/uploads\/2022\/04\/7080034__s.jpg?strip=info&#038;w=900 900w,https:\/\/olloatlantico.com\/wp-content\/uploads\/2022\/04\/7080034__s.jpg?strip=info&#038;w=1200 1200w\" alt=\"\" data-height=\"900\" data-id=\"3863\" data-link=\"https:\/\/olloatlantico.com\/olympus-digital-camera-14\/\" data-url=\"https:\/\/olloatlantico.com\/wp-content\/uploads\/2022\/04\/7080034__s.jpg?w=1024\" data-width=\"1200\" src=\"https:\/\/olloatlantico.com\/wp-content\/uploads\/2022\/04\/7080034__s.jpg\" data-amp-layout=\"responsive\" \/><\/figure><\/div><\/div><div class=\"tiled-gallery__row\"><div class=\"tiled-gallery__col\" style=\"flex-basis:33.22598%;\"><figure class=\"tiled-gallery__item\"><img decoding=\"async\" srcset=\"https:\/\/olloatlantico.com\/wp-content\/uploads\/2022\/04\/7180035.jpg?strip=info&#038;w=600 600w,https:\/\/olloatlantico.com\/wp-content\/uploads\/2022\/04\/7180035.jpg?strip=info&#038;w=900 900w,https:\/\/olloatlantico.com\/wp-content\/uploads\/2022\/04\/7180035.jpg?strip=info&#038;w=1200 1200w\" alt=\"\" data-height=\"900\" data-id=\"3864\" data-link=\"https:\/\/olloatlantico.com\/olympus-digital-camera-15\/\" data-url=\"https:\/\/olloatlantico.com\/wp-content\/uploads\/2022\/04\/7180035.jpg?w=1024\" data-width=\"1200\" src=\"https:\/\/olloatlantico.com\/wp-content\/uploads\/2022\/04\/7180035.jpg\" data-amp-layout=\"responsive\" \/><\/figure><figure class=\"tiled-gallery__item\"><img decoding=\"async\" srcset=\"https:\/\/olloatlantico.com\/wp-content\/uploads\/2022\/04\/7290128.jpg?strip=info&#038;w=600 600w,https:\/\/olloatlantico.com\/wp-content\/uploads\/2022\/04\/7290128.jpg?strip=info&#038;w=900 900w,https:\/\/olloatlantico.com\/wp-content\/uploads\/2022\/04\/7290128.jpg?strip=info&#038;w=1200 1200w\" alt=\"\" data-height=\"900\" data-id=\"3865\" data-link=\"https:\/\/olloatlantico.com\/olympus-digital-camera-16\/\" data-url=\"https:\/\/olloatlantico.com\/wp-content\/uploads\/2022\/04\/7290128.jpg?w=1024\" data-width=\"1200\" src=\"https:\/\/olloatlantico.com\/wp-content\/uploads\/2022\/04\/7290128.jpg\" data-amp-layout=\"responsive\" \/><\/figure><\/div><div class=\"tiled-gallery__col\" style=\"flex-basis:66.77402%;\"><figure class=\"tiled-gallery__item\"><img decoding=\"async\" srcset=\"https:\/\/olloatlantico.com\/wp-content\/uploads\/2022\/04\/7290192.jpg?strip=info&#038;w=600 600w,https:\/\/olloatlantico.com\/wp-content\/uploads\/2022\/04\/7290192.jpg?strip=info&#038;w=900 900w,https:\/\/olloatlantico.com\/wp-content\/uploads\/2022\/04\/7290192.jpg?strip=info&#038;w=1200 1200w\" alt=\"\" data-height=\"900\" data-id=\"3866\" data-link=\"https:\/\/olloatlantico.com\/olympus-digital-camera-17\/\" data-url=\"https:\/\/olloatlantico.com\/wp-content\/uploads\/2022\/04\/7290192.jpg?w=1024\" data-width=\"1200\" src=\"https:\/\/olloatlantico.com\/wp-content\/uploads\/2022\/04\/7290192.jpg\" data-amp-layout=\"responsive\" \/><\/figure><\/div><\/div><div class=\"tiled-gallery__row\"><div class=\"tiled-gallery__col\" style=\"flex-basis:37.02678%;\"><figure class=\"tiled-gallery__item\"><img decoding=\"async\" srcset=\"https:\/\/olloatlantico.com\/wp-content\/uploads\/2022\/04\/a050050.jpg?strip=info&#038;w=600 600w,https:\/\/olloatlantico.com\/wp-content\/uploads\/2022\/04\/a050050.jpg?strip=info&#038;w=900 900w,https:\/\/olloatlantico.com\/wp-content\/uploads\/2022\/04\/a050050.jpg?strip=info&#038;w=1200 1200w,https:\/\/olloatlantico.com\/wp-content\/uploads\/2022\/04\/a050050.jpg?strip=info&#038;w=1500 1500w,https:\/\/olloatlantico.com\/wp-content\/uploads\/2022\/04\/a050050.jpg?strip=info&#038;w=1600 1600w\" alt=\"\" data-height=\"1200\" data-id=\"3867\" data-link=\"https:\/\/olloatlantico.com\/olympus-digital-camera-18\/\" data-url=\"https:\/\/olloatlantico.com\/wp-content\/uploads\/2022\/04\/a050050.jpg?w=1024\" data-width=\"1600\" src=\"https:\/\/olloatlantico.com\/wp-content\/uploads\/2022\/04\/a050050.jpg\" data-amp-layout=\"responsive\" \/><\/figure><figure class=\"tiled-gallery__item\"><img decoding=\"async\" srcset=\"https:\/\/olloatlantico.com\/wp-content\/uploads\/2022\/04\/a210029.jpg?strip=info&#038;w=600 600w,https:\/\/olloatlantico.com\/wp-content\/uploads\/2022\/04\/a210029.jpg?strip=info&#038;w=900 900w,https:\/\/olloatlantico.com\/wp-content\/uploads\/2022\/04\/a210029.jpg?strip=info&#038;w=1200 1200w\" alt=\"\" data-height=\"900\" data-id=\"3868\" data-link=\"https:\/\/olloatlantico.com\/olympus-digital-camera-19\/\" data-url=\"https:\/\/olloatlantico.com\/wp-content\/uploads\/2022\/04\/a210029.jpg?w=1024\" data-width=\"1200\" src=\"https:\/\/olloatlantico.com\/wp-content\/uploads\/2022\/04\/a210029.jpg\" data-amp-layout=\"responsive\" \/><\/figure><figure class=\"tiled-gallery__item\"><img decoding=\"async\" srcset=\"https:\/\/olloatlantico.com\/wp-content\/uploads\/2022\/04\/b010071.jpg?strip=info&#038;w=600 600w,https:\/\/olloatlantico.com\/wp-content\/uploads\/2022\/04\/b010071.jpg?strip=info&#038;w=900 900w,https:\/\/olloatlantico.com\/wp-content\/uploads\/2022\/04\/b010071.jpg?strip=info&#038;w=1200 1200w\" alt=\"\" data-height=\"900\" data-id=\"3869\" data-link=\"https:\/\/olloatlantico.com\/olympus-digital-camera-20\/\" data-url=\"https:\/\/olloatlantico.com\/wp-content\/uploads\/2022\/04\/b010071.jpg?w=1024\" data-width=\"1200\" src=\"https:\/\/olloatlantico.com\/wp-content\/uploads\/2022\/04\/b010071.jpg\" data-amp-layout=\"responsive\" \/><\/figure><\/div><div class=\"tiled-gallery__col\" style=\"flex-basis:62.97322%;\"><figure class=\"tiled-gallery__item\"><img decoding=\"async\" srcset=\"https:\/\/olloatlantico.com\/wp-content\/uploads\/2022\/04\/c130105.jpg?strip=info&#038;w=600 600w,https:\/\/olloatlantico.com\/wp-content\/uploads\/2022\/04\/c130105.jpg?strip=info&#038;w=900 900w\" alt=\"\" data-height=\"1200\" data-id=\"3870\" data-link=\"https:\/\/olloatlantico.com\/olympus-digital-camera-21\/\" data-url=\"https:\/\/olloatlantico.com\/wp-content\/uploads\/2022\/04\/c130105.jpg?w=768\" data-width=\"900\" src=\"https:\/\/olloatlantico.com\/wp-content\/uploads\/2022\/04\/c130105.jpg\" data-amp-layout=\"responsive\" \/><\/figure><\/div><\/div><div class=\"tiled-gallery__row\"><div class=\"tiled-gallery__col\" style=\"flex-basis:66.77402%;\"><figure class=\"tiled-gallery__item\"><img decoding=\"async\" srcset=\"https:\/\/olloatlantico.com\/wp-content\/uploads\/2022\/04\/p2150383__s.jpg?strip=info&#038;w=600 600w,https:\/\/olloatlantico.com\/wp-content\/uploads\/2022\/04\/p2150383__s.jpg?strip=info&#038;w=900 900w,https:\/\/olloatlantico.com\/wp-content\/uploads\/2022\/04\/p2150383__s.jpg?strip=info&#038;w=1200 1200w\" alt=\"\" data-height=\"900\" data-id=\"3871\" data-link=\"https:\/\/olloatlantico.com\/olympus-digital-camera-22\/\" data-url=\"https:\/\/olloatlantico.com\/wp-content\/uploads\/2022\/04\/p2150383__s.jpg?w=1024\" data-width=\"1200\" src=\"https:\/\/olloatlantico.com\/wp-content\/uploads\/2022\/04\/p2150383__s.jpg\" data-amp-layout=\"responsive\" \/><\/figure><\/div><div class=\"tiled-gallery__col\" style=\"flex-basis:33.22598%;\"><figure class=\"tiled-gallery__item\"><img decoding=\"async\" srcset=\"https:\/\/olloatlantico.com\/wp-content\/uploads\/2022\/04\/p6170003.jpg?strip=info&#038;w=600 600w,https:\/\/olloatlantico.com\/wp-content\/uploads\/2022\/04\/p6170003.jpg?strip=info&#038;w=900 900w,https:\/\/olloatlantico.com\/wp-content\/uploads\/2022\/04\/p6170003.jpg?strip=info&#038;w=960 960w\" alt=\"\" data-height=\"720\" data-id=\"3872\" data-link=\"https:\/\/olloatlantico.com\/olympus-digital-camera-23\/\" data-url=\"https:\/\/olloatlantico.com\/wp-content\/uploads\/2022\/04\/p6170003.jpg?w=960\" data-width=\"960\" src=\"https:\/\/olloatlantico.com\/wp-content\/uploads\/2022\/04\/p6170003.jpg\" data-amp-layout=\"responsive\" \/><\/figure><figure class=\"tiled-gallery__item\"><img decoding=\"async\" srcset=\"https:\/\/olloatlantico.com\/wp-content\/uploads\/2022\/04\/p9070082.jpg?strip=info&#038;w=600 600w,https:\/\/olloatlantico.com\/wp-content\/uploads\/2022\/04\/p9070082.jpg?strip=info&#038;w=900 900w,https:\/\/olloatlantico.com\/wp-content\/uploads\/2022\/04\/p9070082.jpg?strip=info&#038;w=960 960w\" alt=\"\" data-height=\"720\" data-id=\"3874\" data-link=\"https:\/\/olloatlantico.com\/olympus-digital-camera-24\/\" data-url=\"https:\/\/olloatlantico.com\/wp-content\/uploads\/2022\/04\/p9070082.jpg?w=960\" data-width=\"960\" src=\"https:\/\/olloatlantico.com\/wp-content\/uploads\/2022\/04\/p9070082.jpg\" data-amp-layout=\"responsive\" \/><\/figure><\/div><\/div><div class=\"tiled-gallery__row\"><div class=\"tiled-gallery__col\" style=\"flex-basis:100%;\"><figure class=\"tiled-gallery__item\"><img decoding=\"async\" srcset=\"https:\/\/olloatlantico.com\/wp-content\/uploads\/2022\/04\/puente.jpg?strip=info&#038;w=600 600w,https:\/\/olloatlantico.com\/wp-content\/uploads\/2022\/04\/puente.jpg?strip=info&#038;w=900 900w,https:\/\/olloatlantico.com\/wp-content\/uploads\/2022\/04\/puente.jpg?strip=info&#038;w=1024 1024w\" alt=\"\" data-height=\"768\" data-id=\"3875\" data-link=\"https:\/\/olloatlantico.com\/olympus-digital-camera-25\/\" data-url=\"https:\/\/olloatlantico.com\/wp-content\/uploads\/2022\/04\/puente.jpg?w=1024\" data-width=\"1024\" src=\"https:\/\/olloatlantico.com\/wp-content\/uploads\/2022\/04\/puente.jpg\" data-amp-layout=\"responsive\" \/><\/figure><\/div><\/div><\/div><\/div>\n","protected":false},"excerpt":{"rendered":"<p>Para m\u00ed la fotograf\u00eda es puro entretenimiento y por eso la valoro tanto, le dedico muchas horas y me hace estar pensando en ella la mayor parte del tiempo. Es, adem\u00e1s, un canal para estar en contacto con gente que me aporta conocimiento y amistad. Creo que es una afici\u00f3n perfecta. Mis primeros contactos con [&hellip;]<\/p>\n","protected":false},"author":4,"featured_media":0,"parent":0,"menu_order":0,"comment_status":"closed","ping_status":"closed","template":"","meta":{"jetpack_post_was_ever_published":false,"footnotes":""},"class_list":["post-3848","page","type-page","status-publish","hentry"],"jetpack_sharing_enabled":true,"_links":{"self":[{"href":"https:\/\/www.olloatlantico.es\/index.php\/wp-json\/wp\/v2\/pages\/3848","targetHints":{"allow":["GET"]}}],"collection":[{"href":"https:\/\/www.olloatlantico.es\/index.php\/wp-json\/wp\/v2\/pages"}],"about":[{"href":"https:\/\/www.olloatlantico.es\/index.php\/wp-json\/wp\/v2\/types\/page"}],"author":[{"embeddable":true,"href":"https:\/\/www.olloatlantico.es\/index.php\/wp-json\/wp\/v2\/users\/4"}],"replies":[{"embeddable":true,"href":"https:\/\/www.olloatlantico.es\/index.php\/wp-json\/wp\/v2\/comments?post=3848"}],"version-history":[{"count":0,"href":"https:\/\/www.olloatlantico.es\/index.php\/wp-json\/wp\/v2\/pages\/3848\/revisions"}],"wp:attachment":[{"href":"https:\/\/www.olloatlantico.es\/index.php\/wp-json\/wp\/v2\/media?parent=3848"}],"curies":[{"name":"wp","href":"https:\/\/api.w.org\/{rel}","templated":true}]}}