{"id":4096,"date":"2022-04-26T20:27:18","date_gmt":"2022-04-26T18:27:18","guid":{"rendered":"https:\/\/olloatlantico.com\/?page_id=4096"},"modified":"2022-04-26T20:27:18","modified_gmt":"2022-04-26T18:27:18","slug":"lou-escandell","status":"publish","type":"page","link":"https:\/\/www.olloatlantico.es\/index.php\/lou-escandell\/","title":{"rendered":"Lou Escandell"},"content":{"rendered":"\n<p class=\"has-text-align-justify\">Lou Escandell, Palma de Mallorca 1960, actualmente resido en Pontevedra desde hace 5 a\u00f1os. Mi mayor inter\u00e9s siempre ha sido la foto de calle y me he centrado en el estudio de esta modalidad, aunque\u00a0 cada vez se esta poniendo m\u00e1s dif\u00edcil el tema del Street por esta raz\u00f3n ando buscando otras alternativas y abierta a otros estilos. Mi fotograf\u00eda se caracteriza por la b\u00fasqueda de luz y color. Utilizo cualquier cosa que haga click, no me importa usar m\u00f3vil, polaroid o la propia c\u00e1mara siempre que me guste el resultado.<\/p>\n\n\n\n<hr class=\"wp-block-separator has-css-opacity\" \/>\n\n\n\n<div class=\"wp-block-jetpack-tiled-gallery aligncenter is-style-rectangular\"><div class=\"tiled-gallery__gallery\"><div class=\"tiled-gallery__row\"><div class=\"tiled-gallery__col\" style=\"flex-basis:71.50362%;\"><figure class=\"tiled-gallery__item\"><img decoding=\"async\" srcset=\"https:\/\/olloatlantico.com\/wp-content\/uploads\/2022\/04\/dsf1675.jpg?strip=info&#038;w=600 600w,https:\/\/olloatlantico.com\/wp-content\/uploads\/2022\/04\/dsf1675.jpg?strip=info&#038;w=900 900w,https:\/\/olloatlantico.com\/wp-content\/uploads\/2022\/04\/dsf1675.jpg?strip=info&#038;w=1200 1200w,https:\/\/olloatlantico.com\/wp-content\/uploads\/2022\/04\/dsf1675.jpg?strip=info&#038;w=1497 1497w\" alt=\"\" data-height=\"998\" data-id=\"4099\" data-link=\"https:\/\/olloatlantico.com\/dsf1675\/\" data-url=\"https:\/\/olloatlantico.com\/wp-content\/uploads\/2022\/04\/dsf1675.jpg?w=1024\" data-width=\"1497\" src=\"https:\/\/olloatlantico.com\/wp-content\/uploads\/2022\/04\/dsf1675.jpg\" data-amp-layout=\"responsive\" \/><\/figure><\/div><div class=\"tiled-gallery__col\" style=\"flex-basis:28.49638%;\"><figure class=\"tiled-gallery__item\"><img decoding=\"async\" srcset=\"https:\/\/olloatlantico.com\/wp-content\/uploads\/2022\/04\/13b920f6-6d80-4820-b709-a5d43ef2488f.jpg?strip=info&#038;w=600 600w,https:\/\/olloatlantico.com\/wp-content\/uploads\/2022\/04\/13b920f6-6d80-4820-b709-a5d43ef2488f.jpg?strip=info&#038;w=900 900w,https:\/\/olloatlantico.com\/wp-content\/uploads\/2022\/04\/13b920f6-6d80-4820-b709-a5d43ef2488f.jpg?strip=info&#038;w=998 998w\" alt=\"\" data-height=\"998\" data-id=\"4100\" data-link=\"https:\/\/olloatlantico.com\/13b920f6-6d80-4820-b709-a5d43ef2488f\/\" data-url=\"https:\/\/olloatlantico.com\/wp-content\/uploads\/2022\/04\/13b920f6-6d80-4820-b709-a5d43ef2488f.jpg?w=998\" data-width=\"998\" src=\"https:\/\/olloatlantico.com\/wp-content\/uploads\/2022\/04\/13b920f6-6d80-4820-b709-a5d43ef2488f.jpg\" data-amp-layout=\"responsive\" \/><\/figure><figure class=\"tiled-gallery__item\"><img decoding=\"async\" srcset=\"https:\/\/olloatlantico.com\/wp-content\/uploads\/2022\/04\/dscf2399.jpg?strip=info&#038;w=600 600w,https:\/\/olloatlantico.com\/wp-content\/uploads\/2022\/04\/dscf2399.jpg?strip=info&#038;w=900 900w,https:\/\/olloatlantico.com\/wp-content\/uploads\/2022\/04\/dscf2399.jpg?strip=info&#038;w=1200 1200w,https:\/\/olloatlantico.com\/wp-content\/uploads\/2022\/04\/dscf2399.jpg?strip=info&#038;w=1497 1497w\" alt=\"\" data-height=\"998\" data-id=\"4101\" data-link=\"https:\/\/olloatlantico.com\/dscf2399\/\" data-url=\"https:\/\/olloatlantico.com\/wp-content\/uploads\/2022\/04\/dscf2399.jpg?w=1024\" data-width=\"1497\" src=\"https:\/\/olloatlantico.com\/wp-content\/uploads\/2022\/04\/dscf2399.jpg\" data-amp-layout=\"responsive\" \/><\/figure><\/div><\/div><div class=\"tiled-gallery__row\"><div class=\"tiled-gallery__col\" style=\"flex-basis:52.75232%;\"><figure class=\"tiled-gallery__item\"><img decoding=\"async\" srcset=\"https:\/\/olloatlantico.com\/wp-content\/uploads\/2022\/04\/dscf2427.jpg?strip=info&#038;w=600 600w,https:\/\/olloatlantico.com\/wp-content\/uploads\/2022\/04\/dscf2427.jpg?strip=info&#038;w=900 900w,https:\/\/olloatlantico.com\/wp-content\/uploads\/2022\/04\/dscf2427.jpg?strip=info&#038;w=1200 1200w,https:\/\/olloatlantico.com\/wp-content\/uploads\/2022\/04\/dscf2427.jpg?strip=info&#038;w=1497 1497w\" alt=\"\" data-height=\"998\" data-id=\"4102\" data-link=\"https:\/\/olloatlantico.com\/dscf2427\/\" data-url=\"https:\/\/olloatlantico.com\/wp-content\/uploads\/2022\/04\/dscf2427.jpg?w=1024\" data-width=\"1497\" src=\"https:\/\/olloatlantico.com\/wp-content\/uploads\/2022\/04\/dscf2427.jpg\" data-amp-layout=\"responsive\" \/><\/figure><figure class=\"tiled-gallery__item\"><img decoding=\"async\" srcset=\"https:\/\/olloatlantico.com\/wp-content\/uploads\/2022\/04\/dscf2432.jpg?strip=info&#038;w=600 600w,https:\/\/olloatlantico.com\/wp-content\/uploads\/2022\/04\/dscf2432.jpg?strip=info&#038;w=900 900w,https:\/\/olloatlantico.com\/wp-content\/uploads\/2022\/04\/dscf2432.jpg?strip=info&#038;w=1200 1200w,https:\/\/olloatlantico.com\/wp-content\/uploads\/2022\/04\/dscf2432.jpg?strip=info&#038;w=1497 1497w\" alt=\"\" data-height=\"998\" data-id=\"4103\" data-link=\"https:\/\/olloatlantico.com\/dscf2432\/\" data-url=\"https:\/\/olloatlantico.com\/wp-content\/uploads\/2022\/04\/dscf2432.jpg?w=1024\" data-width=\"1497\" src=\"https:\/\/olloatlantico.com\/wp-content\/uploads\/2022\/04\/dscf2432.jpg\" data-amp-layout=\"responsive\" \/><\/figure><\/div><div class=\"tiled-gallery__col\" style=\"flex-basis:47.24768%;\"><figure class=\"tiled-gallery__item\"><img decoding=\"async\" srcset=\"https:\/\/olloatlantico.com\/wp-content\/uploads\/2022\/04\/dscf2664.jpg?strip=info&#038;w=512 512w\" alt=\"\" data-height=\"768\" data-id=\"4104\" data-link=\"https:\/\/olloatlantico.com\/dscf2664\/\" data-url=\"https:\/\/olloatlantico.com\/wp-content\/uploads\/2022\/04\/dscf2664.jpg?w=512\" data-width=\"512\" src=\"https:\/\/olloatlantico.com\/wp-content\/uploads\/2022\/04\/dscf2664.jpg\" data-amp-layout=\"responsive\" \/><\/figure><\/div><\/div><div class=\"tiled-gallery__row\"><div class=\"tiled-gallery__col\" style=\"flex-basis:32.11923%;\"><figure class=\"tiled-gallery__item\"><img decoding=\"async\" srcset=\"https:\/\/olloatlantico.com\/wp-content\/uploads\/2022\/04\/dscf3086.jpg?strip=info&#038;w=600 600w,https:\/\/olloatlantico.com\/wp-content\/uploads\/2022\/04\/dscf3086.jpg?strip=info&#038;w=665 665w\" alt=\"\" data-height=\"998\" data-id=\"4105\" data-link=\"https:\/\/olloatlantico.com\/dscf3086\/\" data-url=\"https:\/\/olloatlantico.com\/wp-content\/uploads\/2022\/04\/dscf3086.jpg?w=665\" data-width=\"665\" src=\"https:\/\/olloatlantico.com\/wp-content\/uploads\/2022\/04\/dscf3086.jpg\" data-amp-layout=\"responsive\" \/><\/figure><\/div><div class=\"tiled-gallery__col\" style=\"flex-basis:35.74555%;\"><figure class=\"tiled-gallery__item\"><img decoding=\"async\" srcset=\"https:\/\/olloatlantico.com\/wp-content\/uploads\/2022\/04\/dscf4364.jpg?strip=info&#038;w=600 600w,https:\/\/olloatlantico.com\/wp-content\/uploads\/2022\/04\/dscf4364.jpg?strip=info&#038;w=900 900w,https:\/\/olloatlantico.com\/wp-content\/uploads\/2022\/04\/dscf4364.jpg?strip=info&#038;w=1200 1200w,https:\/\/olloatlantico.com\/wp-content\/uploads\/2022\/04\/dscf4364.jpg?strip=info&#038;w=1366 1366w\" alt=\"\" data-height=\"911\" data-id=\"4106\" data-link=\"https:\/\/olloatlantico.com\/dscf4364\/\" data-url=\"https:\/\/olloatlantico.com\/wp-content\/uploads\/2022\/04\/dscf4364.jpg?w=1024\" data-width=\"1366\" src=\"https:\/\/olloatlantico.com\/wp-content\/uploads\/2022\/04\/dscf4364.jpg\" data-amp-layout=\"responsive\" \/><\/figure><figure class=\"tiled-gallery__item\"><img decoding=\"async\" srcset=\"https:\/\/olloatlantico.com\/wp-content\/uploads\/2022\/04\/dscf6060.jpg?strip=info&#038;w=600 600w,https:\/\/olloatlantico.com\/wp-content\/uploads\/2022\/04\/dscf6060.jpg?strip=info&#038;w=900 900w,https:\/\/olloatlantico.com\/wp-content\/uploads\/2022\/04\/dscf6060.jpg?strip=info&#038;w=1200 1200w,https:\/\/olloatlantico.com\/wp-content\/uploads\/2022\/04\/dscf6060.jpg?strip=info&#038;w=1366 1366w\" alt=\"\" data-height=\"911\" data-id=\"4107\" data-link=\"https:\/\/olloatlantico.com\/dscf6060\/\" data-url=\"https:\/\/olloatlantico.com\/wp-content\/uploads\/2022\/04\/dscf6060.jpg?w=1024\" data-width=\"1366\" src=\"https:\/\/olloatlantico.com\/wp-content\/uploads\/2022\/04\/dscf6060.jpg\" data-amp-layout=\"responsive\" \/><\/figure><\/div><div class=\"tiled-gallery__col\" style=\"flex-basis:32.13521%;\"><figure class=\"tiled-gallery__item\"><img decoding=\"async\" srcset=\"https:\/\/olloatlantico.com\/wp-content\/uploads\/2022\/04\/dscf6952.jpg?strip=info&#038;w=512 512w\" alt=\"\" data-height=\"768\" data-id=\"4108\" data-link=\"https:\/\/olloatlantico.com\/dscf6952\/\" data-url=\"https:\/\/olloatlantico.com\/wp-content\/uploads\/2022\/04\/dscf6952.jpg?w=512\" data-width=\"512\" src=\"https:\/\/olloatlantico.com\/wp-content\/uploads\/2022\/04\/dscf6952.jpg\" data-amp-layout=\"responsive\" \/><\/figure><\/div><\/div><div class=\"tiled-gallery__row\"><div class=\"tiled-gallery__col\" style=\"flex-basis:41.14869%;\"><figure class=\"tiled-gallery__item\"><img decoding=\"async\" srcset=\"https:\/\/olloatlantico.com\/wp-content\/uploads\/2022\/04\/dscf8283.jpg?strip=info&#038;w=600 600w,https:\/\/olloatlantico.com\/wp-content\/uploads\/2022\/04\/dscf8283.jpg?strip=info&#038;w=900 900w,https:\/\/olloatlantico.com\/wp-content\/uploads\/2022\/04\/dscf8283.jpg?strip=info&#038;w=1200 1200w,https:\/\/olloatlantico.com\/wp-content\/uploads\/2022\/04\/dscf8283.jpg?strip=info&#038;w=1366 1366w\" alt=\"\" data-height=\"911\" data-id=\"4109\" data-link=\"https:\/\/olloatlantico.com\/dscf8283\/\" data-url=\"https:\/\/olloatlantico.com\/wp-content\/uploads\/2022\/04\/dscf8283.jpg?w=1024\" data-width=\"1366\" src=\"https:\/\/olloatlantico.com\/wp-content\/uploads\/2022\/04\/dscf8283.jpg\" data-amp-layout=\"responsive\" \/><\/figure><figure class=\"tiled-gallery__item\"><img decoding=\"async\" srcset=\"https:\/\/olloatlantico.com\/wp-content\/uploads\/2022\/04\/dscf9321.jpg?strip=info&#038;w=600 600w,https:\/\/olloatlantico.com\/wp-content\/uploads\/2022\/04\/dscf9321.jpg?strip=info&#038;w=900 900w,https:\/\/olloatlantico.com\/wp-content\/uploads\/2022\/04\/dscf9321.jpg?strip=info&#038;w=1200 1200w,https:\/\/olloatlantico.com\/wp-content\/uploads\/2022\/04\/dscf9321.jpg?strip=info&#038;w=1366 1366w\" alt=\"\" data-height=\"911\" data-id=\"4110\" data-link=\"https:\/\/olloatlantico.com\/dscf9321\/\" data-url=\"https:\/\/olloatlantico.com\/wp-content\/uploads\/2022\/04\/dscf9321.jpg?w=1024\" data-width=\"1366\" src=\"https:\/\/olloatlantico.com\/wp-content\/uploads\/2022\/04\/dscf9321.jpg\" data-amp-layout=\"responsive\" \/><\/figure><figure class=\"tiled-gallery__item\"><img decoding=\"async\" srcset=\"https:\/\/olloatlantico.com\/wp-content\/uploads\/2022\/04\/dscf9759-2.jpg?strip=info&#038;w=600 600w,https:\/\/olloatlantico.com\/wp-content\/uploads\/2022\/04\/dscf9759-2.jpg?strip=info&#038;w=900 900w,https:\/\/olloatlantico.com\/wp-content\/uploads\/2022\/04\/dscf9759-2.jpg?strip=info&#038;w=968 968w\" alt=\"\" data-height=\"768\" data-id=\"4111\" data-link=\"https:\/\/olloatlantico.com\/dscf9759-2\/\" data-url=\"https:\/\/olloatlantico.com\/wp-content\/uploads\/2022\/04\/dscf9759-2.jpg?w=968\" data-width=\"968\" src=\"https:\/\/olloatlantico.com\/wp-content\/uploads\/2022\/04\/dscf9759-2.jpg\" data-amp-layout=\"responsive\" \/><\/figure><\/div><div class=\"tiled-gallery__col\" style=\"flex-basis:58.85131%;\"><figure class=\"tiled-gallery__item\"><img decoding=\"async\" srcset=\"https:\/\/olloatlantico.com\/wp-content\/uploads\/2022\/04\/dscf9787.jpg?strip=info&#038;w=512 512w\" alt=\"\" data-height=\"768\" data-id=\"4112\" data-link=\"https:\/\/olloatlantico.com\/dscf9787\/\" data-url=\"https:\/\/olloatlantico.com\/wp-content\/uploads\/2022\/04\/dscf9787.jpg?w=512\" data-width=\"512\" src=\"https:\/\/olloatlantico.com\/wp-content\/uploads\/2022\/04\/dscf9787.jpg\" data-amp-layout=\"responsive\" \/><\/figure><\/div><\/div><\/div><\/div>\n","protected":false},"excerpt":{"rendered":"<p>Lou Escandell, Palma de Mallorca 1960, actualmente resido en Pontevedra desde hace 5 a\u00f1os. Mi mayor inter\u00e9s siempre ha sido la foto de calle y me he centrado en el estudio de esta modalidad, aunque\u00a0 cada vez se esta poniendo m\u00e1s dif\u00edcil el tema del Street por esta raz\u00f3n ando buscando otras alternativas y abierta [&hellip;]<\/p>\n","protected":false},"author":4,"featured_media":0,"parent":0,"menu_order":0,"comment_status":"closed","ping_status":"closed","template":"","meta":{"jetpack_post_was_ever_published":false,"footnotes":""},"class_list":["post-4096","page","type-page","status-publish","hentry"],"jetpack_sharing_enabled":true,"_links":{"self":[{"href":"https:\/\/www.olloatlantico.es\/index.php\/wp-json\/wp\/v2\/pages\/4096","targetHints":{"allow":["GET"]}}],"collection":[{"href":"https:\/\/www.olloatlantico.es\/index.php\/wp-json\/wp\/v2\/pages"}],"about":[{"href":"https:\/\/www.olloatlantico.es\/index.php\/wp-json\/wp\/v2\/types\/page"}],"author":[{"embeddable":true,"href":"https:\/\/www.olloatlantico.es\/index.php\/wp-json\/wp\/v2\/users\/4"}],"replies":[{"embeddable":true,"href":"https:\/\/www.olloatlantico.es\/index.php\/wp-json\/wp\/v2\/comments?post=4096"}],"version-history":[{"count":0,"href":"https:\/\/www.olloatlantico.es\/index.php\/wp-json\/wp\/v2\/pages\/4096\/revisions"}],"wp:attachment":[{"href":"https:\/\/www.olloatlantico.es\/index.php\/wp-json\/wp\/v2\/media?parent=4096"}],"curies":[{"name":"wp","href":"https:\/\/api.w.org\/{rel}","templated":true}]}}