{"id":4852,"date":"2022-08-05T17:40:53","date_gmt":"2022-08-05T15:40:53","guid":{"rendered":"https:\/\/olloatlantico.com\/?page_id=4852"},"modified":"2022-08-05T17:40:53","modified_gmt":"2022-08-05T15:40:53","slug":"angeles-aldariz","status":"publish","type":"page","link":"https:\/\/www.olloatlantico.es\/index.php\/angeles-aldariz\/","title":{"rendered":"\u00c1ngeles Aldariz"},"content":{"rendered":"\n<p>Vivimos en un entorno complejo en que nos es dif\u00edcil ser conscientes de todo lo que ocurre a nuestro alrededor, con la fotograf\u00eda hacemos un doble acto de observaci\u00f3n, uno en el momento de fotografiar y otro, m\u00e1s calmado, en el momento en que vemos lo fotografiado.<\/p>\n\n\n\n<p>Me inici\u00e9 en la fotograf\u00eda a trav\u00e9s de los viajes, fotografiaba como coleccionista de recuerdos &nbsp;intentando que cuando observara esas fotograf\u00edas me trasladaran al momento de la captura y pudiera revivir de alguna manera lo que all\u00ed sent\u00ed, poco a poco, de una manera inconsciente me fui introduciendo en otros tipos de fotograf\u00eda como son la fotograf\u00eda art\u00edstica, documental y de calle.<\/p>\n\n\n\n<p>Algunas de mis fotograf\u00edas han sido utilizadas para folletos y blogs de viajes as\u00ed como para gu\u00edas de viajes.<\/p>\n\n\n\n<p>He quedado finalista en varios concursos de fotograf\u00eda como el\u00a0Concurso Mirada y Luz 2010 de Abanca, \u00a0el \u00a0IX Certame Ambiental do Concello de Arteixo, tercer premio del Concurso fotogr\u00e1fico Viajes Tuareg 2019 y mi serie \u201cFin de la faena\u201d ha sido finalista del XVIII Premio Lu\u00eds Ksado de creaci\u00f3n fotogr\u00e1fica 2024.<\/p>\n\n\n\n<p>He realizado exposiciones individuales y participado en exposiciones colectivas como \u00abOlladas de Muller Sobre a gu\u00eda postal de Lugo De Maruja Mallo\u00bb de la Diputaci\u00f3n de Lugo y Gaia II.<\/p>\n\n\n\n<p>Y me dejo llevar\u2026.<\/p>\n\n\n\n<p>https:\/\/www.instagram.com\/angelesaldariz\/<\/p>\n\n\n\n<div class=\"wp-block-jetpack-tiled-gallery aligncenter is-style-rectangular\"><div class=\"\"><div class=\"tiled-gallery__gallery\"><div class=\"tiled-gallery__row\"><div class=\"tiled-gallery__col\" style=\"flex-basis:66.77402%\"><figure class=\"tiled-gallery__item\"><img decoding=\"async\" srcset=\"https:\/\/olloatlantico.com\/wp-content\/uploads\/2022\/08\/7040016.jpg?strip=info&#038;w=600 600w,https:\/\/olloatlantico.com\/wp-content\/uploads\/2022\/08\/7040016.jpg?strip=info&#038;w=900 900w,https:\/\/olloatlantico.com\/wp-content\/uploads\/2022\/08\/7040016.jpg?strip=info&#038;w=1200 1200w,https:\/\/olloatlantico.com\/wp-content\/uploads\/2022\/08\/7040016.jpg?strip=info&#038;w=1500 1500w,https:\/\/olloatlantico.com\/wp-content\/uploads\/2022\/08\/7040016.jpg?strip=info&#038;w=1800 1800w,https:\/\/olloatlantico.com\/wp-content\/uploads\/2022\/08\/7040016.jpg?strip=info&#038;w=2000 2000w\" alt=\"\" data-height=\"3456\" data-id=\"4854\" data-link=\"https:\/\/olloatlantico.com\/?attachment_id=4854\" data-url=\"https:\/\/olloatlantico.com\/wp-content\/uploads\/2022\/08\/7040016.jpg?w=1024\" data-width=\"4608\" src=\"https:\/\/olloatlantico.com\/wp-content\/uploads\/2022\/08\/7040016.jpg\" role=\"button\" aria-label=\"Abrir la imagen 1 de 8 en pantalla completa\" \/><\/figure><\/div><div class=\"tiled-gallery__col\" style=\"flex-basis:33.22598%\"><figure class=\"tiled-gallery__item\"><img decoding=\"async\" srcset=\"https:\/\/olloatlantico.com\/wp-content\/uploads\/2022\/08\/b080944.jpg?strip=info&#038;w=600 600w,https:\/\/olloatlantico.com\/wp-content\/uploads\/2022\/08\/b080944.jpg?strip=info&#038;w=900 900w,https:\/\/olloatlantico.com\/wp-content\/uploads\/2022\/08\/b080944.jpg?strip=info&#038;w=1200 1200w,https:\/\/olloatlantico.com\/wp-content\/uploads\/2022\/08\/b080944.jpg?strip=info&#038;w=1500 1500w,https:\/\/olloatlantico.com\/wp-content\/uploads\/2022\/08\/b080944.jpg?strip=info&#038;w=1800 1800w,https:\/\/olloatlantico.com\/wp-content\/uploads\/2022\/08\/b080944.jpg?strip=info&#038;w=2000 2000w\" alt=\"\" data-height=\"2697\" data-id=\"4855\" data-link=\"https:\/\/olloatlantico.com\/?attachment_id=4855\" data-url=\"https:\/\/olloatlantico.com\/wp-content\/uploads\/2022\/08\/b080944.jpg?w=1024\" data-width=\"3596\" src=\"https:\/\/olloatlantico.com\/wp-content\/uploads\/2022\/08\/b080944.jpg\" role=\"button\" aria-label=\"Abrir la imagen 2 de 8 en pantalla completa\" \/><\/figure><figure class=\"tiled-gallery__item\"><img decoding=\"async\" srcset=\"https:\/\/olloatlantico.com\/wp-content\/uploads\/2022\/08\/b091281.jpg?strip=info&#038;w=600 600w,https:\/\/olloatlantico.com\/wp-content\/uploads\/2022\/08\/b091281.jpg?strip=info&#038;w=900 900w,https:\/\/olloatlantico.com\/wp-content\/uploads\/2022\/08\/b091281.jpg?strip=info&#038;w=1200 1200w,https:\/\/olloatlantico.com\/wp-content\/uploads\/2022\/08\/b091281.jpg?strip=info&#038;w=1500 1500w,https:\/\/olloatlantico.com\/wp-content\/uploads\/2022\/08\/b091281.jpg?strip=info&#038;w=1800 1800w,https:\/\/olloatlantico.com\/wp-content\/uploads\/2022\/08\/b091281.jpg?strip=info&#038;w=2000 2000w\" alt=\"\" data-height=\"3456\" data-id=\"4856\" data-link=\"https:\/\/olloatlantico.com\/?attachment_id=4856\" data-url=\"https:\/\/olloatlantico.com\/wp-content\/uploads\/2022\/08\/b091281.jpg?w=1024\" data-width=\"4608\" src=\"https:\/\/olloatlantico.com\/wp-content\/uploads\/2022\/08\/b091281.jpg\" role=\"button\" aria-label=\"Abrir la imagen 3 de 8 en pantalla completa\" \/><\/figure><\/div><\/div><div class=\"tiled-gallery__row\"><div class=\"tiled-gallery__col\" style=\"flex-basis:33.22957%\"><figure class=\"tiled-gallery__item\"><img decoding=\"async\" srcset=\"https:\/\/olloatlantico.com\/wp-content\/uploads\/2022\/08\/b140535.jpg?strip=info&#038;w=600 600w,https:\/\/olloatlantico.com\/wp-content\/uploads\/2022\/08\/b140535.jpg?strip=info&#038;w=900 900w,https:\/\/olloatlantico.com\/wp-content\/uploads\/2022\/08\/b140535.jpg?strip=info&#038;w=1200 1200w,https:\/\/olloatlantico.com\/wp-content\/uploads\/2022\/08\/b140535.jpg?strip=info&#038;w=1500 1500w,https:\/\/olloatlantico.com\/wp-content\/uploads\/2022\/08\/b140535.jpg?strip=info&#038;w=1800 1800w,https:\/\/olloatlantico.com\/wp-content\/uploads\/2022\/08\/b140535.jpg?strip=info&#038;w=2000 2000w\" alt=\"\" data-height=\"2477\" data-id=\"4857\" data-link=\"https:\/\/olloatlantico.com\/?attachment_id=4857\" data-url=\"https:\/\/olloatlantico.com\/wp-content\/uploads\/2022\/08\/b140535.jpg?w=1024\" data-width=\"3303\" src=\"https:\/\/olloatlantico.com\/wp-content\/uploads\/2022\/08\/b140535.jpg\" role=\"button\" aria-label=\"Abrir la imagen 4 de 8 en pantalla completa\" \/><\/figure><figure class=\"tiled-gallery__item\"><img decoding=\"async\" srcset=\"https:\/\/olloatlantico.com\/wp-content\/uploads\/2022\/08\/b150776.jpg?strip=info&#038;w=600 600w,https:\/\/olloatlantico.com\/wp-content\/uploads\/2022\/08\/b150776.jpg?strip=info&#038;w=900 900w,https:\/\/olloatlantico.com\/wp-content\/uploads\/2022\/08\/b150776.jpg?strip=info&#038;w=1200 1200w,https:\/\/olloatlantico.com\/wp-content\/uploads\/2022\/08\/b150776.jpg?strip=info&#038;w=1500 1500w,https:\/\/olloatlantico.com\/wp-content\/uploads\/2022\/08\/b150776.jpg?strip=info&#038;w=1800 1800w,https:\/\/olloatlantico.com\/wp-content\/uploads\/2022\/08\/b150776.jpg?strip=info&#038;w=2000 2000w\" alt=\"\" data-height=\"3188\" data-id=\"4858\" data-link=\"https:\/\/olloatlantico.com\/?attachment_id=4858\" data-url=\"https:\/\/olloatlantico.com\/wp-content\/uploads\/2022\/08\/b150776.jpg?w=1024\" data-width=\"4251\" src=\"https:\/\/olloatlantico.com\/wp-content\/uploads\/2022\/08\/b150776.jpg\" role=\"button\" aria-label=\"Abrir la imagen 5 de 8 en pantalla completa\" \/><\/figure><\/div><div class=\"tiled-gallery__col\" style=\"flex-basis:66.77043%\"><figure class=\"tiled-gallery__item\"><img decoding=\"async\" srcset=\"https:\/\/olloatlantico.com\/wp-content\/uploads\/2022\/08\/c081075.jpg?strip=info&#038;w=600 600w,https:\/\/olloatlantico.com\/wp-content\/uploads\/2022\/08\/c081075.jpg?strip=info&#038;w=900 900w,https:\/\/olloatlantico.com\/wp-content\/uploads\/2022\/08\/c081075.jpg?strip=info&#038;w=1200 1200w,https:\/\/olloatlantico.com\/wp-content\/uploads\/2022\/08\/c081075.jpg?strip=info&#038;w=1500 1500w,https:\/\/olloatlantico.com\/wp-content\/uploads\/2022\/08\/c081075.jpg?strip=info&#038;w=1800 1800w,https:\/\/olloatlantico.com\/wp-content\/uploads\/2022\/08\/c081075.jpg?strip=info&#038;w=2000 2000w\" alt=\"\" data-height=\"3424\" data-id=\"4859\" data-link=\"https:\/\/olloatlantico.com\/?attachment_id=4859\" data-url=\"https:\/\/olloatlantico.com\/wp-content\/uploads\/2022\/08\/c081075.jpg?w=1024\" data-width=\"4565\" src=\"https:\/\/olloatlantico.com\/wp-content\/uploads\/2022\/08\/c081075.jpg\" role=\"button\" aria-label=\"Abrir la imagen 6 de 8 en pantalla completa\" \/><\/figure><\/div><\/div><div class=\"tiled-gallery__row\"><div class=\"tiled-gallery__col\" style=\"flex-basis:50%\"><figure class=\"tiled-gallery__item\"><img decoding=\"async\" srcset=\"https:\/\/olloatlantico.com\/wp-content\/uploads\/2022\/08\/c150009.jpg?strip=info&#038;w=600 600w,https:\/\/olloatlantico.com\/wp-content\/uploads\/2022\/08\/c150009.jpg?strip=info&#038;w=900 900w,https:\/\/olloatlantico.com\/wp-content\/uploads\/2022\/08\/c150009.jpg?strip=info&#038;w=1200 1200w,https:\/\/olloatlantico.com\/wp-content\/uploads\/2022\/08\/c150009.jpg?strip=info&#038;w=1500 1500w,https:\/\/olloatlantico.com\/wp-content\/uploads\/2022\/08\/c150009.jpg?strip=info&#038;w=1800 1800w,https:\/\/olloatlantico.com\/wp-content\/uploads\/2022\/08\/c150009.jpg?strip=info&#038;w=2000 2000w\" alt=\"\" data-height=\"3456\" data-id=\"4860\" data-link=\"https:\/\/olloatlantico.com\/?attachment_id=4860\" data-url=\"https:\/\/olloatlantico.com\/wp-content\/uploads\/2022\/08\/c150009.jpg?w=1024\" data-width=\"4608\" src=\"https:\/\/olloatlantico.com\/wp-content\/uploads\/2022\/08\/c150009.jpg\" role=\"button\" aria-label=\"Abrir la imagen 7 de 8 en pantalla completa\" \/><\/figure><\/div><div class=\"tiled-gallery__col\" style=\"flex-basis:50%\"><figure class=\"tiled-gallery__item\"><img decoding=\"async\" srcset=\"https:\/\/olloatlantico.com\/wp-content\/uploads\/2022\/08\/p9070703.jpg?strip=info&#038;w=600 600w,https:\/\/olloatlantico.com\/wp-content\/uploads\/2022\/08\/p9070703.jpg?strip=info&#038;w=900 900w,https:\/\/olloatlantico.com\/wp-content\/uploads\/2022\/08\/p9070703.jpg?strip=info&#038;w=1200 1200w,https:\/\/olloatlantico.com\/wp-content\/uploads\/2022\/08\/p9070703.jpg?strip=info&#038;w=1500 1500w,https:\/\/olloatlantico.com\/wp-content\/uploads\/2022\/08\/p9070703.jpg?strip=info&#038;w=1800 1800w,https:\/\/olloatlantico.com\/wp-content\/uploads\/2022\/08\/p9070703.jpg?strip=info&#038;w=2000 2000w\" alt=\"\" data-height=\"3456\" data-id=\"4861\" data-link=\"https:\/\/olloatlantico.com\/?attachment_id=4861\" data-url=\"https:\/\/olloatlantico.com\/wp-content\/uploads\/2022\/08\/p9070703.jpg?w=1024\" data-width=\"4608\" src=\"https:\/\/olloatlantico.com\/wp-content\/uploads\/2022\/08\/p9070703.jpg\" role=\"button\" aria-label=\"Abrir la imagen 8 de 8 en pantalla completa\" \/><\/figure><\/div><\/div><\/div><\/div><\/div>\n","protected":false},"excerpt":{"rendered":"<p>Vivimos en un entorno complejo en que nos es dif\u00edcil ser conscientes de todo lo que ocurre a nuestro alrededor, con la fotograf\u00eda hacemos un doble acto de observaci\u00f3n, uno en el momento de fotografiar y otro, m\u00e1s calmado, en el momento en que vemos lo fotografiado. Me inici\u00e9 en la fotograf\u00eda a trav\u00e9s de [&hellip;]<\/p>\n","protected":false},"author":4,"featured_media":0,"parent":0,"menu_order":0,"comment_status":"closed","ping_status":"closed","template":"","meta":{"jetpack_post_was_ever_published":false,"footnotes":""},"class_list":["post-4852","page","type-page","status-publish","hentry"],"jetpack_sharing_enabled":true,"_links":{"self":[{"href":"https:\/\/www.olloatlantico.es\/index.php\/wp-json\/wp\/v2\/pages\/4852","targetHints":{"allow":["GET"]}}],"collection":[{"href":"https:\/\/www.olloatlantico.es\/index.php\/wp-json\/wp\/v2\/pages"}],"about":[{"href":"https:\/\/www.olloatlantico.es\/index.php\/wp-json\/wp\/v2\/types\/page"}],"author":[{"embeddable":true,"href":"https:\/\/www.olloatlantico.es\/index.php\/wp-json\/wp\/v2\/users\/4"}],"replies":[{"embeddable":true,"href":"https:\/\/www.olloatlantico.es\/index.php\/wp-json\/wp\/v2\/comments?post=4852"}],"version-history":[{"count":0,"href":"https:\/\/www.olloatlantico.es\/index.php\/wp-json\/wp\/v2\/pages\/4852\/revisions"}],"wp:attachment":[{"href":"https:\/\/www.olloatlantico.es\/index.php\/wp-json\/wp\/v2\/media?parent=4852"}],"curies":[{"name":"wp","href":"https:\/\/api.w.org\/{rel}","templated":true}]}}