{"id":6754,"date":"2023-04-24T13:42:58","date_gmt":"2023-04-24T11:42:58","guid":{"rendered":"https:\/\/olloatlantico.com\/?page_id=6754"},"modified":"2023-04-24T13:42:58","modified_gmt":"2023-04-24T11:42:58","slug":"elena-plaza","status":"publish","type":"page","link":"https:\/\/www.olloatlantico.es\/index.php\/elena-plaza\/","title":{"rendered":"Elena Plaza"},"content":{"rendered":"\n<figure class=\"wp-block-image alignleft size-large is-resized\"><img loading=\"lazy\" decoding=\"async\" src=\"https:\/\/olloatlantico.com\/wp-content\/uploads\/2023\/04\/dsf2357-as-smart-object-1retret.jpg?w=683\" alt=\"\" class=\"wp-image-6757\" width=\"326\" height=\"490\" \/><\/figure>\n\n\n\n<p><\/p>\n\n\n\n<p><\/p>\n\n\n\n<p>Esta vez le toca el turno a la madrile\u00f1a, Elena Plaza, fot\u00f3grafa a la que admiro, con una fotograf\u00eda cl\u00e1sica,  en su mayor\u00eda foto de calle, pero siempre \u00abimpecable\u00bb  y que durante la pandemia, nos deleit\u00f3 con sus autorretratos, a falta de otros modelos. Primero homenajeando a los cl\u00e1sicos, con respeto y admiraci\u00f3n, pero luego expresando a trav\u00e9s de  autorretratos ya m\u00e1s personales, su sentir en una situaci\u00f3n tan complicada como la que est\u00e1bamos viviendo. <\/p>\n\n\n\n<p><\/p>\n\n\n\n<p><\/p>\n\n\n\n<p><\/p>\n\n\n\n<p><\/p>\n\n\n\n<p><\/p>\n\n\n\n<div style=\"height:49px\" aria-hidden=\"true\" class=\"wp-block-spacer\"><\/div>\n\n\n\n<p style=\"font-size:clamp(17.905px, 1.119rem + ((1vw - 3.2px) * 0.789), 28px);\"><strong>\u00bfDesde cuando te interesa la fotograf\u00eda?<\/strong><\/p>\n\n\n\n<figure class=\"wp-block-image alignleft size-large is-resized\"><img loading=\"lazy\" decoding=\"async\" src=\"https:\/\/olloatlantico.com\/wp-content\/uploads\/2023\/04\/autorretrato1.jpg?w=768\" alt=\"\" class=\"wp-image-6762\" width=\"310\" height=\"414\" \/><\/figure>\n\n\n\n<p> <\/p>\n\n\n\n<p><\/p>\n\n\n\n<p>Mi relaci\u00f3n con la fotograf\u00eda comienza antes de tener mi propia c\u00e1mara, durante mis estudios de pintura utilizaba las fotograf\u00edas como medio de inspiraci\u00f3n. En el 2011 decid\u00ed comenzar mis estudios de fotograf\u00eda en la escuela ManRay, desde entonces hasta ahora sigo form\u00e1ndome tanto en cursos como de manera personal.<\/p>\n\n\n\n<div style=\"height:48px\" aria-hidden=\"true\" class=\"wp-block-spacer\"><\/div>\n\n\n\n<p style=\"font-size:clamp(17.905px, 1.119rem + ((1vw - 3.2px) * 0.789), 28px);\"><strong>\u00bfQu\u00e9 significa para ti la fotograf\u00eda?<\/strong><\/p>\n\n\n\n<figure class=\"wp-block-image alignright size-large is-resized\"><img loading=\"lazy\" decoding=\"async\" src=\"https:\/\/olloatlantico.com\/wp-content\/uploads\/2023\/04\/proyecc-madphoto046_epl2204-as-smart-object-1.jpg?w=768\" alt=\"\" class=\"wp-image-6767\" width=\"310\" height=\"413\" \/><\/figure>\n\n\n\n<p class=\"has-text-align-left\" style=\"font-size:clamp(17.371px, 1.086rem + ((1vw - 3.2px) * 0.752), 27px);\"><\/p>\n\n\n\n<p><\/p>\n\n\n\n<p class=\"has-text-align-left\">Pues es un modo de vida, se ha convertido en una manera de ver y disfrutar el mundo, la c\u00e1mara es mi fiel compa\u00f1ero de viajes y de salidas en general, me gusta tener la c\u00e1mara cerca o al menos un m\u00f3vil para poder llevarme los recuerdos , las sensaciones vividas.<\/p>\n\n\n\n<p><\/p>\n\n\n\n<p><\/p>\n\n\n\n<p><\/p>\n\n\n\n<p><\/p>\n\n\n\n<div style=\"height:42px\" aria-hidden=\"true\" class=\"wp-block-spacer\"><\/div>\n\n\n\n<p style=\"font-size:clamp(17.371px, 1.086rem + ((1vw - 3.2px) * 0.752), 27px);\"><strong>\u00bfQu\u00e9 tipo de fotograf\u00eda haces?<\/strong><\/p>\n\n\n\n<figure class=\"wp-block-image alignleft size-large is-resized\"><img loading=\"lazy\" decoding=\"async\" src=\"https:\/\/olloatlantico.com\/wp-content\/uploads\/2023\/04\/francia.jpg?w=768\" alt=\"\" class=\"wp-image-6764\" width=\"313\" height=\"418\" \/><\/figure>\n\n\n\n<p><\/p>\n\n\n\n<p><\/p>\n\n\n\n<p class=\"has-text-align-left\">Pues se podr\u00eda decir que sobre todo streetphoto aunque en estos \u00faltimos a\u00f1os he tenido proyectos que se salen de esta tem\u00e1tica, como mi trabajo de danza, los autorretratos de la \u00e9poca de la pandemia, y mi ultimo proyecto en el que estoy trabajando sobre Menorca. <\/p>\n\n\n\n<div style=\"height:45px\" aria-hidden=\"true\" class=\"wp-block-spacer\"><\/div>\n\n\n\n<p style=\"font-size:clamp(17.371px, 1.086rem + ((1vw - 3.2px) * 0.752), 27px);\"><strong>\u00bfCu\u00e1les son tus principales referentes?<\/strong><\/p>\n\n\n\n<figure class=\"wp-block-image alignright size-large is-resized\"><img loading=\"lazy\" decoding=\"async\" src=\"https:\/\/olloatlantico.com\/wp-content\/uploads\/2023\/04\/lisboa2.jpg?w=768\" alt=\"\" class=\"wp-image-6765\" width=\"331\" height=\"441\" \/><\/figure>\n\n\n\n<p><\/p>\n\n\n\n<p><\/p>\n\n\n\n<p class=\"has-text-align-left\">Pues la lista es inmensa podr\u00eda hablarte desde\u00a0<strong>Cartier Bresson,\u00a0<\/strong>\u00a0<strong>Brassa\u00ef<\/strong>,\u00a0<strong>Winogrand,\u00a0Mapplethorpe,\u00a0Isabel Mu\u00f1oz, Baylon, Cristina Garcia Rodero, Ramon Masats, Sonseca, Sally Mann, Saul Laiter, etc. <\/strong>La lista es muy larga. De todos los que est\u00e1n en la lista (y los que no por no hacerlo pesado), he aprendido a componer, a mirar, a amar la fotograf\u00eda de un modo especial. A respetarla y sentirla como una herramienta muy potente de comunicaci\u00f3n y de autoconocimiento.<\/p>\n\n\n\n<div style=\"height:60px\" aria-hidden=\"true\" class=\"wp-block-spacer\"><\/div>\n\n\n\n<p style=\"font-size:clamp(17.371px, 1.086rem + ((1vw - 3.2px) * 0.752), 27px);\"><strong>\u00bfCu\u00e1les son tus objetivos, qu\u00e9 buscas?<\/strong><\/p>\n\n\n\n<figure class=\"wp-block-image alignleft size-large is-resized\"><img loading=\"lazy\" decoding=\"async\" src=\"https:\/\/olloatlantico.com\/wp-content\/uploads\/2023\/04\/sin-titulo1ret.jpg?w=768\" alt=\"\" class=\"wp-image-6768\" width=\"309\" height=\"412\" \/><\/figure>\n\n\n\n<p><\/p>\n\n\n\n<p><\/p>\n\n\n\n<p class=\"has-text-align-left\">La fotograf\u00eda se ha convertido en mi forma de expresi\u00f3n, de contar mis historias, mis sentimientos, tambi\u00e9n ejerce de cuaderno de bit\u00e1cora visual de mi vida, me hace ser mas consciente de lo que me rodea, me \u00abobliga\u00bb a estar mas atenta de los detalles, la fotograf\u00eda me ayuda para vivir los momentos mas intensamente&#8230;.<\/p>\n\n\n\n<p><\/p>\n\n\n\n<p><\/p>\n\n\n\n<p><\/p>\n\n\n\n<div style=\"height:55px\" aria-hidden=\"true\" class=\"wp-block-spacer\"><\/div>\n\n\n\n<p style=\"font-size:clamp(17.371px, 1.086rem + ((1vw - 3.2px) * 0.752), 27px);\"><strong><em>Dance&nbsp;<\/em><\/strong><strong><em>de l&#8217;eau<\/em><\/strong><strong><\/strong><\/p>\n\n\n\n<p>Proyecto realizado con la colaboraci\u00f3n de los integrantes del colectivo \u201ddanza en valores\u201d cuyos integrantes sienten la danza como derecho universal, interpretan la pr\u00e1ctica art\u00edstica como herramienta de comunicaci\u00f3n, denuncia de problemas actuales tales como la emigraci\u00f3n, racismo, violencia de g\u00e9nero, concienciar sobre la necesidad de respetar y proteger el medio ambiente, etc.<\/p>\n\n\n\n<p>En esta muestra se conjugan los bailarines con las medusas danzando en el agua con la misma gracilidad y elegancia; se muestra un paralelismo imaginario entre estos animales marinos \u201dlagrimas de mar\u201d , las criaturas m\u00e1s antiguas de la tierra,  con una de las primeras manifestaciones art\u00edsticas de la historia de la humanidad.<\/p>\n\n\n\n<p>Bailarines y medusas danzan en la sala juntos como si de la misma coreograf\u00eda se tratara, ambos relacionados con el agua de sus propios cuerpos ( las medusas son un 98% de agua, el hombre nace siendo un 80% hasta quedarse en un 60%.) en un espacio donde conviven ignorando las leyes de la gravedad, con un fondo negro que les arropa y a la vez nos susurra el oscuro destino que nos depara de no frenar la contaminaci\u00f3n de los mares que nos dan la vida.<\/p>\n\n\n\n<figure class=\"wp-block-image size-large\"><img decoding=\"async\" src=\"https:\/\/olloatlantico.com\/wp-content\/uploads\/2023\/04\/5.jpg?w=1024\" alt=\"\" class=\"wp-image-6784\" \/><\/figure>\n\n\n\n<figure class=\"wp-block-image size-large\"><img decoding=\"async\" src=\"https:\/\/olloatlantico.com\/wp-content\/uploads\/2023\/04\/1.jpg?w=1024\" alt=\"\" class=\"wp-image-6780\" \/><\/figure>\n\n\n\n<figure class=\"wp-block-image size-large\"><img decoding=\"async\" src=\"https:\/\/olloatlantico.com\/wp-content\/uploads\/2023\/04\/4.jpg?w=1024\" alt=\"\" class=\"wp-image-6783\" \/><\/figure>\n\n\n\n<figure class=\"wp-block-image size-large\"><img decoding=\"async\" src=\"https:\/\/olloatlantico.com\/wp-content\/uploads\/2023\/04\/3.jpg?w=1024\" alt=\"\" class=\"wp-image-6782\" \/><\/figure>\n\n\n\n<figure class=\"wp-block-image size-large\"><img decoding=\"async\" src=\"https:\/\/olloatlantico.com\/wp-content\/uploads\/2023\/04\/2.jpg?w=1024\" alt=\"\" class=\"wp-image-6781\" \/><\/figure>\n\n\n\n<p><\/p>\n\n\n\n<div style=\"height:47px\" aria-hidden=\"true\" class=\"wp-block-spacer\"><\/div>\n\n\n\n<p style=\"font-size:clamp(17.371px, 1.086rem + ((1vw - 3.2px) * 0.752), 27px);\"><strong>B\u00edo<\/strong>:<\/p>\n\n\n\n<p>Elena nace en Madrid en 1975, licenciada en Historia, realiza tambi\u00e9n  estudios de pintura y despu\u00e9s de fotograf\u00eda, que ya no abandona hasta hoy, realizando talleres con distintos fot\u00f3grafos.<\/p>\n\n\n\n<p>Desde el a\u00f1o 2010 realiza varias exposiciones individuales: \u00abTrozos del mundo\u00bb, \u00abGentes\u00bb, \u00abRetazos de realidad\u00bb, \u00abProyecto 365\u00bb, \u00abLa ciudad vivida\u00bb, \u00abEntre tu sombra y la m\u00eda\u00bb, \u00abMetr\u00f3polis\u00bb, \u00abExtra-Polas\u00bb, \u201cDance de l\u2019eau\u201d, (\u00e9sta \u00faltima, estar\u00e1 expuesta en el mes de mayo en la galeria Railowsky de Valencia), en distintas salas de Madrid y la geograf\u00eda espa\u00f1ola.<\/p>\n\n\n\n<p>Participa en infinidad de exposiciones colectivas, hace trabajos para m\u00fasicos, escritores, y distintas entidades, da charlas y conferencias sobre fotograf\u00eda, participa en festivales, publica en revistas y peri\u00f3dicos y tiene en su haber varios premios fotogr\u00e1ficos de distintas entidades.<\/p>\n\n\n\n<p>Coordinadora y co-fundadora de la asociaci\u00f3n: Martirio de la imagen, ha formado parte tambi\u00e9n de la Junta directiva de la <strong>RSF<\/strong>, (Real Sociedad Fotogr\u00e1fica).<\/p>\n\n\n\n<p>Tambi\u00e9n ha publicado los libros:  \u00abMetr\u00f3polis\u00bb, y \u00abEntre tu sombra y la m\u00eda\u00bb,  (con Paco Torres), <\/p>\n\n\n\n<p>Y en palabras de ella:<\/p>\n\n\n\n<p>Me defino como fot\u00f3grafa de calle, hasta el a\u00f1o del confinamiento por el covid mis trabajos fotogr\u00e1ficos est\u00e1n relacionados con el llamado \u201cstreet photo\u201d aunque desde el confinamiento hasta el d\u00eda de hoy estoy realizado un proyecto de autorretratos que a\u00fan contin\u00faa, donde realic\u00e9 homenajes a mis fot\u00f3grafos predilectos junto con autorretratos personales.<\/p>\n\n\n\n<p>Busco capturar aquello que se me presenta como diferente, el estado de \u00e1nimo es fundamental, siempre termina reflejado en mis im\u00e1genes y los sentimientos siempre forman una parte fundamental de mis fotograf\u00edas.<\/p>\n\n\n\n<p>Hace a\u00f1os que mi&nbsp; fotograf\u00eda es en blanco y negro, lo que siento y lo que veo es monocromo. Las luces, las sombras, texturas\u2026 las escenas y recuerdos se desarrollan en mi cabeza en blanco y negro, es mi manera de crear mi cuaderno de bit\u00e1cora visual, la memoria es ef\u00edmera pero las fotograf\u00edas quedar\u00e1n para recordarme lo que fui y lo que sent\u00ed, cuando la memoria falle.<\/p>\n\n\n\n<p><\/p>\n","protected":false},"excerpt":{"rendered":"<p>Esta vez le toca el turno a la madrile\u00f1a, Elena Plaza, fot\u00f3grafa a la que admiro, con una fotograf\u00eda cl\u00e1sica, en su mayor\u00eda foto de calle, pero siempre \u00abimpecable\u00bb y que durante la pandemia, nos deleit\u00f3 con sus autorretratos, a falta de otros modelos. Primero homenajeando a los cl\u00e1sicos, con respeto y admiraci\u00f3n, pero luego [&hellip;]<\/p>\n","protected":false},"author":16,"featured_media":6766,"parent":0,"menu_order":0,"comment_status":"closed","ping_status":"closed","template":"","meta":{"jetpack_post_was_ever_published":false,"footnotes":""},"class_list":["post-6754","page","type-page","status-publish","has-post-thumbnail","hentry"],"jetpack_sharing_enabled":true,"_links":{"self":[{"href":"https:\/\/www.olloatlantico.es\/index.php\/wp-json\/wp\/v2\/pages\/6754","targetHints":{"allow":["GET"]}}],"collection":[{"href":"https:\/\/www.olloatlantico.es\/index.php\/wp-json\/wp\/v2\/pages"}],"about":[{"href":"https:\/\/www.olloatlantico.es\/index.php\/wp-json\/wp\/v2\/types\/page"}],"author":[{"embeddable":true,"href":"https:\/\/www.olloatlantico.es\/index.php\/wp-json\/wp\/v2\/users\/16"}],"replies":[{"embeddable":true,"href":"https:\/\/www.olloatlantico.es\/index.php\/wp-json\/wp\/v2\/comments?post=6754"}],"version-history":[{"count":0,"href":"https:\/\/www.olloatlantico.es\/index.php\/wp-json\/wp\/v2\/pages\/6754\/revisions"}],"wp:featuredmedia":[{"embeddable":true,"href":"https:\/\/www.olloatlantico.es\/index.php\/wp-json\/"}],"wp:attachment":[{"href":"https:\/\/www.olloatlantico.es\/index.php\/wp-json\/wp\/v2\/media?parent=6754"}],"curies":[{"name":"wp","href":"https:\/\/api.w.org\/{rel}","templated":true}]}}