{"id":7548,"date":"2023-09-15T00:56:40","date_gmt":"2023-09-14T22:56:40","guid":{"rendered":"https:\/\/olloatlantico.com\/?page_id=7548"},"modified":"2023-09-15T00:56:40","modified_gmt":"2023-09-14T22:56:40","slug":"david-salcedo","status":"publish","type":"page","link":"https:\/\/www.olloatlantico.es\/index.php\/david-salcedo\/","title":{"rendered":"David Salcedo"},"content":{"rendered":"\n<figure class=\"wp-block-image alignleft size-large is-resized\"><img decoding=\"async\" src=\"https:\/\/olloatlantico.com\/wp-content\/uploads\/2023\/09\/inicio_01.jpg?w=680\" alt=\"\" class=\"wp-image-7550\" style=\"width:249px;height:auto\" \/><\/figure>\n\n\n\n<p>O\u00ed hablar de David all\u00e1 por el 2015. Yo participaba en un festival de fotograf\u00eda: Visions, y David llev\u00f3 el segundo puesto con su trabajo 1+1. A mi ese trabajo me maravill\u00f3, y decid\u00ed no perderlo de vista, y as\u00ed supe que con ese mismo trabajo hab\u00eda ganado el nuevo talento Fnac. A partir de ahi, no par\u00e9 hasta conocerlo, eso fue en Sevilla, en un taller de los suyos. Y as\u00ed conoc\u00ed tambien su faceta de docente, que tampoco me dej\u00f3 indiferente. Con el paso de los a\u00f1os, David se convirti\u00f3 en un amigo, \u00abconsult\u00f3logo\u00bb, resuelve dudas,  y 1+1 se convirti\u00f3 en  + \u00abM\u00e1s\u00bb que muchos de vosotros tendr\u00e9is en vuestra casa. David fotograf\u00eda la vida, su vida, lo que tiene cerca, lo cotidiano, pero adem\u00e1s nos ense\u00f1a como sus fotos dialogan entre si, y como sum\u00e1ndolas, adquieren un nuevo significado, porque hablar de narrativa visual es hablar de David.<\/p>\n\n\n\n<p><\/p>\n\n\n\n<div style=\"height:54px\" aria-hidden=\"true\" class=\"wp-block-spacer\"><\/div>\n\n\n\n<figure class=\"wp-block-image alignright size-large is-resized\"><img decoding=\"async\" src=\"https:\/\/olloatlantico.com\/wp-content\/uploads\/2023\/09\/inicio_11.jpg?w=680\" alt=\"\" class=\"wp-image-7553\" style=\"width:260px;height:auto\" \/><\/figure>\n\n\n\n<p style=\"font-size:clamp(17.371px, 1.086rem + ((1vw - 3.2px) * 0.752), 27px);\"><strong>\u00bfQu\u00e9 es lo primero que recuerdas?<\/strong><\/p>\n\n\n\n<p>De peque\u00f1o me fijaba mucho en la luz. Los primeros recuerdos que tengo de la luz, son en la iglesia del pueblo donde nac\u00ed, y en la huerta, como pasaban los rayos de sol por las higueras, siempre me llamaba la atenci\u00f3n la luz. Un d\u00eda vi una foto de Ramon Masats y me enamor\u00e9, con el tiempo comprend\u00ed que la fotograf\u00eda es algo m\u00e1s que luz.<\/p>\n\n\n\n<figure class=\"wp-block-image alignleft size-large is-resized\"><img decoding=\"async\" src=\"https:\/\/olloatlantico.com\/wp-content\/uploads\/2023\/09\/inicio_10.jpg?w=680\" alt=\"\" class=\"wp-image-7557\" style=\"width:294px;height:auto\" \/><\/figure>\n\n\n\n<p style=\"font-size:clamp(17.371px, 1.086rem + ((1vw - 3.2px) * 0.752), 27px);\"><strong>\u00bfQu\u00e9 tipo de fotograf\u00eda haces?<\/strong><\/p>\n\n\n\n<p>Pues no hago algo determinado, cada trabajo, cada reto al que me enfrento, igual se puede ver diferente a\u00a0nivel est\u00e9tico, pero hay algo en com\u00fan en todos, es lo que me mueve a hacerlo, algo que se ve, se respira en las fotos, no s\u00e9 decir lo qu\u00e9, pero tengo claro que hay algo que es lo que me mueve a fotografiar y queda plasmado en las fotos, ya sean en color o no, o en vertical o no\u2026etc. Creo que en el fondo lo que fotografiamos no se encuentra tanto en la est\u00e9tica, o en el tema, si no, en la conjunci\u00f3n de todo eso con otras cosas que quiz\u00e1 no se les da tanta importancia a la hora de fotografiar. Ahora, si me preguntas que cosas son esas no te lo puedo decir pues las voy descubriendo poco a poco conforme se m\u00e1s de mi mismo.<\/p>\n\n\n\n<div style=\"height:19px\" aria-hidden=\"true\" class=\"wp-block-spacer\"><\/div>\n\n\n\n<figure class=\"wp-block-image alignleft size-large is-resized\"><img decoding=\"async\" src=\"https:\/\/olloatlantico.com\/wp-content\/uploads\/2023\/09\/inicio_14-1.jpg?w=680\" alt=\"\" class=\"wp-image-7565\" style=\"width:287px;height:auto\" \/><\/figure>\n\n\n\n<p><\/p>\n\n\n\n<p style=\"font-size:clamp(17.371px, 1.086rem + ((1vw - 3.2px) * 0.752), 27px);\"><strong>\u00bfMe comentas tus referentes?<\/strong><\/p>\n\n\n\n<p>Bernard Ploss\u00fa, que enfoca donde no hay nada, pero s\u00ed lo hay, David Jim\u00e9nez, Ralph Gibson, Ricardo Cases, Bryan Shutmatt, Gregory Halpern\u2026siempre referentes muy fotogr\u00e1ficos. Adem\u00e1s hay una serie de personas de las que he aprendido mucho a lo largo de mi vida fotogr\u00e1fica, no los nombro por temor a dejarme alguno. Y quiero puntualizar que hay gente de otros campos que me ha ense\u00f1ado mucho como Gloria Fuertes, Miguel Hern\u00e1ndez, Saramago, Santiago Y\u00e1\u00f1ez&#8230; por decir 3 o 4 a bote pronto.<\/p>\n\n\n\n<p><\/p>\n\n\n\n<p><\/p>\n\n\n\n<div style=\"height:82px\" aria-hidden=\"true\" class=\"wp-block-spacer\"><\/div>\n\n\n\n<figure class=\"wp-block-image alignleft size-large is-resized\"><img decoding=\"async\" src=\"https:\/\/olloatlantico.com\/wp-content\/uploads\/2023\/09\/inicio_04-2.jpg?w=680\" alt=\"\" class=\"wp-image-7572\" style=\"width:270px;height:auto\" \/><\/figure>\n\n\n\n<p style=\"font-size:clamp(17.905px, 1.119rem + ((1vw - 3.2px) * 0.789), 28px);\"><strong>\u00bfQu\u00e9 es lo que buscas cuando haces fotos?<\/strong><\/p>\n\n\n\n<p>Lo que busco siempre es esa conexi\u00f3n, esa que se crea cuando estoy fotografiando, que es m\u00e1s grande que yo, busco ese momento.<\/p>\n\n\n\n<figure class=\"wp-block-image alignright size-large is-resized\"><img decoding=\"async\" src=\"https:\/\/olloatlantico.com\/wp-content\/uploads\/2023\/09\/inicio_23.jpg?w=680\" alt=\"\" class=\"wp-image-7574\" style=\"width:269px;height:auto\" \/><\/figure>\n\n\n\n<p class=\"has-text-align-left\" style=\"font-size:clamp(14px, 0.875rem + ((1vw - 3.2px) * 0.313), 18px);\"><strong>Declaraci\u00f3n<\/strong>: Una suerte de magia sucede cuando se escribe, la levedad de las ideas se ve transmutada en la pesadez de lo f\u00edsico. Nuestros pensamientos se transforman en certezas a ojos de otros, y no existe mayor miedo para quien habita en la duda. Cuando retrato pasa algo parecido, aunque mi mirada casi hace desaparecer los temores de la indecisi\u00f3n. As\u00ed la intuici\u00f3n aflora y lo que pienso se retrata con facilidad y parece estar bien, como siempre las apariencias enga\u00f1an. La fotograf\u00eda convive en el mismo territorio del fracaso y cualquier elemento, que no sea tenido en cuenta, est\u00e1 a punto de destruirla o convertirla. en algo sublime. Por eso es necesario un profundo an\u00e1lisis t\u00e9cnico, est\u00e9tico, filos\u00f3fico y espiritual de lo obtenido; todo ha de acompa\u00f1ar para que quien lo mire entre en el hechizo. La edici\u00f3n es tan importante como la toma, un autor se define decidiendo que tiene que ver con \u00e9l y qu\u00e9 no, con las respuestas se presenta ante el mundo. Para los que vivimos en la duda es el tramo m\u00e1s dif\u00edcil de recorrer, mu\u00e9strales ante todos qui\u00e9nes somos cuando la mayor\u00eda de las veces no lo sabemos. Por suerte el camino te hace aprender cuatro cosas de ti, para darte cuenta en el siguiente cruce que las has olvidado, oblig\u00e1ndome a hacer otra vez el viaje para recordarlas. En mi caso siempre camino en c\u00edrculos entre lo que me es cercano y el silencio.\u00a0<\/p>\n\n\n\n<p class=\"has-text-align-right\" style=\"font-size:clamp(14px, 0.875rem + ((1vw - 3.2px) * 0.313), 18px);\"><\/p>\n\n\n\n<figure class=\"wp-block-image alignleft size-large is-resized\"><img decoding=\"async\" src=\"https:\/\/olloatlantico.com\/wp-content\/uploads\/2023\/09\/dsf6845.jpg?w=685\" alt=\"\" class=\"wp-image-7576\" style=\"width:289px;height:auto\" \/><\/figure>\n\n\n\n<p class=\"has-text-align-center\" style=\"font-size:clamp(17.905px, 1.119rem + ((1vw - 3.2px) * 0.789), 28px);\"><strong>B\u00edo:<\/strong><\/p>\n\n\n\n<p class=\"has-text-align-left\" style=\"font-size:clamp(14px, 0.875rem + ((1vw - 3.2px) * 0.313), 18px);\">Mi abuelo materno tuvo un colmado en el pueblo, el abuelo paterno hizo de todo entre Murcia y Mallorca, las abuelas se desviv\u00edan cosiendo ropa y afrontado continuas preocupaciones.\u00a0Mis padres tuvieron que emigrar a Catalu\u00f1a y acabaron teniendo un bar en el que trabaj\u00e1bamos toda la familia.\u00a0Yo, tal vez, me ten\u00eda que haber quedado con el bar pero eleg\u00ed el camino de la luz.\u00a0No falt\u00f3 qui\u00e9n me dijo que ser\u00eda dif\u00edcil y duro, pero nadie en mi familia lo ha tenido f\u00e1cil, \u00bfPor qu\u00e9 yo iba a ser menos?<\/p>\n\n\n\n<p>A\u00f1os m\u00e1s tarde estoy lleno de nuevas cicatrices f\u00edsicas y espirituales, que se han sumado con lo que ya exist\u00eda dentro de mi y defini\u00f3 siempre mi forma de ver el mundo.&nbsp;Y es que nunca voy a poder escapar de lo que me es cercano, es la medida de todo lo que descubro, de la ternura que me ense\u00f1aron a tener en el coraz\u00f3n y el silencio con el que conviv\u00ed durante a\u00f1os.&nbsp;En esta mezcla es donde se maceran mis fotograf\u00edas.<\/p>\n\n\n\n<div style=\"height:0px\" aria-hidden=\"true\" class=\"wp-block-spacer\"><\/div>\n\n\n\n<p>El conjunto de estas circunstancias, nada especial, es lo que me ha llevado a ganar varios premios y becas, a exponer en el territorio nacional e internacional, participar en un buen n\u00famero de cat\u00e1logos, publicar varios fanzines, colaborar con la Kursala de la universidad de C\u00e1diz, y publicar con la editorial Ediciones posibles.<\/p>\n\n\n\n<p>Y parece que todo fue un instante.<\/p>\n\n\n\n<div style=\"height:67px\" aria-hidden=\"true\" class=\"wp-block-spacer\"><\/div>\n\n\n\n<p style=\"font-size:clamp(17.905px, 1.119rem + ((1vw - 3.2px) * 0.789), 28px);\"><strong>Tomir<\/strong><\/p>\n\n\n\n<p>La vida nos la debemos ganar, por eso en los momentos malos es cuando se debe actuar. Adentrarse en lo m\u00e1s profundo de nuestro ser, a la conquista de uno mismo, pues en el interior tenemos algo que es mayor y mejor que cualquier miedo o mentira que nos contemos.<\/p>\n\n\n\n<p><br>En las faldas de Tomir empec\u00e9 a recorrer ese camino.<\/p>\n\n\n\n<figure class=\"wp-block-gallery has-nested-images columns-default is-cropped wp-block-gallery-1 is-layout-flex wp-block-gallery-is-layout-flex\">\n<figure class=\"wp-block-image size-large\"><img decoding=\"async\" data-id=\"7581\" src=\"https:\/\/olloatlantico.com\/wp-content\/uploads\/2023\/09\/david-salcedo_tomir_02.jpg?w=680\" alt=\"\" class=\"wp-image-7581\" \/><\/figure>\n\n\n\n<figure class=\"wp-block-image size-large\"><img decoding=\"async\" data-id=\"7588\" src=\"https:\/\/olloatlantico.com\/wp-content\/uploads\/2023\/09\/david-salcedo_tomir_04.jpg?w=680\" alt=\"\" class=\"wp-image-7588\" \/><\/figure>\n\n\n\n<figure class=\"wp-block-image size-large\"><img decoding=\"async\" data-id=\"7593\" src=\"https:\/\/olloatlantico.com\/wp-content\/uploads\/2023\/09\/david-salcedo_tomir_07.jpg?w=680\" alt=\"\" class=\"wp-image-7593\" \/><\/figure>\n\n\n\n<figure class=\"wp-block-image size-large\"><img decoding=\"async\" data-id=\"7590\" src=\"https:\/\/olloatlantico.com\/wp-content\/uploads\/2023\/09\/david-salcedo_tomir_08.jpg?w=680\" alt=\"\" class=\"wp-image-7590\" \/><\/figure>\n\n\n\n<figure class=\"wp-block-image size-large\"><img decoding=\"async\" data-id=\"7587\" src=\"https:\/\/olloatlantico.com\/wp-content\/uploads\/2023\/09\/david-salcedo_tomir_10.jpg?w=680\" alt=\"\" class=\"wp-image-7587\" \/><\/figure>\n\n\n\n<figure class=\"wp-block-image size-large\"><img decoding=\"async\" data-id=\"7589\" src=\"https:\/\/olloatlantico.com\/wp-content\/uploads\/2023\/09\/david-salcedo_tomir_12.jpg?w=680\" alt=\"\" class=\"wp-image-7589\" \/><\/figure>\n\n\n\n<figure class=\"wp-block-image size-large\"><img decoding=\"async\" data-id=\"7592\" src=\"https:\/\/olloatlantico.com\/wp-content\/uploads\/2023\/09\/david-salcedo_tomir_13.jpg?w=680\" alt=\"\" class=\"wp-image-7592\" \/><\/figure>\n\n\n\n<figure class=\"wp-block-image size-large\"><img decoding=\"async\" data-id=\"7594\" src=\"https:\/\/olloatlantico.com\/wp-content\/uploads\/2023\/09\/david-salcedo_tomir_15.jpg?w=680\" alt=\"\" class=\"wp-image-7594\" \/><\/figure>\n\n\n\n<figure class=\"wp-block-image size-large\"><img decoding=\"async\" data-id=\"7591\" src=\"https:\/\/olloatlantico.com\/wp-content\/uploads\/2023\/09\/david-salcedo_tomir_16.jpg?w=680\" alt=\"\" class=\"wp-image-7591\" \/><\/figure>\n\n\n\n<figure class=\"wp-block-image size-large\"><img decoding=\"async\" data-id=\"7585\" src=\"https:\/\/olloatlantico.com\/wp-content\/uploads\/2023\/09\/david-salcedo_tomir_18.jpg?w=680\" alt=\"\" class=\"wp-image-7585\" \/><\/figure>\n\n\n\n<figure class=\"wp-block-image size-large\"><img decoding=\"async\" data-id=\"7582\" src=\"https:\/\/olloatlantico.com\/wp-content\/uploads\/2023\/09\/david-salcedo_tomir_20.jpg?w=680\" alt=\"\" class=\"wp-image-7582\" \/><\/figure>\n\n\n\n<figure class=\"wp-block-image size-large\"><img decoding=\"async\" data-id=\"7584\" src=\"https:\/\/olloatlantico.com\/wp-content\/uploads\/2023\/09\/david-salcedo_tomir_22.jpg?w=680\" alt=\"\" class=\"wp-image-7584\" \/><\/figure>\n\n\n\n<figure class=\"wp-block-image size-large\"><img decoding=\"async\" data-id=\"7583\" src=\"https:\/\/olloatlantico.com\/wp-content\/uploads\/2023\/09\/david-salcedo_tomir_23.jpg?w=680\" alt=\"\" class=\"wp-image-7583\" \/><\/figure>\n\n\n\n<figure class=\"wp-block-image size-large\"><img decoding=\"async\" data-id=\"7586\" src=\"https:\/\/olloatlantico.com\/wp-content\/uploads\/2023\/09\/david-salcedo_tomir_25.jpg?w=680\" alt=\"\" class=\"wp-image-7586\" \/><\/figure>\n\n\n\n<figure class=\"wp-block-image size-large\"><img decoding=\"async\" data-id=\"7580\" src=\"https:\/\/olloatlantico.com\/wp-content\/uploads\/2023\/09\/david-salcedo_tomir_27.jpg?w=680\" alt=\"\" class=\"wp-image-7580\" \/><\/figure>\n<\/figure>\n\n\n\n<p><em>Con\u00f3cete a ti mismo.<\/em><\/p>\n\n\n\n<p><br>(Inscripci\u00f3n del templo de Apolo en Delfos.)<\/p>\n","protected":false},"excerpt":{"rendered":"<p>O\u00ed hablar de David all\u00e1 por el 2015. Yo participaba en un festival de fotograf\u00eda: Visions, y David llev\u00f3 el segundo puesto con su trabajo 1+1. A mi ese trabajo me maravill\u00f3, y decid\u00ed no perderlo de vista, y as\u00ed supe que con ese mismo trabajo hab\u00eda ganado el nuevo talento Fnac. A partir de [&hellip;]<\/p>\n","protected":false},"author":16,"featured_media":0,"parent":0,"menu_order":0,"comment_status":"closed","ping_status":"closed","template":"","meta":{"jetpack_post_was_ever_published":false,"footnotes":""},"class_list":["post-7548","page","type-page","status-publish","hentry"],"jetpack_sharing_enabled":true,"_links":{"self":[{"href":"https:\/\/www.olloatlantico.es\/index.php\/wp-json\/wp\/v2\/pages\/7548","targetHints":{"allow":["GET"]}}],"collection":[{"href":"https:\/\/www.olloatlantico.es\/index.php\/wp-json\/wp\/v2\/pages"}],"about":[{"href":"https:\/\/www.olloatlantico.es\/index.php\/wp-json\/wp\/v2\/types\/page"}],"author":[{"embeddable":true,"href":"https:\/\/www.olloatlantico.es\/index.php\/wp-json\/wp\/v2\/users\/16"}],"replies":[{"embeddable":true,"href":"https:\/\/www.olloatlantico.es\/index.php\/wp-json\/wp\/v2\/comments?post=7548"}],"version-history":[{"count":0,"href":"https:\/\/www.olloatlantico.es\/index.php\/wp-json\/wp\/v2\/pages\/7548\/revisions"}],"wp:attachment":[{"href":"https:\/\/www.olloatlantico.es\/index.php\/wp-json\/wp\/v2\/media?parent=7548"}],"curies":[{"name":"wp","href":"https:\/\/api.w.org\/{rel}","templated":true}]}}