{"id":7823,"date":"2023-10-10T21:20:27","date_gmt":"2023-10-10T19:20:27","guid":{"rendered":"https:\/\/olloatlantico.com\/?page_id=7823"},"modified":"2023-10-10T21:20:27","modified_gmt":"2023-10-10T19:20:27","slug":"katy-gomez-catalina","status":"publish","type":"page","link":"https:\/\/www.olloatlantico.es\/index.php\/katy-gomez-catalina\/","title":{"rendered":"Katy G\u00f3mez Catalina"},"content":{"rendered":"\n<figure class=\"wp-block-image alignright size-large is-resized\"><img decoding=\"async\" src=\"https:\/\/olloatlantico.com\/wp-content\/uploads\/2023\/10\/katy_gomez11-1.jpeg?w=1024\" alt=\"\" class=\"wp-image-7846\" style=\"width:537px;height:auto\" \/><\/figure>\n\n\n\n<p>Esta semana en la nueva entrevista os voy a hablar de Katy G\u00f3mez. La conoc\u00ed en Albarrac\u00edn, como a muchos otros fot\u00f3grafos. Aparte de su car\u00e1cter alegre y una convivencia muy agradable, no supe mucho de su fotograf\u00eda hasta estar de vuelta en casa. No pude dejar de sorprenderme, cuando descubr\u00ed el \u00abpedazo de fot\u00f3grafa\u00bb que era, y conoc\u00ed trabajos tan dispares como el de la trashumancia, el de los pigmeos Baka o el de 12 horas en el Louvre, aunque claramente donde se mueve como pez en el agua es en la fotograf\u00eda de viajes. De cualquier manera el denominador com\u00fan de todos sus trabajos es la calidad de sus fotos, pues todas ellas son igual de importantes, y se pueden disfrutar individualmente. Para ello solo ten\u00e9is que pasaros un rato por su web: www.katygomez.es<\/p>\n\n\n\n<div style=\"height:74px\" aria-hidden=\"true\" class=\"wp-block-spacer\"><\/div>\n\n\n\n<p style=\"font-size:clamp(16.834px, 1.052rem + ((1vw - 3.2px) * 0.716), 26px);\"><strong>\u00bfDesde cuando te interesa la fotograf\u00eda?<\/strong><\/p>\n\n\n\n<p>Empec\u00e9 a hacer fotograf\u00edas bastante joven, tendr\u00eda trece\u00a0o catorce a\u00f1os. Me regalaron una c\u00e1mara y un amigo de la familia me ense\u00f1\u00f3 lo b\u00e1sico. Durante mucho tiempo s\u00f3lo hice fotograf\u00edas familiares sin m\u00e1s pretensi\u00f3n art\u00edstica.<\/p>\n\n\n\n<figure class=\"wp-block-image alignright size-large is-resized\"><img decoding=\"async\" src=\"https:\/\/olloatlantico.com\/wp-content\/uploads\/2023\/10\/katy_gomez05-1.jpeg?w=1024\" alt=\"\" class=\"wp-image-7847\" style=\"width:518px;height:auto\" \/><\/figure>\n\n\n\n<p>Sin embargo, considero que hay dos momentos b\u00e1sicos en mi evoluci\u00f3n como fot\u00f3grafa, uno data de mi tiempo de estudiante de veterinaria en C\u00f3rdoba cuando v\u00ed una exposici\u00f3n del fot\u00f3grafo brasile\u00f1o Sebastiao Salgado, realizadas en los campos de ganado de Sud\u00e1n del Sur. En aquel momento sent\u00ed la necesidad de mejorar la calidad de mis fotograf\u00edas e indagar en ese mundo que era capaz de atraparme como un im\u00e1n, y otro momento especial es cuando, a finales de los noventa, ingreso en la Asociaci\u00f3n Fotogr\u00e1fica de \u00dabeda, donde descubro un espacio de aprendizaje, discusi\u00f3n y arte que me resulta seductor de la mano de excelentes fot\u00f3grafos. Desde entonces la fotograf\u00eda forma parte de mi tiempo libre y mi concepci\u00f3n del disfrute.<\/p>\n\n\n\n<div style=\"height:75px\" aria-hidden=\"true\" class=\"wp-block-spacer\"><\/div>\n\n\n\n<p style=\"font-size:clamp(16.834px, 1.052rem + ((1vw - 3.2px) * 0.716), 26px);\"><strong>En realidad, \u00bfqu\u00e9 significa para la ti la fotograf\u00eda?<\/strong><\/p>\n\n\n\n<figure class=\"wp-block-image alignleft size-large is-resized\"><img decoding=\"async\" src=\"https:\/\/olloatlantico.com\/wp-content\/uploads\/2023\/10\/katy_gomez16.jpeg?w=1024\" alt=\"\" class=\"wp-image-7833\" style=\"width:559px;height:auto\" \/><\/figure>\n\n\n\n<p class=\"has-text-align-left\">El mundo sigue siendo para m\u00ed una especie de escenario m\u00e1gico y la c\u00e1mara se ha convertido en mi compa\u00f1era inseparable, con ella voy narrando mis experiencias vitales de la misma manera que lo har\u00eda un escritor con su diario. Un pasado guardado en la memoria de un pu\u00f1ado de fotos y la sensaci\u00f3n de dejarse habitar por las im\u00e1genes que dar\u00e1n vida a mis recuerdos.<\/p>\n\n\n\n<p>Hace m\u00e1s de cuatro d\u00e9cadas que la fotograf\u00eda me acompa\u00f1a en mi viaje por la vida.\u00a0Utilizando mi c\u00e1mara como una herramienta que me conecta m\u00e1s y mejor con el mundo. La fotograf\u00eda me ha ense\u00f1ado a mantenerme despierta, a agudizar mi atenci\u00f3n y a disfrutar del camino.<\/p>\n\n\n\n<div style=\"height:75px\" aria-hidden=\"true\" class=\"wp-block-spacer\"><\/div>\n\n\n\n<p style=\"font-size:clamp(16.834px, 1.052rem + ((1vw - 3.2px) * 0.716), 26px);\"><strong>\u00bfY qu\u00e9 fotograf\u00eda haces?<\/strong><\/p>\n\n\n\n<figure class=\"wp-block-image alignleft size-large is-resized\"><img decoding=\"async\" src=\"https:\/\/olloatlantico.com\/wp-content\/uploads\/2023\/10\/280522_5705-copia.jpeg?w=1024\" alt=\"\" class=\"wp-image-7836\" style=\"width:571px;height:auto\" \/><\/figure>\n\n\n\n<p>Me apasiona contar historias y aprovechar la potencia narrativa de la fotograf\u00eda para expresar mis sensaciones del lugar. Cuando las palabras nos eluden o se muestran imprecisas, nuestras fotograf\u00edas se convierten en el lenguaje m\u00e1s universal y rico en matices para hablar de emociones. La fotograf\u00eda de viaje y el ensayo fotogr\u00e1fico son el nexo com\u00fan que hilvana mi obra.<\/p>\n\n\n\n<p><\/p>\n\n\n\n<div style=\"height:84px\" aria-hidden=\"true\" class=\"wp-block-spacer\"><\/div>\n\n\n\n<p style=\"font-size:clamp(17.371px, 1.086rem + ((1vw - 3.2px) * 0.752), 27px);\"><strong>\u00bfCuales son tus referentes?<\/strong><\/p>\n\n\n\n<p class=\"has-text-align-left\">La fotograf\u00eda como disciplina art\u00edstica es un medio culto, y como tal, considero imprescindible aprender de los maestros para educar la mirada y para ser mejores fot\u00f3grafos. Eduardo Mome\u00f1e considera que si sabemos reconocer una buena imagen, estaremos m\u00e1s cerca de crear una buena fotograf\u00eda.<\/p>\n\n\n\n<figure class=\"wp-block-image alignright size-large is-resized\"><img decoding=\"async\" src=\"https:\/\/olloatlantico.com\/wp-content\/uploads\/2023\/10\/katy_gomez03.jpeg?w=1024\" alt=\"\" class=\"wp-image-7839\" style=\"width:559px;height:auto\" \/><\/figure>\n\n\n\n<p>Hay grandes fot\u00f3grafos y fot\u00f3grafas que han guiado mi mirada. Son fot\u00f3grafos influyentes que han dejado una enorme huella y que tienen un porfolio inmenso que los convierten en referentes visuales como Sebastiao Salgado, W.Eugene Smith, Henri Cartier-Bresson, Tino Soriano, Sergio Larra\u00edn, Kouldeka, Cristina Garc\u00eda Rodero, Vivian Mayhem, Fan Ho, Steve McCurry, Alex Webb, Flor Gardu\u00f1o, Alessandro Bergamini, etc.<\/p>\n\n\n\n<div style=\"height:85px\" aria-hidden=\"true\" class=\"wp-block-spacer\"><\/div>\n\n\n\n<p style=\"font-size:clamp(16.834px, 1.052rem + ((1vw - 3.2px) * 0.716), 26px);\"><strong>\u00bfY cual es tu objetivo?<\/strong><\/p>\n\n\n\n<p>Mi objetivo es seguir disfrutando del placer de ver, sentir y fotografiar. Buscar ese estado de armon\u00eda donde somos capaces de traducir en un click lo que tu mente piensa y tu coraz\u00f3n siente.<\/p>\n\n\n\n<figure class=\"wp-block-image alignright size-large is-resized\"><img decoding=\"async\" src=\"https:\/\/olloatlantico.com\/wp-content\/uploads\/2023\/10\/katy_gomez20-1.jpeg?w=1024\" alt=\"\" class=\"wp-image-7848\" style=\"width:558px;height:auto\" \/><\/figure>\n\n\n\n<p>No hago fotograf\u00edas para los dem\u00e1s, sino para m\u00ed, por el puro placer de fotografiar. Si adem\u00e1s consigo sugerir una sensaci\u00f3n y\/o emoci\u00f3n a las personas que las contemplan, la satisfacci\u00f3n se multiplica. Es estimulante buscar la voz del otro, el que reinterpreta tu imagen y la carga de otros significados, pero sin olvidar nuestro esp\u00edritu amateur y la relaci\u00f3n \u00edntima y personal que nos regalan nuestras fotograf\u00edas para goce propio.<\/p>\n\n\n\n<div style=\"height:100px\" aria-hidden=\"true\" class=\"wp-block-spacer\"><\/div>\n\n\n\n<p style=\"font-size:clamp(17.371px, 1.086rem + ((1vw - 3.2px) * 0.752), 27px);\"><strong>Vud\u00fa<\/strong><\/p>\n\n\n\n<p>En mi serie Vud\u00fa, intent\u00e9 darle sentido de historia a un conjunto de fotograf\u00edas realizadas en Ben\u00edn, pa\u00eds considerado la cuna del Vud\u00fa. El tema me ofrec\u00eda una oportunidad excelente para aprovechar la potencia narrativa de las series fotogr\u00e1ficas y contar de forma m\u00e1s personal y atractiva mi experiencia.<\/p>\n\n\n\n<p>Pocas palabras ejercen un temor tan inmediato como la palabra vud\u00fa. Para los blancos, el vud\u00fa se asocia a la magia negra y a mu\u00f1ecas agujereadas por alfileres. Es el vud\u00fa folkl\u00f3rico que nos han mostrado en las pel\u00edculas. En Ben\u00edn el vud\u00fa es considerado como una de las religiones oficiales y en lengua fon de Dahomey significa \u201clo m\u00edstico\u201d. Es una forma de entender el mundo y la vida a trav\u00e9s de la conexi\u00f3n entre los antepasados y su vigilancia sobre los vivos.<\/p>\n\n\n\n<p>La base del vud\u00fa consiste en contactar con unas deidades llamadas loas para que se manifiesten poseyendo a un ser humano. Ese contacto se consigue mediante ofrendas, rituales vinculados a los sacrificios, y sobre todo, mediante la danza fren\u00e9tica, el alcohol y el ritmo trepidantes de los tambores, hasta conseguir entrar en una especie de \u00e9xtasis o trance, en el que el cuerpo se rinde y son pose\u00eddos por la deidad.<\/p>\n\n\n\n<p>El universo Vud\u00fa est\u00e1 lleno de materiales m\u00e1gicos, de talismanes, de fetiches regados con sangre, de adoradores de serpientes, de \u00e1rboles encantados, de embrujamientos, de curanderos, de exorcismos, de supersticiones y de miedos, porque tambi\u00e9n existe la magia negra\u2026Da igual si eres cristiano o musulm\u00e1n, la vida en este lugar del mundo est\u00e1 impregnada de Vud\u00fa.<\/p>\n\n\n\n<figure class=\"wp-block-gallery has-nested-images columns-default is-cropped wp-block-gallery-1 is-layout-flex wp-block-gallery-is-layout-flex\">\n<figure class=\"wp-block-image size-large\"><img decoding=\"async\" data-id=\"7859\" src=\"https:\/\/olloatlantico.com\/wp-content\/uploads\/2023\/10\/vudu01.jpg?w=1024\" alt=\"\" class=\"wp-image-7859\" \/><\/figure>\n\n\n\n<figure class=\"wp-block-image size-large\"><img decoding=\"async\" data-id=\"7852\" src=\"https:\/\/olloatlantico.com\/wp-content\/uploads\/2023\/10\/vudu02.jpg?w=1024\" alt=\"\" class=\"wp-image-7852\" \/><\/figure>\n\n\n\n<figure class=\"wp-block-image size-large\"><img decoding=\"async\" data-id=\"7858\" src=\"https:\/\/olloatlantico.com\/wp-content\/uploads\/2023\/10\/vudu03.jpg?w=1024\" alt=\"\" class=\"wp-image-7858\" \/><\/figure>\n\n\n\n<figure class=\"wp-block-image size-large\"><img decoding=\"async\" data-id=\"7857\" src=\"https:\/\/olloatlantico.com\/wp-content\/uploads\/2023\/10\/vudu04.jpg?w=1024\" alt=\"\" class=\"wp-image-7857\" \/><\/figure>\n\n\n\n<figure class=\"wp-block-image size-large\"><img decoding=\"async\" data-id=\"7860\" src=\"https:\/\/olloatlantico.com\/wp-content\/uploads\/2023\/10\/vudu05.jpg?w=1024\" alt=\"\" class=\"wp-image-7860\" \/><\/figure>\n\n\n\n<figure class=\"wp-block-image size-large\"><img decoding=\"async\" data-id=\"7853\" src=\"https:\/\/olloatlantico.com\/wp-content\/uploads\/2023\/10\/vudu06.jpg?w=1024\" alt=\"\" class=\"wp-image-7853\" \/><\/figure>\n\n\n\n<figure class=\"wp-block-image size-large\"><img decoding=\"async\" data-id=\"7862\" src=\"https:\/\/olloatlantico.com\/wp-content\/uploads\/2023\/10\/vudu07.jpg?w=1024\" alt=\"\" class=\"wp-image-7862\" \/><\/figure>\n\n\n\n<figure class=\"wp-block-image size-large\"><img decoding=\"async\" data-id=\"7856\" src=\"https:\/\/olloatlantico.com\/wp-content\/uploads\/2023\/10\/vudu08.jpg?w=1024\" alt=\"\" class=\"wp-image-7856\" \/><\/figure>\n\n\n\n<figure class=\"wp-block-image size-large\"><img decoding=\"async\" data-id=\"7855\" src=\"https:\/\/olloatlantico.com\/wp-content\/uploads\/2023\/10\/vudu09.jpg?w=1024\" alt=\"\" class=\"wp-image-7855\" \/><\/figure>\n\n\n\n<figure class=\"wp-block-image size-large\"><img decoding=\"async\" data-id=\"7861\" src=\"https:\/\/olloatlantico.com\/wp-content\/uploads\/2023\/10\/vudu10.jpg?w=1024\" alt=\"\" class=\"wp-image-7861\" \/><\/figure>\n\n\n\n<figure class=\"wp-block-image size-large\"><img decoding=\"async\" data-id=\"7854\" src=\"https:\/\/olloatlantico.com\/wp-content\/uploads\/2023\/10\/vudu11.jpg?w=1024\" alt=\"\" class=\"wp-image-7854\" \/><\/figure>\n\n\n\n<figure class=\"wp-block-image size-large\"><img decoding=\"async\" data-id=\"7863\" src=\"https:\/\/olloatlantico.com\/wp-content\/uploads\/2023\/10\/vudu12.jpg?w=1024\" alt=\"\" class=\"wp-image-7863\" \/><\/figure>\n<\/figure>\n\n\n\n<div style=\"height:100px\" aria-hidden=\"true\" class=\"wp-block-spacer\"><\/div>\n\n\n\n<p style=\"font-size:clamp(17.905px, 1.119rem + ((1vw - 3.2px) * 0.789), 28px);\"><strong>B\u00edo:<\/strong><\/p>\n\n\n\n<p>Nacida en \u00dabeda (Ja\u00e9n). Veterinaria de profesi\u00f3n, fot\u00f3grafa por pasi\u00f3n y viajera sin l\u00edmites.<\/p>\n\n\n\n<p>Su trabajo fotogr\u00e1fico ha sido reconocido en numerosos cert\u00e1menes nacionales e internacionales, consiguiendo m\u00e1s de un centenar de premios entre los que destacamos:<\/p>\n\n\n\n<p>Travel Photographer of the Year TPOTY ganadora absoluta 2019 y premiada en 2022, 2018, 2017, Londres<\/p>\n\n\n\n<p>2\u00ba premio porfolio HIPA 2021, Hadam Bin Mohammed Bin Rashid Al Maktoum International Photography Award&nbsp; HIPA&nbsp; y finalista 2020 y 2019, Dubai<\/p>\n\n\n\n<p>Premio de Honor en el 68\u00aa Concurso Nacional la abeja de oro de Guadalajara, 2023<\/p>\n\n\n\n<p>Mejor autora del Certamen Internacional de fotograf\u00eda ASISA (pin azul) 2022 Espa\u00f1a y finalista 2018, 2016, 2015 y 2013.<\/p>\n\n\n\n<p>Medalla de oro Trierenberg Super circuit, 2021 Austria<\/p>\n\n\n\n<p>Premio nacional en los Sony World Photography Award 2018<\/p>\n\n\n\n<p>Finalista Alpha Female Awards en los Sony World Photography Award 2020<\/p>\n\n\n\n<p>Ha realizado proyectos fotogr\u00e1ficos en m\u00e1s de 70 pa\u00edses y su obra ha sido expuesta en Par\u00eds, Visa off Perpignan, Teher\u00e1n, Xposure Emiratos \u00c1rabes, Iraq, Italia, Berl\u00edn, Somerset House de Londres, Agra, Austria, Colombia, y casi toda la geograf\u00eda espa\u00f1ola.<\/p>\n\n\n\n<p>Es autora de varios libros:  <strong>\u00abEl viaje de la mirada\u00bb<\/strong>,<a href=\"https:\/\/katygomez.es\/el-viaje-de-la-mirada-ver-sentir-y-fotografiar-tus-viajes\/\"> <\/a>(JdJ editores serie fotoruta), <strong>\u00abEllas, Elles, They\u00bb<\/strong> (Edit. Univ. de Ja\u00e9n 2019,  mejor libro de fotograf\u00eda 2021  de la Conf. Espa\u00f1ola de Fotograf\u00eda)<strong> <\/strong>y <strong>\u00abTrashumancia, ir y venir entre vereas\u00bb<\/strong> (Fundaci\u00f3n Caja Rural de Ja\u00e9n, 2021).<\/p>\n\n\n\n<p>Su trabajo ha sido publicado en The Sun, Geo Espa\u00f1a, Caption Magazine, National Geographic, Cultura inquieta, Photolari, The Sunday Time, Revista Viajar, FV, Negativo Digital, Dailymail, Sonymage, Argaz, L&#8217;oeil de la photographie, Forbes, El Mundo, El Pais, La vanguardia, y un sin fin de publicaciones m\u00e1s.<\/p>\n","protected":false},"excerpt":{"rendered":"<p>Esta semana en la nueva entrevista os voy a hablar de Katy G\u00f3mez. La conoc\u00ed en Albarrac\u00edn, como a muchos otros fot\u00f3grafos. Aparte de su car\u00e1cter alegre y una convivencia muy agradable, no supe mucho de su fotograf\u00eda hasta estar de vuelta en casa. No pude dejar de sorprenderme, cuando descubr\u00ed el \u00abpedazo de fot\u00f3grafa\u00bb [&hellip;]<\/p>\n","protected":false},"author":16,"featured_media":0,"parent":0,"menu_order":0,"comment_status":"closed","ping_status":"closed","template":"","meta":{"jetpack_post_was_ever_published":false,"footnotes":""},"class_list":["post-7823","page","type-page","status-publish","hentry"],"jetpack_sharing_enabled":true,"_links":{"self":[{"href":"https:\/\/www.olloatlantico.es\/index.php\/wp-json\/wp\/v2\/pages\/7823","targetHints":{"allow":["GET"]}}],"collection":[{"href":"https:\/\/www.olloatlantico.es\/index.php\/wp-json\/wp\/v2\/pages"}],"about":[{"href":"https:\/\/www.olloatlantico.es\/index.php\/wp-json\/wp\/v2\/types\/page"}],"author":[{"embeddable":true,"href":"https:\/\/www.olloatlantico.es\/index.php\/wp-json\/wp\/v2\/users\/16"}],"replies":[{"embeddable":true,"href":"https:\/\/www.olloatlantico.es\/index.php\/wp-json\/wp\/v2\/comments?post=7823"}],"version-history":[{"count":0,"href":"https:\/\/www.olloatlantico.es\/index.php\/wp-json\/wp\/v2\/pages\/7823\/revisions"}],"wp:attachment":[{"href":"https:\/\/www.olloatlantico.es\/index.php\/wp-json\/wp\/v2\/media?parent=7823"}],"curies":[{"name":"wp","href":"https:\/\/api.w.org\/{rel}","templated":true}]}}