{"id":9002,"date":"2024-05-24T21:32:03","date_gmt":"2024-05-24T19:32:03","guid":{"rendered":"https:\/\/olloatlantico.com\/?page_id=9002"},"modified":"2024-05-24T21:32:03","modified_gmt":"2024-05-24T19:32:03","slug":"jorge-lens","status":"publish","type":"page","link":"https:\/\/www.olloatlantico.es\/index.php\/jorge-lens\/","title":{"rendered":"Jorge Lens"},"content":{"rendered":"\n<figure class=\"wp-block-image alignleft size-large is-resized\"><img decoding=\"async\" src=\"https:\/\/olloatlantico.com\/wp-content\/uploads\/2024\/05\/castillos-en-el-aire.jpg?w=1024\" alt=\"\" class=\"wp-image-9004\" style=\"width:423px;height:auto\" \/><figcaption class=\"wp-element-caption\">Castillos en el aire<\/figcaption><\/figure>\n\n\n\n<p><\/p>\n\n\n\n<p>Conoc\u00ed a Jorge Lens hace relativamente poco, en una conferencia de Alberte Pereira en A Coru\u00f1a. Y la verdad, cuando me dijo que hac\u00eda foto de calle y era de Vigo, me extra\u00f1\u00f3 no conocerle, as\u00ed que a partir de entonces empec\u00e9 a seguirle. Su fotograf\u00eda urbana es sencilla, sin estridencias, sin conceptualismos, din\u00e1mica, colorida, y humanista, de la que a mi me engancha. Sus fotos siempre me cuentan historias, sus personajes me atraen y voy recorriendo la escena, descubriendo m\u00e1s cosas.<\/p>\n\n\n\n<p>Adem\u00e1s, tiene un largo recorrido fotogr\u00e1fico.<\/p>\n\n\n\n<p>\u00a1Vamos a conocerle!<\/p>\n\n\n\n<div style=\"height:46px\" aria-hidden=\"true\" class=\"wp-block-spacer\"><\/div>\n\n\n\n<p style=\"font-size:clamp(16.293px, 1.018rem + ((1vw - 3.2px) * 0.68), 25px);\"><strong>\u00bfCual es el origen?<\/strong><\/p>\n\n\n\n<p>Comenc\u00e9 en la fotograf\u00eda hace ya muchas fotos.<\/p>\n\n\n\n<p>Me encantar\u00eda tener una \u00e9pica, un acontecimiento especialmente brillante para contar el inicio de algo que me ha acompa\u00f1ado desde la adolescencia m\u00e1s temprana, pero realmente no hay ning\u00fan episodio clave que fuese decisivo.\u00a0 Si me pongo las gafas de ver atr\u00e1s, creo que fueron varias las causas que confluyeron para que la fotograf\u00eda empezase para siempre a formar parte de mi vida: la colecci\u00f3n de postales que hab\u00eda en casa con la que jugaba a clasificarlas, una Voitglander telem\u00e9trica que apareci\u00f3 por casa de mis padres y, sobre todo, que aquel ni\u00f1o t\u00edmido necesitaba canalizar de alg\u00fan modo sus ganas de contar cosas de una forma callada.<\/p>\n\n\n\n<div style=\"height:40px\" aria-hidden=\"true\" class=\"wp-block-spacer\"><\/div>\n\n\n\n<p style=\"font-size:clamp(16.293px, 1.018rem + ((1vw - 3.2px) * 0.68), 25px);\">                       <strong>\u00bfQu\u00e9 significa para ti la fotograf\u00eda?<\/strong><\/p>\n\n\n\n<figure class=\"wp-block-image alignleft size-large is-resized\"><img decoding=\"async\" src=\"https:\/\/olloatlantico.com\/wp-content\/uploads\/2024\/05\/cartas-que-nunca-llegaron.jpg?w=1024\" alt=\"\" class=\"wp-image-9008\" style=\"width:465px;height:auto\" \/><figcaption class=\"wp-element-caption\">Cartas que nunca llegaron                                                                                                          <\/figcaption><\/figure>\n\n\n\n<p>Ahora mismo, sin lugar a dudas, la fotograf\u00eda es uno de los motores que hace girar mi vida. Podr\u00eda decir que es la excusa para que mi vida sea mucho m\u00e1s rica, pero es que realmente es la vida misma. No concibo un viaje sin una c\u00e1mara encima, aunque ese viaje sea bajar a comprar el pan o tirar la basura. La fotograf\u00eda te acerca a personas, a lugares o a experiencias que de otra forma nunca llegar\u00edas\u2026 es, por decirlo de otro modo, la facilitadora de una vida mucho m\u00e1s plena.<\/p>\n\n\n\n<div style=\"height:39px\" aria-hidden=\"true\" class=\"wp-block-spacer\"><\/div>\n\n\n\n<p style=\"font-size:clamp(16.293px, 1.018rem + ((1vw - 3.2px) * 0.68), 25px);\"><strong>\u00bfQu\u00e9 tipo de fotograf\u00eda haces?<\/strong><\/p>\n\n\n\n<figure class=\"wp-block-image alignright size-large is-resized\"><img decoding=\"async\" src=\"https:\/\/olloatlantico.com\/wp-content\/uploads\/2024\/05\/el-bosque-de-los-deseos.jpg?w=1024\" alt=\"\" class=\"wp-image-9012\" style=\"width:429px;height:auto\" \/><figcaption class=\"wp-element-caption\">El bosque de los deseos<\/figcaption><\/figure>\n\n\n\n<p>Me considero un fot\u00f3grafo cl\u00e1sico, amante de la fotograf\u00eda documental, si es que a\u00fan se puede hablar de ella.<\/p>\n\n\n\n<p>Dentro de este campo, me encanta el paisaje intervenido, la huella del hombre sobre el territorio, especialmente si ese rastro tiene un componente asombroso o surrealista. Desde hace unos a\u00f1os, sin abandonar ese tipo de paisaje especial, es en la ciudad el lugar donde me siento m\u00e1s c\u00f3modo y donde m\u00e1s est\u00edmulos recibo. Me encantan las calles vivas, las vibrantes y tambi\u00e9n las solitarias, pero sobre todo las aut\u00e9nticas. Creo que nunca me he sentido tan privilegiado como cuando en medio de la capital de El Salvador, rodeado de infinitos puestos callejeros, voces de vendedores y aquellos olores que lo impregnaban todo, me par\u00e9 un momento y me sent\u00ed el \u00fanico extra\u00f1o en aquella ciudad donde todo era de verdad y nada estaba hecho para el turista o el viajero.\u00a0 En aquel enjambre de gente encontr\u00e9 mi momento de paz, como si estuviese ante el paisaje natural m\u00e1s maravilloso.<\/p>\n\n\n\n<p>Suelen decirme que mis fotos transmiten cierta melancol\u00eda o soledad. Me encanta la sensaci\u00f3n de deterioro que a veces producen las ciudades muy vividas, los espacios abandonados o las texturas acentuadas, pero en general, me encanta cuando una imagen es capaz de condensar una historia.<\/p>\n\n\n\n<p class=\"has-text-align-left\">Cuando alguna vez me han dicho: \u00a1t\u00edo, es que esa foto parece un fotograma de una pel\u00edcula!, siento que entorno los ojos, esbozo una sonrisa y me salta un brillo en el diente en forma de filtro de estrella \ud83d\ude09<\/p>\n\n\n\n<div style=\"height:40px\" aria-hidden=\"true\" class=\"wp-block-spacer\"><\/div>\n\n\n\n<p style=\"font-size:clamp(16.293px, 1.018rem + ((1vw - 3.2px) * 0.68), 25px);\"><strong>Tus referentes<\/strong><\/p>\n\n\n\n<p>Indeciso como soy, mis referentes fotogr\u00e1ficos circularon por los sitios m\u00e1s insospechados. Lo cierto es que siempre me acerqu\u00e9 a cualquier tipo de fotograf\u00eda e intentaba ver o leer todo lo que ca\u00eda entre mis manos, por muy ajeno que fuese a lo que a m\u00ed m\u00e1s me interesaba.<\/p>\n\n\n\n<p>No cabe duda que la Fotobienal de Vigo fue, en aquellos primeros a\u00f1os, un aut\u00e9ntico escaparate mundial de la fotograf\u00eda que acercaba a la ciudad fotos y fot\u00f3grafos a los que, de otra forma, era muy dif\u00edcil llegar. Todos ellos y ellas me ayudaron a ir perfilando mis intereses en el campo de la fotograf\u00eda.<\/p>\n\n\n\n<p>Al margen de algunos nombres m\u00e1s anecd\u00f3ticos, no sorprender\u00eda demasiado citando a los Klein, Winogrand o Friedlander, y a todos aquellos que liberaron a la fotograf\u00eda de aquella imagen tan encorsetada. Anteriormente, claro, abrac\u00e9 la fotograf\u00eda humanista y a la sant\u00edsima trinidad representada en Cartier Bresson, Robert Doisneau y Eugene Smith y cuando conoc\u00ed a Catal\u00e1 Roca ya dej\u00e9 de buscar fuera. M\u00e1s tarde llegaron los Ram\u00f3n Masats, Cuallad\u00f3, Gerardo Vielba, P\u00e9rez Siquier y un poquito despu\u00e9s Koldo Chamorro, Cristina Garc\u00eda Rodero, Garc\u00eda Alix, etc, etc. Mr. Martin Parr lleg\u00f3 despu\u00e9s, junto a Nick Wapplington, David Graham, Sternfeld, Nan Goldin, Alex Webb, Gruyaert y tantos otros a los que les debo todo.<\/p>\n\n\n\n<figure class=\"wp-block-image size-large is-resized\"><img decoding=\"async\" src=\"https:\/\/olloatlantico.com\/wp-content\/uploads\/2024\/05\/contactos-uniformes-de-nenos-uniformes.jpg?w=1024\" alt=\"\" class=\"wp-image-9015\" style=\"width:840px;height:auto\" \/><figcaption class=\"wp-element-caption\">Contactos correspondientes a la serie: uniformes de nenos uniformes.<\/figcaption><\/figure>\n\n\n\n<div style=\"height:37px\" aria-hidden=\"true\" class=\"wp-block-spacer\"><\/div>\n\n\n\n<figure class=\"wp-block-image alignright size-large is-resized\"><img decoding=\"async\" src=\"https:\/\/olloatlantico.com\/wp-content\/uploads\/2024\/05\/nenos.jpg?w=1024\" alt=\"\" class=\"wp-image-9018\" style=\"width:399px;height:auto\" \/><\/figure>\n\n\n\n<p style=\"font-size:clamp(16.293px, 1.018rem + ((1vw - 3.2px) * 0.68), 25px);\"><strong>\u00bfCual es tu objetivo?<\/strong><\/p>\n\n\n\n<p class=\"has-text-align-left\">Realmente, a estas alturas de la pel\u00edcula no busco otra cosa que seguir disfrutando de las sensaciones que me produce la fotograf\u00eda, que me lleve a vivir nuevas experiencias, que propicie el encuentro con personas con las que estar a gusto y que podamos compartir vivencias (y cervezas) en cualquier bar perdido en cualquier ciudad.<\/p>\n\n\n\n<div style=\"height:67px\" aria-hidden=\"true\" class=\"wp-block-spacer\"><\/div>\n\n\n\n<p style=\"font-size:clamp(16.293px, 1.018rem + ((1vw - 3.2px) * 0.68), 25px);\"><strong>Me llaman calle<\/strong><\/p>\n\n\n\n<p>Me llaman Calle es un proyecto fotogr\u00e1fico centrado en el concepto de ciudad como un gran escenario por el que transitan personajes, historias y narraciones.<\/p>\n\n\n\n<p>Es fascinante observar c\u00f3mo las ciudades se unifican cuando se las despoja de aquellos elementos que son m\u00e1s representativos y la mirada se centra m\u00e1s en las historias cotidianas que en las arquitecturas extraordinarias. Son sus gentes, los escenarios y las rutinas diarias quienes dan sentido a la ciudad y construyen la esencia de su identidad.<\/p>\n\n\n\n<p>La calle es vida en estado puro: es ritmo y armon\u00eda, pero tambi\u00e9n es caos, abandono y olvido. Huimos de las luces, pero tambi\u00e9n de las sombras. Ni grandes brillos ni crudas miserias. Nos quedamos con la ciudad de las personas y de las historias, con aquellas intrahistorias de Unamuno que configuran realmente la identidad de un territorio, la identidad de la calle.<\/p>\n\n\n\n<figure class=\"wp-block-gallery has-nested-images columns-default is-cropped wp-block-gallery-1 is-layout-flex wp-block-gallery-is-layout-flex\">\n<figure class=\"wp-block-image size-large\"><img decoding=\"async\" data-id=\"9033\" src=\"https:\/\/olloatlantico.com\/wp-content\/uploads\/2024\/05\/me-llaman-calle-1.jpg?w=1024\" alt=\"\" class=\"wp-image-9033\" \/><\/figure>\n\n\n\n<figure class=\"wp-block-image size-large\"><img decoding=\"async\" data-id=\"9035\" src=\"https:\/\/olloatlantico.com\/wp-content\/uploads\/2024\/05\/me-llaman-calle-2.jpg?w=1024\" alt=\"\" class=\"wp-image-9035\" \/><\/figure>\n\n\n\n<figure class=\"wp-block-image size-large\"><img decoding=\"async\" data-id=\"9027\" src=\"https:\/\/olloatlantico.com\/wp-content\/uploads\/2024\/05\/me-llaman-calle-3.jpg?w=1024\" alt=\"\" class=\"wp-image-9027\" \/><\/figure>\n\n\n\n<figure class=\"wp-block-image size-large\"><img decoding=\"async\" data-id=\"9026\" src=\"https:\/\/olloatlantico.com\/wp-content\/uploads\/2024\/05\/me-llaman-calle-4.jpg?w=1024\" alt=\"\" class=\"wp-image-9026\" \/><\/figure>\n\n\n\n<figure class=\"wp-block-image size-large\"><img decoding=\"async\" data-id=\"9024\" src=\"https:\/\/olloatlantico.com\/wp-content\/uploads\/2024\/05\/me-llaman-calle-5.jpg?w=1024\" alt=\"\" class=\"wp-image-9024\" \/><\/figure>\n\n\n\n<figure class=\"wp-block-image size-large\"><img decoding=\"async\" data-id=\"9021\" src=\"https:\/\/olloatlantico.com\/wp-content\/uploads\/2024\/05\/me-llaman-calle-6.jpg?w=1024\" alt=\"\" class=\"wp-image-9021\" \/><\/figure>\n\n\n\n<figure class=\"wp-block-image size-large\"><img decoding=\"async\" data-id=\"9031\" src=\"https:\/\/olloatlantico.com\/wp-content\/uploads\/2024\/05\/me-llaman-calle-7.jpg?w=1024\" alt=\"\" class=\"wp-image-9031\" \/><\/figure>\n\n\n\n<figure class=\"wp-block-image size-large\"><img decoding=\"async\" data-id=\"9025\" src=\"https:\/\/olloatlantico.com\/wp-content\/uploads\/2024\/05\/me-llaman-calle-8.jpg?w=1024\" alt=\"\" class=\"wp-image-9025\" \/><\/figure>\n\n\n\n<figure class=\"wp-block-image size-large\"><img decoding=\"async\" data-id=\"9036\" src=\"https:\/\/olloatlantico.com\/wp-content\/uploads\/2024\/05\/me-llaman-calle-9.jpg?w=1024\" alt=\"\" class=\"wp-image-9036\" \/><\/figure>\n\n\n\n<figure class=\"wp-block-image size-large\"><img decoding=\"async\" data-id=\"9020\" src=\"https:\/\/olloatlantico.com\/wp-content\/uploads\/2024\/05\/me-llaman-calle-10.jpg?w=1024\" alt=\"\" class=\"wp-image-9020\" \/><\/figure>\n\n\n\n<figure class=\"wp-block-image size-large\"><img decoding=\"async\" data-id=\"9022\" src=\"https:\/\/olloatlantico.com\/wp-content\/uploads\/2024\/05\/me-llaman-calle-11.jpg?w=1024\" alt=\"\" class=\"wp-image-9022\" \/><\/figure>\n\n\n\n<figure class=\"wp-block-image size-large\"><img decoding=\"async\" data-id=\"9028\" src=\"https:\/\/olloatlantico.com\/wp-content\/uploads\/2024\/05\/me-llaman-calle-12.jpg?w=1024\" alt=\"\" class=\"wp-image-9028\" \/><\/figure>\n\n\n\n<figure class=\"wp-block-image size-large\"><img decoding=\"async\" data-id=\"9030\" src=\"https:\/\/olloatlantico.com\/wp-content\/uploads\/2024\/05\/me-llaman-calle-13.jpg?w=1024\" alt=\"\" class=\"wp-image-9030\" \/><\/figure>\n\n\n\n<figure class=\"wp-block-image size-large\"><img decoding=\"async\" data-id=\"9032\" src=\"https:\/\/olloatlantico.com\/wp-content\/uploads\/2024\/05\/me-llaman-calle-14.jpg?w=1024\" alt=\"\" class=\"wp-image-9032\" \/><\/figure>\n\n\n\n<figure class=\"wp-block-image size-large\"><img decoding=\"async\" data-id=\"9034\" src=\"https:\/\/olloatlantico.com\/wp-content\/uploads\/2024\/05\/me-llaman-calle-15.jpg?w=1024\" alt=\"\" class=\"wp-image-9034\" \/><\/figure>\n\n\n\n<figure class=\"wp-block-image size-large\"><img decoding=\"async\" data-id=\"9023\" src=\"https:\/\/olloatlantico.com\/wp-content\/uploads\/2024\/05\/me-llaman-calle-16.jpg?w=1024\" alt=\"\" class=\"wp-image-9023\" \/><\/figure>\n<\/figure>\n\n\n\n<div style=\"height:61px\" aria-hidden=\"true\" class=\"wp-block-spacer\"><\/div>\n\n\n\n<p style=\"font-size:clamp(16.293px, 1.018rem + ((1vw - 3.2px) * 0.68), 25px);\"><strong>B\u00edo<\/strong>:<\/p>\n\n\n\n<p><strong>Jorge Lens, <\/strong>Vigo, 1967.<\/p>\n\n\n\n<p><strong>Licenciado en Comunicaci\u00f3n Audiovisual<\/strong> por la Universidad Complutense de Madrid y <strong>doctor por la Universidad de Vigo,<\/strong> Jorge Lens combin\u00f3 en sus inicios su trabajo diario durante 5 a\u00f1os en el peri\u00f3dico <em>La Voz de Galicia<\/em> con la fotograf\u00eda de autor, participando en numerosas exposiciones en Galicia, como <em>Populorum Progressio<\/em> (Fotobienal de Vigo), <em>Galicia en Foco<\/em> (Ferrol), <em>Ourense en p\u00e9 de foto<\/em> (Ourense), <em>Hoxe mesmo<\/em> (Sala dos Peiraos, Vigo), <em>Vigor Mortis<\/em> (Sala Vademecwn, Vigo), <em>Chissst<\/em> (Sala Ad Hoc, Vigo), <em>O Feito Fotogr\u00e1fico<\/em> (Museo Marco, Vigo), <em>Street Art, Street Photo<\/em> (Instituto Camoens, Vigo), etc.<\/p>\n\n\n\n<p>Fuera de Galicia, ha expuesto en diversas muestras colectivas, como en el Spanish Institute (New York), Canal de Isabel II (Madrid), Feria ARCO (Madrid) y en los Centros Culturales de Espa\u00f1a en Argentina, Paraguay, Per\u00fa, Honduras, El Salvador, Rep\u00fablica Dominicana, Guatemala y otros pa\u00edses latinoamericanos.<\/p>\n\n\n\n<p>En el a\u00f1o 1997 comienza a ejercer como profesor de fotograf\u00eda en la <strong>Universidad de Vigo<\/strong> -labor que contin\u00faa ejerciendo- impartiendo docencia en el Grado de Comunicaci\u00f3n Audiovisual y en el Grado de Publicidad y RR.PP, ambos con sede en la Facultad de Comunicaci\u00f3n del Campus de Pontevedra. Su <strong>tesis doctoral<\/strong>, calificada con sobresaliente <em>cum laude<\/em> por la Universidad de Vigo, fue merecedora del Primer Premio de Investigaci\u00f3n 2003 a la mejor Tesis Doctoral en Humanidades y Ciencias Sociales convocado por la Diputaci\u00f3n Provincial de Pontevedra.<\/p>\n\n\n\n<p>Despu\u00e9s de unos a\u00f1os desvinculado de la pr\u00e1ctica fotogr\u00e1fica, desde el a\u00f1o 2016 retoma la fotograf\u00eda y comienza a desarrollar un amplio proyecto en el \u00e1mbito de la fotograf\u00eda urbana, <strong>City Blues<\/strong>, que lo ha llevado a retratar las grandes capitales europeas, exposici\u00f3n que itiner\u00f3 desde 2018 a trav\u00e9s de la red de Centros Culturales de Espa\u00f1a en Latinoam\u00e9rica y que fue cancelada debido a la irrupci\u00f3n de la pandemia en marzo de 2020. Con respecto a esta muestra, en el a\u00f1o 2018 ha publicado el cat\u00e1logo <strong>City Blues, la ciudad habitada<\/strong>, donde se recopilan las im\u00e1genes de la exposici\u00f3n.<\/p>\n\n\n\n<p>En el a\u00f1o 2019 publica <strong>El Bosque de los deseos<\/strong> junto con la escritora Ana B. G\u00f3mez, un libro infantil de cuentos ilustrado con fotograf\u00edas del autor, publicado por la editorial viguesa Lobito Bueno.<\/p>\n\n\n\n<p>En este mismo a\u00f1o (2024) inaugur\u00f3 la exposici\u00f3n <strong><em>Me llaman calle<\/em><\/strong> en la galer\u00eda Sargadelos de Vigo y <strong><em>Esclavos de nuestras sombra<\/em><\/strong> en la Asocaci\u00f3n \u00c9vame Oroza, tambi\u00e9n en Vigo, donde se establece un di\u00e1logo entre las fotograf\u00edas de Jorge Lens y los versos del escritor Carlos Oroza.<\/p>\n","protected":false},"excerpt":{"rendered":"<p>Conoc\u00ed a Jorge Lens hace relativamente poco, en una conferencia de Alberte Pereira en A Coru\u00f1a. Y la verdad, cuando me dijo que hac\u00eda foto de calle y era de Vigo, me extra\u00f1\u00f3 no conocerle, as\u00ed que a partir de entonces empec\u00e9 a seguirle. Su fotograf\u00eda urbana es sencilla, sin estridencias, sin conceptualismos, din\u00e1mica, colorida, [&hellip;]<\/p>\n","protected":false},"author":16,"featured_media":0,"parent":0,"menu_order":0,"comment_status":"closed","ping_status":"closed","template":"","meta":{"jetpack_post_was_ever_published":false,"footnotes":""},"class_list":["post-9002","page","type-page","status-publish","hentry"],"jetpack_sharing_enabled":true,"_links":{"self":[{"href":"https:\/\/www.olloatlantico.es\/index.php\/wp-json\/wp\/v2\/pages\/9002","targetHints":{"allow":["GET"]}}],"collection":[{"href":"https:\/\/www.olloatlantico.es\/index.php\/wp-json\/wp\/v2\/pages"}],"about":[{"href":"https:\/\/www.olloatlantico.es\/index.php\/wp-json\/wp\/v2\/types\/page"}],"author":[{"embeddable":true,"href":"https:\/\/www.olloatlantico.es\/index.php\/wp-json\/wp\/v2\/users\/16"}],"replies":[{"embeddable":true,"href":"https:\/\/www.olloatlantico.es\/index.php\/wp-json\/wp\/v2\/comments?post=9002"}],"version-history":[{"count":0,"href":"https:\/\/www.olloatlantico.es\/index.php\/wp-json\/wp\/v2\/pages\/9002\/revisions"}],"wp:attachment":[{"href":"https:\/\/www.olloatlantico.es\/index.php\/wp-json\/wp\/v2\/media?parent=9002"}],"curies":[{"name":"wp","href":"https:\/\/api.w.org\/{rel}","templated":true}]}}