{"id":9496,"date":"2024-10-16T00:25:13","date_gmt":"2024-10-15T22:25:13","guid":{"rendered":"https:\/\/olloatlantico.com\/?page_id=9496"},"modified":"2024-10-16T00:25:13","modified_gmt":"2024-10-15T22:25:13","slug":"sol-marino","status":"publish","type":"page","link":"https:\/\/www.olloatlantico.es\/index.php\/sol-marino\/","title":{"rendered":"Sol Mari\u00f1o"},"content":{"rendered":"\n<p>Despu\u00e9s de las vacaciones estivales, retomamos nuestras entrevistas. En esta ocasi\u00f3n vamos a ver el trabajo de una persona de nuestra ciudad: A Coru\u00f1a, la cual yo conozco desde hace muy poco tiempo. Se trata de Sol Mari\u00f1o. La conoc\u00ed con motivo de su exposici\u00f3n <strong>N\u00faas<\/strong> en el <strong>Atelier de Fotograf\u00eda<\/strong>, y sal\u00ed de alli gratamente sorprendida. Su fotograf\u00eda me atrapa, sus desnudos duros y espont\u00e1neos, en un contexto tambi\u00e9n duro y hostil, y todo ello rodeado de poes\u00eda, se me queda en la retina. \u00cdntima, desde dentro, fotograf\u00eda lo cercano. Quiero saber m\u00e1s, quiero ver m\u00e1s. Consigue que me haga preguntas, porque no me lo cuenta todo. Entonces busco, y llego a sus calendarios, y veo que trasmiten, que su fotograf\u00eda me llega. Porque como ella bien dice, hoy estamos rodeados de im\u00e1genes, pero no de fotograf\u00eda.<\/p>\n\n\n\n<figure class=\"wp-block-image size-large is-resized\"><img decoding=\"async\" src=\"https:\/\/olloatlantico.com\/wp-content\/uploads\/2024\/10\/08_a4_islandia-1.jpg?w=1024\" alt=\"\" class=\"wp-image-9577\" style=\"width:770px;height:auto\" \/><\/figure>\n\n\n\n<div style=\"height:43px\" aria-hidden=\"true\" class=\"wp-block-spacer\"><\/div>\n\n\n\n<p style=\"font-size:clamp(15.747px, 0.984rem + ((1vw - 3.2px) * 0.645), 24px);\"><strong>\u00bfDesde cuando te interesa la fotograf\u00eda?<\/strong><\/p>\n\n\n\n<figure class=\"wp-block-image alignright size-large is-resized\"><img decoding=\"async\" src=\"https:\/\/olloatlantico.com\/wp-content\/uploads\/2024\/10\/m_radiojuan02-copia-1.jpg?w=1024\" alt=\"\" class=\"wp-image-9582\" style=\"width:525px;height:auto\" \/><\/figure>\n\n\n\n<p>Los primeros recuerdos de llevar la c\u00e1mara colgando y <em>querer fotografiar<\/em> son en mi adolescencia, a mis amigas y nuestras salidas y excursiones, o tardes juntas, simplemente. Recuerdo de que ya hab\u00eda una intenci\u00f3n detr\u00e1s de aquellas fotos, alejadas de lo que ahora ser\u00eda un <em>selfie, <\/em>un deseo de querer retratar(nos) trascendiendo la pose, quiz\u00e1s ya la intenci\u00f3n de reflejar la b\u00fasqueda personal de construcci\u00f3n de la identidad de cada una y con el grupo de pertenencia como referencia, todo ello vivido tan intensamente en la adolescencia. De alg\u00fan modo algo similar a lo que contin\u00fao haciendo en algunos trabajos, como en este sentido ser\u00eda <em>N\u00daAS .nosso estranho amor.<\/em> que retrata espacios vitales y compa\u00f1erxs de vida.<\/p>\n\n\n\n<p class=\"has-text-align-left\">Llevaba los carretes a Foto Art\u00fas en Rego de Auga en A Coru\u00f1a, y recuerdo tambi\u00e9n el que ser\u00eda mi primer carrete tirado en blanco y negro en esa \u00e9poca, en una caminata que hicimos a la playa de Traba de Laxe. Recuerdo que me fascin\u00f3 ver el revelado, me parecieron muy m\u00e1gicas aquellas fotos. Y ahora que lo pienso, lo que fotografi\u00e9 en aquel entonces tiene todav\u00eda continuidad en mi fotograf\u00eda actual: las personas de mi entorno, los campos de ma\u00edz, a Costa da Morte y su intemperie.<\/p>\n\n\n\n<div style=\"height:70px\" aria-hidden=\"true\" class=\"wp-block-spacer\"><\/div>\n\n\n\n<p style=\"font-size:clamp(15.747px, 0.984rem + ((1vw - 3.2px) * 0.645), 24px);\">\u00bf<strong>Que significa para ti la fotograf\u00eda?<\/strong><\/p>\n\n\n\n<p class=\"has-text-align-left\">Es dif\u00edcil responder a esta pregunta sin pensar en lo que la fotograf\u00eda implica en sus diferentes usos en la actualidad, en esta sociedad sobresaturada de <em>imagen<\/em>, que no de <em>fotograf\u00eda<\/em>. En este sentido, considero que fotografiar, debe ser al mismo tiempo cuestionar el propio medio y nuestra relaci\u00f3n con \u00e9l. Buscar, reforzar el car\u00e1cter de lenguaje trascendente en la propia imagen\/fotograf\u00eda, fuera de su lugar comercial, especulativo.<\/p>\n\n\n\n<p>De alg\u00fan modo, que la propia imagen se trascienda a s\u00ed misma. Que nos traslade a un universo sensorial y de significados, que vayan m\u00e1s all\u00e1 de ese instante retratado.<\/p>\n\n\n\n<figure class=\"wp-block-image alignleft size-large is-resized\"><img decoding=\"async\" src=\"https:\/\/olloatlantico.com\/wp-content\/uploads\/2024\/10\/12_a_senrabotasluvas01_xun16_ben.jpg?w=689\" alt=\"\" class=\"wp-image-9503\" style=\"width:351px;height:auto\" \/><\/figure>\n\n\n\n<p>Y no puedo evitar hablar de permanencia, un deseo de que ciertos momentos permanezcan, de alg\u00fan modo\u2026 si, hay cierta nostalgia, pero entendida como resistencia y recuperaci\u00f3n de lo que transita la desaparici\u00f3n, y en este sentido puede ser tanto la naturaleza y su v\u00ednculo con ella en la vida rural, las propias herramientas de trabajo, los oficios que se van perdiendo, los alimentos, los lugares de encuentro\u2026 Lo que como sociedad vamos dejando de habitar, espacios f\u00edsicos, culturales y emocionales que desaparecen.<\/p>\n\n\n\n<p class=\"has-text-align-justify\">Tambi\u00e9n la fotograf\u00eda es para mi su potencialidad documental y antropol\u00f3gica. Esto me atrae much\u00edsimo y me genera enorme respeto. Como herramienta de lucha y denuncia, de subversi\u00f3n y reflejo de las realidades de vida m\u00e1s dif\u00edciles. Me parece sumamente dif\u00edcil hacerlo sin caer en el sensacionalismo, paternalismo o supremac\u00eda cultural, o la explotaci\u00f3n superficial de lo ex\u00f3tico.<\/p>\n\n\n\n<div style=\"height:80px\" aria-hidden=\"true\" class=\"wp-block-spacer\"><\/div>\n\n\n\n<p style=\"font-size:clamp(15.747px, 0.984rem + ((1vw - 3.2px) * 0.645), 24px);\"><strong>\u00bfQue tipo de fotograf\u00eda haces?<\/strong><\/p>\n\n\n\n<p>Anal\u00f3gica, principalmente en blanco y negro, 35 mm, deseando el medio formato. Introduciendo el digital, con Fujifilm.<\/p>\n\n\n\n<figure class=\"wp-block-image alignright size-large is-resized\"><img decoding=\"async\" src=\"https:\/\/olloatlantico.com\/wp-content\/uploads\/2024\/10\/09_m_millourroa_16x24.jpg?w=1024\" alt=\"\" class=\"wp-image-9509\" style=\"width:434px;height:auto\" \/><\/figure>\n\n\n\n<p>Luego, m\u00e1s que definiciones de mi fotograf\u00eda, encuentro deseos y b\u00fasquedas\u2026Busco la plasticidad, las texturas, que tambi\u00e9n lo abstracto impregne la imagen; y como contaba antes, que lo sensorial trascienda, una po\u00e9tica sincera, \u00edntima, sea al retratar el mundo natural, humano, rural, urbano\u2026pero que transmita desde lo simple y desde la honestidad.<\/p>\n\n\n\n<p>Y respecto a g\u00e9neros o corrientes\u2026me interesa lo indefinido o transversal. &nbsp;<\/p>\n\n\n\n<div style=\"height:83px\" aria-hidden=\"true\" class=\"wp-block-spacer\"><\/div>\n\n\n\n<p style=\"font-size:clamp(15.747px, 0.984rem + ((1vw - 3.2px) * 0.645), 24px);\"><strong>\u00bfCuales son tus principales referentes?<\/strong><\/p>\n\n\n\n<figure class=\"wp-block-image alignleft size-large is-resized\"><img decoding=\"async\" src=\"https:\/\/olloatlantico.com\/wp-content\/uploads\/2024\/10\/02_m_castinheiro01ben_42cm.jpg?w=695\" alt=\"\" class=\"wp-image-9511\" style=\"width:306px;height:auto\" \/><\/figure>\n\n\n\n<p>Francesca Woodman, Graciela Iturbide, William Klein, C.Garc\u00eda Rodero, Diane Arbus, Alberto Garc\u00eda Alix.<\/p>\n\n\n\n<p>Creo que son autorxs que reflejan aspectos de todos estos universos de los que hablaba\u2026 y que fui aprendiendo tomando conciencia de esos lugares a los que busco llegar, al verles a ellxs. &nbsp;Ese mundo intim\u00edsimo y existencial de Woodman, lo trascendente y antropol\u00f3gico de Klein o G.Alix\u2026lo po\u00e9tico y documental, tambi\u00e9n antropol\u00f3gico de Garc\u00eda Rodero\u2026<\/p>\n\n\n\n<p>Y muchxs m\u00e1s\u2026pero por elegir algunxs que se me vienen de primeras a la mente.<\/p>\n\n\n\n<div style=\"height:100px\" aria-hidden=\"true\" class=\"wp-block-spacer\"><\/div>\n\n\n\n<p style=\"font-size:clamp(15.747px, 0.984rem + ((1vw - 3.2px) * 0.645), 24px);\"><strong>\u00bfY qu\u00e9 buscas?<\/strong><\/p>\n\n\n\n<p>Creo que lo he ido respondiendo tambi\u00e9n en alguna otra pregunta.<\/p>\n\n\n\n<figure class=\"wp-block-image alignright size-large is-resized\"><img decoding=\"async\" src=\"https:\/\/olloatlantico.com\/wp-content\/uploads\/2024\/10\/09_a4_pumar.jpg?w=1024\" alt=\"\" class=\"wp-image-9514\" style=\"width:503px;height:auto\" \/><\/figure>\n\n\n\n<p>Me gusta pensar en llegar a captar lo no evidente de lo m\u00e1s rutinario, alguna esencia oculta en la rutina aparentemente banal del d\u00eda a d\u00eda, que puede esconder lo m\u00e1s esencial y originario, lo m\u00e1s simple y quiz\u00e1s trascendente al mismo tiempo.<\/p>\n\n\n\n<p>Un espacio de intimidad con lo retratado. Con mucha suerte, o m\u00e1s bien trabajo y constancia, captar alguna migaja de la esencia de lo que aquello significa\/representa\u2026y en el caso de las personas retratadas, lo que de nosotras aflora a trav\u00e9s, o fuera, de las m\u00e1scaras que vestidos.<\/p>\n\n\n\n<p>Y conseguir a nivel pl\u00e1stico y est\u00e9tico, una materialidad que acompa\u00f1e todo ello, que traiga a la imagen un mundo sensorial fuera de la racionalidad.<\/p>\n\n\n\n<div style=\"height:89px\" aria-hidden=\"true\" class=\"wp-block-spacer\"><\/div>\n\n\n\n<figure class=\"wp-block-image alignright size-large is-resized\"><img decoding=\"async\" src=\"https:\/\/olloatlantico.com\/wp-content\/uploads\/2024\/10\/05_a_helocorpovertical.jpg?w=679\" alt=\"\" class=\"wp-image-9517\" style=\"width:326px;height:auto\" \/><\/figure>\n\n\n\n<p style=\"font-size:clamp(16.293px, 1.018rem + ((1vw - 3.2px) * 0.68), 25px);\"><strong>N\u00faas<\/strong><\/p>\n\n\n\n<p class=\"has-text-align-left\"><em><strong>.nosso estranho amor.<\/strong><br>un relato de complicidade<br>luz escura e incandescente<br>ou fendas de sol nas fiestras<br>unha procura teimosa<br>no espazo af\u00edn de n\u00f3s mesmas<br>os entullos da pel<br>Obturador ben aberto<br>descascan as paredes<br>e term\u00e1monos<br>nun lume cativo<br>feito con caixas da froita<\/em><\/p>\n\n\n\n<div style=\"height:9px\" aria-hidden=\"true\" class=\"wp-block-spacer\"><\/div>\n\n\n\n<figure class=\"wp-block-image alignleft size-large is-resized\"><img decoding=\"async\" src=\"https:\/\/olloatlantico.com\/wp-content\/uploads\/2024\/10\/12_a_jonasreedit_08_borde.jpg?w=660\" alt=\"\" class=\"wp-image-9519\" style=\"width:311px;height:auto\" \/><\/figure>\n\n\n\n<figure class=\"wp-block-image alignright size-large is-resized\"><img decoding=\"async\" src=\"https:\/\/olloatlantico.com\/wp-content\/uploads\/2024\/10\/06_a_helopeitovertical1_comparar-con-2.jpg?w=692\" alt=\"\" class=\"wp-image-9521\" style=\"width:319px;height:auto\" \/><\/figure>\n\n\n\n<p>&nbsp;&nbsp;&nbsp;&nbsp;&nbsp;&nbsp;&nbsp;&nbsp;&nbsp;&nbsp;&nbsp;&nbsp;&nbsp;<em>&nbsp;&nbsp;&nbsp;&nbsp;&nbsp; <\/em><\/p>\n\n\n\n<p><\/p>\n\n\n\n<p><em>Teimos\u00eda\u2026\u2026.\/<\/em><\/p>\n\n\n\n<p><em>Teiman os corpos<\/em><\/p>\n\n\n\n<p><em>En rabu\u00f1ar os lindes<\/em><\/p>\n\n\n\n<p><em>Ou persistir<\/em><\/p>\n\n\n\n<p><em>M\u00e1is al\u00f3 da pel \u2026\u2026..\/<\/em><\/p>\n\n\n\n<p>.<em>..Teimos\u00eda<\/em><\/p>\n\n\n\n<div style=\"height:12px\" aria-hidden=\"true\" class=\"wp-block-spacer\"><\/div>\n\n\n\n<div style=\"height:15px\" aria-hidden=\"true\" class=\"wp-block-spacer\"><\/div>\n\n\n\n<figure class=\"wp-block-gallery has-nested-images columns-default is-cropped wp-block-gallery-1 is-layout-flex wp-block-gallery-is-layout-flex\">\n<figure class=\"wp-block-image size-large\"><img decoding=\"async\" data-id=\"9556\" src=\"https:\/\/olloatlantico.com\/wp-content\/uploads\/2024\/10\/01_a_grosa_reedit_01-2.jpg?w=1024\" alt=\"\" class=\"wp-image-9556\" \/><\/figure>\n\n\n\n<figure class=\"wp-block-image size-large\"><img decoding=\"async\" data-id=\"9557\" src=\"https:\/\/olloatlantico.com\/wp-content\/uploads\/2024\/10\/a_grosa_reedit_02-2.jpg?w=1024\" alt=\"\" class=\"wp-image-9557\" \/><\/figure>\n\n\n\n<figure class=\"wp-block-image size-large\"><img decoding=\"async\" data-id=\"9555\" src=\"https:\/\/olloatlantico.com\/wp-content\/uploads\/2024\/10\/18_m_boskeollos-1.jpg?w=1024\" alt=\"\" class=\"wp-image-9555\" \/><\/figure>\n\n\n\n<figure class=\"wp-block-image size-large\"><img decoding=\"async\" data-id=\"9558\" src=\"https:\/\/olloatlantico.com\/wp-content\/uploads\/2024\/10\/09b_a_trenanti01-1.jpg?w=1024\" alt=\"\" class=\"wp-image-9558\" \/><\/figure>\n<\/figure>\n\n\n\n<figure class=\"wp-block-gallery alignright has-nested-images columns-default is-cropped wp-block-gallery-2 is-layout-flex wp-block-gallery-is-layout-flex\">\n<figure class=\"wp-block-image size-large\"><img decoding=\"async\" data-id=\"9561\" src=\"https:\/\/olloatlantico.com\/wp-content\/uploads\/2024\/10\/14_m_marianomansollosx4.jpg?w=199\" alt=\"\" class=\"wp-image-9561\" \/><\/figure>\n<\/figure>\n\n\n\n<p>&nbsp;&nbsp;&nbsp;&nbsp;&nbsp;&nbsp;&nbsp;&nbsp;<\/p>\n\n\n\n<p><em>Enxergo a fenda<\/em><\/p>\n\n\n\n<p><em>A li\u00f1a dunha tatuaxe<\/em><\/p>\n\n\n\n<p>&nbsp;&nbsp;&nbsp;&nbsp;&nbsp;&nbsp;&nbsp;&nbsp;&nbsp;&nbsp;&nbsp; <em>que abre o meu corpo<\/em><\/p>\n\n\n\n<p><em>Esfarelo o espello<\/em><\/p>\n\n\n\n<p><em>E as escamas do horizonte<\/em><\/p>\n\n\n\n<p><em>Infiltr\u00e1monos no que a\u00ednda non somos<\/em><\/p>\n\n\n\n<p><em>Esvaecer en poeira<\/em><\/p>\n\n\n\n<p><\/p>\n\n\n\n<p><em>E enf\u00edo<\/em><\/p>\n\n\n\n<p>             <em>   coas<\/em><\/p>\n\n\n\n<p>                          <em>     veas<\/em><\/p>\n\n\n\n<p><\/p>\n\n\n\n<p><em>A corpo aberto<\/em><\/p>\n\n\n\n<p><em>Fun\u00e1mbula<\/em><\/p>\n\n\n\n<p><em>Os pasos<\/em><\/p>\n\n\n\n<p>&nbsp;&nbsp;&nbsp;&nbsp;<em>&nbsp; Escombro &nbsp;&nbsp;&nbsp;&nbsp;&nbsp; entullo &nbsp;&nbsp;&nbsp;&nbsp;&nbsp;&nbsp;&nbsp;&nbsp; estrelas<\/em><\/p>\n\n\n\n<p><\/p>\n\n\n\n<p><\/p>\n\n\n\n<p><\/p>\n\n\n\n<p><em>Recollo o fume das mi\u00f1as brasas<\/em><\/p>\n\n\n\n<p><em>Deixo ao clareo a saba coa que envolvo<\/em><\/p>\n\n\n\n<p>a<em>s v\u00edsceras dos meus animais subterr\u00e1neos<\/em><\/p>\n\n\n\n<p>&nbsp;&nbsp;&nbsp; &nbsp;&nbsp;&nbsp;&nbsp;&nbsp;&nbsp;&nbsp;&nbsp;&nbsp;&nbsp;&nbsp;&nbsp;&nbsp;&nbsp;&nbsp;&nbsp;&nbsp;&nbsp;&nbsp;&nbsp;&nbsp;&nbsp;&nbsp;&nbsp;&nbsp;&nbsp;&nbsp;&nbsp;&nbsp;&nbsp;&nbsp;&nbsp;&nbsp;&nbsp;&nbsp;&nbsp;&nbsp;&nbsp;&nbsp;&nbsp;&nbsp;&nbsp;&nbsp;&nbsp;&nbsp;&nbsp;&nbsp;&nbsp;&nbsp;&nbsp;&nbsp;<\/p>\n\n\n\n<p>.<\/p>\n\n\n\n<p><em>Eng\u00faleme agora<\/em><\/p>\n\n\n\n<p>&nbsp;&nbsp;&nbsp;&nbsp;&nbsp; <em>Por derradeira vez<\/em><\/p>\n\n\n\n<p><em>Deb\u00faxame a pegada do adeus<\/em><\/p>\n\n\n\n<p><em>Como cando eramos c\u00f3mplices<\/em><\/p>\n\n\n\n<p><em>Fai o que nunca fixeches<\/em><\/p>\n\n\n\n<p><em>Deixame ir<\/em><\/p>\n\n\n\n<p>&nbsp;&nbsp;&nbsp;&nbsp;&nbsp;&nbsp;&nbsp;&nbsp;&nbsp;&nbsp;&nbsp;&nbsp;&nbsp;&nbsp;&nbsp;&nbsp;&nbsp; .<\/p>\n\n\n\n<p>&nbsp;&nbsp;&nbsp;&nbsp;&nbsp;&nbsp;&nbsp;&nbsp;&nbsp;&nbsp;&nbsp;&nbsp;&nbsp;&nbsp;&nbsp;&nbsp;&nbsp;&nbsp;&nbsp;&nbsp;&nbsp;&nbsp;&nbsp;&nbsp;&nbsp;&nbsp;&nbsp;&nbsp;&nbsp;&nbsp;&nbsp;&nbsp;&nbsp;&nbsp;&nbsp;&nbsp;&nbsp;&nbsp;&nbsp;&nbsp;&nbsp;&nbsp;&nbsp;&nbsp;&nbsp;&nbsp; <\/p>\n\n\n\n<p><\/p>\n\n\n\n<p>\u2026\u2026\/<\/p>\n\n\n\n<p><em>Agarimar e rachar os propios tecidos<\/em><\/p>\n\n\n\n<p>&nbsp;&nbsp;&nbsp;&nbsp;<em>&nbsp; Riscalos con tinta e agulla<\/em><\/p>\n\n\n\n<p>&nbsp;&nbsp;&nbsp;&nbsp;&nbsp; <em>Nas escamas das paredes, o fogar<\/em><\/p>\n\n\n\n<div style=\"height:10px\" aria-hidden=\"true\" class=\"wp-block-spacer\"><\/div>\n\n\n\n<figure class=\"wp-block-gallery has-nested-images columns-default is-cropped wp-block-gallery-3 is-layout-flex wp-block-gallery-is-layout-flex\">\n<figure class=\"wp-block-image size-large\"><img decoding=\"async\" data-id=\"9586\" src=\"https:\/\/olloatlantico.com\/wp-content\/uploads\/2024\/10\/15_a_yapaborrosoporta-2.jpg?w=689\" alt=\"\" class=\"wp-image-9586\" \/><\/figure>\n\n\n\n<figure class=\"wp-block-image size-large\"><img decoding=\"async\" data-id=\"9588\" src=\"https:\/\/olloatlantico.com\/wp-content\/uploads\/2024\/10\/16_m_forquetafotomachadas-2.jpg?w=689\" alt=\"\" class=\"wp-image-9588\" \/><\/figure>\n\n\n\n<figure class=\"wp-block-image size-large\"><img decoding=\"async\" data-id=\"9587\" src=\"https:\/\/olloatlantico.com\/wp-content\/uploads\/2024\/10\/m_mansdedeia02_ben-2.jpg?w=691\" alt=\"\" class=\"wp-image-9587\" \/><\/figure>\n<\/figure>\n\n\n\n<figure class=\"wp-block-gallery has-nested-images columns-default is-cropped wp-block-gallery-4 is-layout-flex wp-block-gallery-is-layout-flex\">\n<figure class=\"wp-block-image size-large\"><img decoding=\"async\" data-id=\"9591\" src=\"https:\/\/olloatlantico.com\/wp-content\/uploads\/2024\/10\/a_noereedit_xeral01-3.jpg?w=1024\" alt=\"\" class=\"wp-image-9591\" \/><\/figure>\n<\/figure>\n\n\n\n<figure class=\"wp-block-image size-large\"><img decoding=\"async\" src=\"https:\/\/olloatlantico.com\/wp-content\/uploads\/2024\/10\/print_m_liber01-3.jpg?w=1024\" alt=\"\" class=\"wp-image-9592\" \/><\/figure>\n\n\n\n<p><strong>N\u00daAS<\/strong><\/p>\n\n\n\n<p>DESNUDAS<\/p>\n\n\n\n<p><strong>.nosso estranho amor.<\/strong><\/p>\n\n\n\n<p>.nuestro extra\u00f1o amor.<\/p>\n\n\n\n<p>Un fuerte v\u00ednculo, mucho cari\u00f1o y enorme respeto me unen a estas fotograf\u00edas. Tomadas durante catorce a\u00f1os, por territorios de Argentina, Brasil, Galicia y Portugal, sin intenciones preestablecidas, han pasado a\u00f1os hasta sacarlas a la luz.<\/p>\n\n\n\n<p>El paso del tiempo hace que se desvanezcan muchas sensaciones mientras deja que otras se agarren intensamente a la piel. A trav\u00e9s de estas fotograf\u00edas pervive en m\u00ed muy n\u00edtido, el recuerdo de un deseo compartido, una b\u00fasqueda com\u00fan llena de tes\u00f3n y empe\u00f1o: vivir(se) en libertad. B\u00fasqueda imprescindible de ser compartida, expandida y vivida m\u00e1s all\u00e1 de nosotrxs;&nbsp;aunque finalmente, es la propia piel el lugar en el que <em>tatuarse<\/em>&nbsp; la experiencia.<\/p>\n\n\n\n<p>Aqu\u00ed est\u00e1n estos cuerpos compa\u00f1erxs desnudos, reflejo de horas compartidas y de la voluntad de abrir un canal hasta alguna <em>caverna<\/em> del propio ser, enhebrar una aguja invisible para tejer con las venas un desconocido tapiz, un baile entre lo aut\u00e9ntico y la mascarada ficci\u00f3n de nosotrxs mismxs, tan dif\u00edcil de dejar atr\u00e1s.<\/p>\n\n\n\n<p>Y aqu\u00ed est\u00e1n estos espacios vitales <em>Okupados<\/em> que me vincularon con las ideas y pr\u00e1cticas anarquistas y libertarias, cuyas cocinas y rincones fueron fuegos de cuestionamientos, afinidades y b\u00fasquedas que tanto me abrigaron. Lugares desconocidos, marginalizados o despreciados por gran parte de la sociedad, donde lo abandonado se transforma en hogar y provocaci\u00f3n.<\/p>\n\n\n\n<p>Sol Mari\u00f1o, 2024<\/p>\n\n\n\n<div style=\"height:69px\" aria-hidden=\"true\" class=\"wp-block-spacer\"><\/div>\n\n\n\n<p style=\"font-size:clamp(16.834px, 1.052rem + ((1vw - 3.2px) * 0.716), 26px);\"><strong>B\u00edo<\/strong>:<\/p>\n\n\n\n<p>Me llamo Sol Rivas L\u00f3pez, y tambi\u00e9n Sol Mari\u00f1o, recuperando el apellido de linaje materna que se va perdiendo con el paso de las generaciones. Pas\u00e9 mi infancia en el entorno rural de Soneira y Costa da Morte, al noroeste de Galicia, a donde me siento fuertemente vinculada.<\/p>\n\n\n\n<p>Curso estudios secundarios en la ciudad de A Coru\u00f1a. Durante eses a\u00f1os entr\u00e9 a formar parte de un grupo de teatro amateur teniendo como maestros a Flor Maceiras y Lino Braxe, Experiencia que despert\u00f3 mi inter\u00e9s e inicios en la relaci\u00f3n a la poes\u00eda oral y perform\u00e1tica, que continuar\u00e9 desarrollando.<\/p>\n\n\n\n<p>En 2008 participo con fotograf\u00edas de mi autor\u00eda en su poemario <em>Baixo o sol de Mesina<\/em><strong> <\/strong>(acc\u00e9sit Premio de Poes\u00eda Er\u00f3tica Illas Sisargas).<\/p>\n\n\n\n<p>Estudio en Barcelona Licenciatura en Comunicaci\u00f3n Audiovisual en la universidad Pompeu Fabra y, \u00a0paralelamente, fotograf\u00eda en la Escuela FotoEspai (Poble Nou).<\/p>\n\n\n\n<p>Contin\u00fao con mi formaci\u00f3n teatral como parte del grupo independiente de teatro Humanfuzz, donde comienzo a interpretar mis propios\u00a0 textos y llevar a escena mis poemas. De esta \u00e9poca data el mon\u00f3logo Xeada, parte del cual est\u00e1 incluido en As alas da serpe, mi primer poemario publicado (Aira ed.2023)<\/p>\n\n\n\n<p>En 2009 con una beca para acabar mis estudios me voy a Buenos Aires, Argentina. Vivir\u00e9 entre Argentina y Brasil hasta 2016. Durante \u00a0siete a\u00f1os viv\u00ed de un modo bastante n\u00f3made, viajando en bicicleta y autoestop. Siempre llev\u00e9 conmigo la Nikon FM3 anal\u00f3gica con la que contin\u00fao fotografiando, manteniendo un fuerte v\u00ednculo con mi trabajo po\u00e9tico, reflejo de lo cual est\u00e1 en <em>As alas da serpe<\/em> (Ed. Aira, 23) mi primer poemario publicado, que incluye varias fotograf\u00edas.<\/p>\n\n\n\n<p>Durante a\u00f1os, uno de los modos de ganarme la vida era vender poemas y fotograf\u00edas en ferias o por las calles. Tambi\u00e9n trabaj\u00e9 como <em>estatua viva<\/em>, jornalera, vendimiadora, o cocinera. <\/p>\n\n\n\n<p>En 2016 vuelvo a Galicia. Me formo como socorrista y comienzo a trabajar en a Costa da Morte, a donde acabo mud\u00e1ndome.<\/p>\n\n\n\n<p>Comienzo a emprender el proyecto Cando Chove E Fai Sol (@candochoveefaisol), atelier multidisciplinar donde interrelaciono la fotograf\u00eda y la serigraf\u00eda, combinando ambas artes<strong> <\/strong>gr\u00e1ficas para dar lugar a dise\u00f1os propios sobre diferentes soportes, como textil o papel. Y tambi\u00e9n mi labor po\u00e9tica y pict\u00f3rica, realizando murales y talleres de pintura mural en escuelas y ayuntamientos (Corme, Malpica, Coristanco)<\/p>\n\n\n\n<p>Desde 2020 elaboro anualmente un calendario fotogr\u00e1fico, vincul\u00e1ndolo tambi\u00e9n con mi trabajo po\u00e9tico y que puedes encontrar en las feria de artes y artesan\u00eda Feir\u00f3n sen Patr\u00f3n, o en mis redes.<\/p>\n\n\n\n<p>En\u00a02021\u00a0publico en la revita\u00a0Luzes n\u00ba92, un serie de fotograf\u00edas llamada\u00a0<em>A man da n\u00e9boa<\/em><strong>.<\/strong><\/p>\n\n\n\n<p>En 2023 publico con Aira Ed. <em>As alas da serpe,<\/em><strong><em> <\/em><\/strong>poemario escrito entre los viajes por Arxentina y Brasil y mi retorno a Galicia. Parte de estas poes\u00edas dar\u00e1n lugar a la performance po\u00e9tico-musical en compa\u00f1\u00eda de los m\u00fasicos Pablo Caami\u00f1a (zanfona, guitarra) e Marta Seco (viol\u00edn e voz), un viaje \u00edntimo e intenso que desde 2023 movemos por diversos lugares de Galicia y Madrid (Librer\u00eda Enclave)<\/p>\n\n\n\n<p>Mi escrita po\u00e9tica y mi trabajo fotogr\u00e1fico est\u00e1n fuertemente ligados.<\/p>\n\n\n\n<p>En este sentido, llevo a cabo la exposici\u00f3n fotogr\u00e1fica <em>Nada me pertence, tudo faz parte de min<\/em><strong><em>,<\/em><\/strong> que se inaugura con el recital As alas da serpe. Fotograf\u00edas a modo de cartograf\u00eda del recuerdo y la fascinaci\u00f3n por los territorios y experiencias del poemario, expuesta en la Asociaci\u00f3n Alex\u00e1ndre B\u00f3veda de A Coru\u00f1a (mayo 23) y el la Asociaci\u00f3n \u00c9vame Oroza de Vigo (febrero de 24) y el Espazo Vaina de Betanzos (octubre, 24)<\/p>\n\n\n\n<p>En mayo de 24, presento en el Atelier de Fotograf\u00eda de A Coru\u00f1a la exposici\u00f3n <em>N\u00daAS .nosso estranho amor.<\/em>, desnudos de figuras humanas y espacios vitales para hablar de la construcci\u00f3n de la propia identidad en relaci\u00f3n al entorno habitado, y a trav\u00e9s de la intimidad y complicidad compartidas en el retrato. Las fotograf\u00edas dialogan con textos po\u00e9ticos y <em>performance<\/em> de poes\u00eda oral para inauguraci\u00f3n y en las visitas guiadas.<\/p>\n\n\n\n<p><\/p>\n","protected":false},"excerpt":{"rendered":"<p>Despu\u00e9s de las vacaciones estivales, retomamos nuestras entrevistas. En esta ocasi\u00f3n vamos a ver el trabajo de una persona de nuestra ciudad: A Coru\u00f1a, la cual yo conozco desde hace muy poco tiempo. Se trata de Sol Mari\u00f1o. La conoc\u00ed con motivo de su exposici\u00f3n N\u00faas en el Atelier de Fotograf\u00eda, y sal\u00ed de alli [&hellip;]<\/p>\n","protected":false},"author":16,"featured_media":0,"parent":0,"menu_order":0,"comment_status":"closed","ping_status":"closed","template":"","meta":{"jetpack_post_was_ever_published":false,"footnotes":""},"class_list":["post-9496","page","type-page","status-publish","hentry"],"jetpack_sharing_enabled":true,"_links":{"self":[{"href":"https:\/\/www.olloatlantico.es\/index.php\/wp-json\/wp\/v2\/pages\/9496","targetHints":{"allow":["GET"]}}],"collection":[{"href":"https:\/\/www.olloatlantico.es\/index.php\/wp-json\/wp\/v2\/pages"}],"about":[{"href":"https:\/\/www.olloatlantico.es\/index.php\/wp-json\/wp\/v2\/types\/page"}],"author":[{"embeddable":true,"href":"https:\/\/www.olloatlantico.es\/index.php\/wp-json\/wp\/v2\/users\/16"}],"replies":[{"embeddable":true,"href":"https:\/\/www.olloatlantico.es\/index.php\/wp-json\/wp\/v2\/comments?post=9496"}],"version-history":[{"count":0,"href":"https:\/\/www.olloatlantico.es\/index.php\/wp-json\/wp\/v2\/pages\/9496\/revisions"}],"wp:attachment":[{"href":"https:\/\/www.olloatlantico.es\/index.php\/wp-json\/wp\/v2\/media?parent=9496"}],"curies":[{"name":"wp","href":"https:\/\/api.w.org\/{rel}","templated":true}]}}